{"id":8647,"date":"2023-03-13T17:53:25","date_gmt":"2023-03-13T16:53:25","guid":{"rendered":"https:\/\/pendragongamestudio.com\/it\/?post_type=product&#038;p=8647"},"modified":"2026-01-11T20:36:32","modified_gmt":"2026-01-11T19:36:32","slug":"si-oscuro-signore-luxastra","status":"publish","type":"product","link":"https:\/\/pendragongamestudio.com\/it\/product\/si-oscuro-signore-luxastra\/","title":{"rendered":"S\u00ec Oscuro Signore, Luxastra"},"content":{"rendered":"<div class=\"wpb-content-wrapper\">[vc_row][vc_column][vc_column_text]\n<p class=\"p1\"><em>Ci\u00f2 che non sar\u00e0 salvato, sar\u00e0 purgato!<\/em><\/p>\n<p class=\"p2\">Mille fuochi fatui si illuminano, quando fai ritorno nella sala del Trono Profano dopo un\u2019altra missione andata male. Il Sovrano Piumato, primo fra i sette D\u00e8i Antichi, non ne sar\u00e0 certo compiaciuto! Presto sarai dinanzi al Suo cospetto, ed Egli ti interrogher\u00e0 su questo ennesimo fallimento.<\/p>\n<p class=\"p2\">Che fare per conservare integra la pellaccia? Magari potresti raccontargli che la colpa non \u00e8 tua, ma di quegli imbecilli dei tuoi compari? Ma s\u00ec, certo! Ecco la soluzione! C\u2019\u00e8 un solo, piccolo problema: la stessa cosa sar\u00e0 venuta in mente anche a loro.<\/p>\n<p class=\"p2\">Racconta panzane! Scarica la Colpa! Salvati dalla delusione senza piet\u00e0 del Re Corvo! Fa il suo grande ritorno S\u00ec, Oscuro Signore, party game dal tono scanzonato e umoristico, questa volta in salsa <strong>Luxastra<\/strong>: l\u2019amatissima campagna di gioco di ruolo in streaming su YouTube del gruppo di InnTale. Veloce da imparare e facile da giocare, per <strong>S\u00ec Oscuro Signore &#8211; Luxastra<\/strong> sono sufficienti alcuni amici e un po\u2019 di fantasia. Gli incompetenti e inetti servitori del Re Corvo, Dio antico dalle motivazioni imperscrutabili, dovranno giustificarsi davanti al loro Signore, inventando storie improbabili e scaricando la colpa sui loro compagni di sventura.<\/p>\n<p>Il set <strong>Luxastra<\/strong> di <strong>S\u00ec, Oscuro Signore!<\/strong> \u00a0\u00e8 un\u00a0 gioco completo che pu\u00f2 essere giocato singolarmente oppure pu\u00f2 essere combinato in un unico grande gioco con il set rosso e verde di S\u00ec, Oscuro Signore. Contiene nuovi modi di scaricare la colpa e un\u2019enorme quantit\u00e0 di nuove e bellissime carte spunto.<\/p>\n<p><em>Contiene: 121\u00a0carte spunto, 37\u00a0carte azione,\u00a07\u00a0carte occhiataccia\u00a0e 1 regolamento.<\/em>[\/vc_column_text][\/vc_column][\/vc_row]\n<\/div>","protected":false},"excerpt":{"rendered":"<p>Giocatori: 4-7<\/p>\n<p>Et\u00e0 8+<\/p>\n<p>Durata: 20-30\u00a0min<\/p>\n<p><strong>Attenzione<\/strong>: Non adatto a bambini di et\u00e0 inferiore ai 36 mesi. Contiene piccole parti, che se ingerite potrebbero provocare soffocamento.<\/p>\n<p>Fabbricato in\u00a0Polonia<\/p>\n","protected":false},"featured_media":7743,"comment_status":"open","ping_status":"closed","template":"","meta":[],"product_brand":[],"product_cat":[39],"product_tag":[13529,13913,13912,13550,13914],"class_list":{"0":"post-8647","1":"product","2":"type-product","3":"status-publish","4":"has-post-thumbnail","6":"product_cat-giochi-di-carte","7":"product_tag-gioco-di-carte","8":"product_tag-inntale","9":"product_tag-luxastra","10":"product_tag-oscuro-signore","11":"product_tag-party-game","13":"first","14":"instock","15":"taxable","16":"shipping-taxable","17":"purchasable","18":"product-type-simple"},"_links":{"self":[{"href":"https:\/\/pendragongamestudio.com\/it\/wp-json\/wp\/v2\/product\/8647","targetHints":{"allow":["GET"]}}],"collection":[{"href":"https:\/\/pendragongamestudio.com\/it\/wp-json\/wp\/v2\/product"}],"about":[{"href":"https:\/\/pendragongamestudio.com\/it\/wp-json\/wp\/v2\/types\/product"}],"replies":[{"embeddable":true,"href":"https:\/\/pendragongamestudio.com\/it\/wp-json\/wp\/v2\/comments?post=8647"}],"wp:featuredmedia":[{"embeddable":true,"href":"https:\/\/pendragongamestudio.com\/it\/wp-json\/wp\/v2\/media\/7743"}],"wp:attachment":[{"href":"https:\/\/pendragongamestudio.com\/it\/wp-json\/wp\/v2\/media?parent=8647"}],"wp:term":[{"taxonomy":"product_brand","embeddable":true,"href":"https:\/\/pendragongamestudio.com\/it\/wp-json\/wp\/v2\/product_brand?post=8647"},{"taxonomy":"product_cat","embeddable":true,"href":"https:\/\/pendragongamestudio.com\/it\/wp-json\/wp\/v2\/product_cat?post=8647"},{"taxonomy":"product_tag","embeddable":true,"href":"https:\/\/pendragongamestudio.com\/it\/wp-json\/wp\/v2\/product_tag?post=8647"}],"curies":[{"name":"wp","href":"https:\/\/api.w.org\/{rel}","templated":true}]}}