{"id":7830,"date":"2022-12-05T11:37:04","date_gmt":"2022-12-05T10:37:04","guid":{"rendered":"https:\/\/pendragongamestudio.com\/it\/?post_type=product&#038;p=7830"},"modified":"2026-02-16T11:24:37","modified_gmt":"2026-02-16T10:24:37","slug":"skytear-horde","status":"publish","type":"product","link":"https:\/\/pendragongamestudio.com\/it\/product\/skytear-horde\/","title":{"rendered":"Skytear Horde"},"content":{"rendered":"<div class=\"wm-text-block\">\n<p class=\"p1\">Abominevoli orde di mostri hanno invaso il mondo di Skytear e gli eroi dei quattro reami hanno forgiato un&#8217;alleanza per sconfiggere la minaccia comune.<\/p>\n<p class=\"p1\">Skytear ti far\u00e0 provare le sensazioni di un gioco di carte collezionabile con la convenienza di mazzi gi\u00e0 pronti e due modalit\u00e0 di gioco facili da intavolare:<\/p>\n<p>Modalit\u00e0 Solo &amp; Co-OP: Uno o due giocatori, ognuno con il proprio mazzo, combattono contro l&#8217;orda controllata dal &#8220;gioco&#8221;.<\/p>\n<p>Modalit\u00e0 Competitivo: Un giocatore controlla l&#8217;orda mentre fino a 2 giocatori compongono l&#8217;alleanza.<\/p>\n<p>Contenuto: 234 carte (63&#215;88), 1 regolamento, 50+ segnalini<\/p>\n<p>Per rimanere aggiornati sempre sul calendario di produzione dei nostri giochi, ti consigliamo di visitare questa <a href=\"https:\/\/pendragongamestudio.com\/it\/in-produzione\/\">pagina<\/a>.<\/p>\n<\/div>\n","protected":false},"excerpt":{"rendered":"<p>Giocatori: 1-3<\/p>\n<p>Et\u00e0 14+<\/p>\n<p>Durata: 30 min<\/p>\n<p><strong>Attenzione<\/strong>: Non adatto a bambini di et\u00e0 inferiore ai 36 mesi. Contiene piccole parti, che se ingerite potrebbero provocare soffocamento.<\/p>\n<p>Fabbricato in Cina<\/p>\n","protected":false},"featured_media":6922,"comment_status":"open","ping_status":"closed","template":"","meta":[],"product_brand":[],"product_cat":[39],"product_tag":[13901,13529,13900,13792],"class_list":{"0":"post-7830","1":"product","2":"type-product","3":"status-publish","4":"has-post-thumbnail","6":"product_cat-giochi-di-carte","7":"product_tag-1v1","8":"product_tag-gioco-di-carte","9":"product_tag-skytear","10":"product_tag-solitario","12":"first","13":"instock","14":"taxable","15":"shipping-taxable","16":"purchasable","17":"product-type-simple"},"_links":{"self":[{"href":"https:\/\/pendragongamestudio.com\/it\/wp-json\/wp\/v2\/product\/7830","targetHints":{"allow":["GET"]}}],"collection":[{"href":"https:\/\/pendragongamestudio.com\/it\/wp-json\/wp\/v2\/product"}],"about":[{"href":"https:\/\/pendragongamestudio.com\/it\/wp-json\/wp\/v2\/types\/product"}],"replies":[{"embeddable":true,"href":"https:\/\/pendragongamestudio.com\/it\/wp-json\/wp\/v2\/comments?post=7830"}],"wp:featuredmedia":[{"embeddable":true,"href":"https:\/\/pendragongamestudio.com\/it\/wp-json\/wp\/v2\/media\/6922"}],"wp:attachment":[{"href":"https:\/\/pendragongamestudio.com\/it\/wp-json\/wp\/v2\/media?parent=7830"}],"wp:term":[{"taxonomy":"product_brand","embeddable":true,"href":"https:\/\/pendragongamestudio.com\/it\/wp-json\/wp\/v2\/product_brand?post=7830"},{"taxonomy":"product_cat","embeddable":true,"href":"https:\/\/pendragongamestudio.com\/it\/wp-json\/wp\/v2\/product_cat?post=7830"},{"taxonomy":"product_tag","embeddable":true,"href":"https:\/\/pendragongamestudio.com\/it\/wp-json\/wp\/v2\/product_tag?post=7830"}],"curies":[{"name":"wp","href":"https:\/\/api.w.org\/{rel}","templated":true}]}}