{"id":7669,"date":"2022-10-12T12:34:05","date_gmt":"2022-10-12T10:34:05","guid":{"rendered":"https:\/\/www.pendragongamestudio.com\/it\/?post_type=product&#038;p=7669"},"modified":"2025-04-09T14:34:39","modified_gmt":"2025-04-09T12:34:39","slug":"mosaic-standard-edition","status":"publish","type":"product","link":"https:\/\/pendragongamestudio.com\/it\/product\/mosaic-standard-edition\/","title":{"rendered":"Mosaic Standard edition"},"content":{"rendered":"<p class=\"p1\">Un gioco di sviluppo di civilt\u00e0, con tutto ci\u00f2 che vi aspettate dal genere: Tecnologie, Meraviglie, Citt\u00e0, Leader con abilit\u00e0 uniche, Risorse e Merci, Et\u00e0 dell&#8217;Oro, Traguardi Epici, Forme di Governo e molto altro.<\/p>\n<p>In Mosaic, guiderete un&#8217;antica civilt\u00e0 fin dalla sua fondazione. Le vostre decisioni determineranno se fiorir\u00e0 e sar\u00e0 ricordata come la pi\u00f9 grande civilt\u00e0 della storia o se vaciller\u00e0 e si perder\u00e0 tra le sabbie dell tempo. Sarete VOI, con ogni decisione, a controllare il destino della vostra civilt\u00e0.<\/p>\n<p class=\"p1\"><strong>CONTENUTO<\/strong>: 1 Tabellone, 6 plance giocatore, 196 carte, 39 tessere grandi, 555 tessere piccole, 60 cubetti in legno, 1 segnalino primo giocatore extra large in legno, 1 regolamento. <strong>Attenzione:<\/strong> diversamente da quanto indicato sul regolamento le tessere merce &#8216;piene&#8217; 68, quelle &#8216;X&#8217; 80.<\/p>\n","protected":false},"excerpt":{"rendered":"<p>Giocatori: 2-6<\/p>\n<p>Et\u00e0 14+<\/p>\n<p>Durata: 120 min<\/p>\n<p><strong>Attenzione<\/strong>: Non adatto a bambini di et\u00e0 inferiore ai 36 mesi. Contiene piccole parti, che se ingerite potrebbero provocare soffocamento.<\/p>\n<p>Fabbricato in Cina<\/p>\n","protected":false},"featured_media":6276,"comment_status":"open","ping_status":"closed","template":"","meta":[],"product_brand":[],"product_cat":[38],"product_tag":[13883,13674,13882],"class_list":{"0":"post-7669","1":"product","2":"type-product","3":"status-publish","4":"has-post-thumbnail","6":"product_cat-giochi-da-tavolo","7":"product_tag-forbidden-games","8":"product_tag-glenn-drover","9":"product_tag-mosaic","11":"first","12":"instock","13":"taxable","14":"shipping-taxable","15":"purchasable","16":"product-type-simple"},"_links":{"self":[{"href":"https:\/\/pendragongamestudio.com\/it\/wp-json\/wp\/v2\/product\/7669","targetHints":{"allow":["GET"]}}],"collection":[{"href":"https:\/\/pendragongamestudio.com\/it\/wp-json\/wp\/v2\/product"}],"about":[{"href":"https:\/\/pendragongamestudio.com\/it\/wp-json\/wp\/v2\/types\/product"}],"replies":[{"embeddable":true,"href":"https:\/\/pendragongamestudio.com\/it\/wp-json\/wp\/v2\/comments?post=7669"}],"wp:featuredmedia":[{"embeddable":true,"href":"https:\/\/pendragongamestudio.com\/it\/wp-json\/wp\/v2\/media\/6276"}],"wp:attachment":[{"href":"https:\/\/pendragongamestudio.com\/it\/wp-json\/wp\/v2\/media?parent=7669"}],"wp:term":[{"taxonomy":"product_brand","embeddable":true,"href":"https:\/\/pendragongamestudio.com\/it\/wp-json\/wp\/v2\/product_brand?post=7669"},{"taxonomy":"product_cat","embeddable":true,"href":"https:\/\/pendragongamestudio.com\/it\/wp-json\/wp\/v2\/product_cat?post=7669"},{"taxonomy":"product_tag","embeddable":true,"href":"https:\/\/pendragongamestudio.com\/it\/wp-json\/wp\/v2\/product_tag?post=7669"}],"curies":[{"name":"wp","href":"https:\/\/api.w.org\/{rel}","templated":true}]}}