{"id":7624,"date":"2022-09-14T17:24:44","date_gmt":"2022-09-14T15:24:44","guid":{"rendered":"https:\/\/www.pendragongamestudio.com\/it\/?post_type=product&#038;p=7624"},"modified":"2025-09-08T09:04:41","modified_gmt":"2025-09-08T07:04:41","slug":"eleven-eventi-inaspettati","status":"publish","type":"product","link":"https:\/\/pendragongamestudio.com\/it\/product\/eleven-eventi-inaspettati\/","title":{"rendered":"Eleven &#8211; Eventi inaspettati"},"content":{"rendered":"<p class=\"p1\"><em>\u201dQualunque cosa accada, c\u2019\u00e8 sempre qualcosa che avresti potuto fare meglio. Segna due gol e sentirai che avresti potuto segnarne un terzo. \u00c8 questo che ti fa progredire nella vita\u201d<\/em><\/p>\n<p class=\"p1\"><em>Eric Cantona<\/em><\/p>\n<p class=\"p1\">Questa espansione introduce due nuove meccaniche: in ogni partita affronterete diversi eventi e li risolverete in base alle tipologie dei vostri calciatori. Dovrete pensarci due volte se ingaggiare o meno calciatori con ginocchia fragili o dei colpitori di testa. La seconda nuova meccanica \u00e8 la reputazione, che potrete guadagnare risolvendo gli incontri con la dirigenza e gli eventi inaspettati. La reputazione vi fa accedere ad abilit\u00e0 pi\u00f9 potenti, ma \u00e8 molto facile perderla.<\/p>\n<p class=\"p2\">Affronta gli eventi inaspettati e dimostra che la tua squadra \u00e8 in grado di gestire situazioni come queste.<\/p>\n<p class=\"p2\"><strong>CONTENUTO<\/strong>: 36 carte eventi inaspettati, 14 carte incontro dirigenza, 1 plancia reputazione, 9 segnalini reputazione, 1 regolamento.<\/p>\n<p class=\"p4\">Nota: Questa \u00e8 un\u2019espansione, richiede una copia della scatola base di Eleven per poter giocare.<\/p>\n","protected":false},"excerpt":{"rendered":"<p>Giocatori: 1-4<\/p>\n<p>Et\u00e0 14+<\/p>\n<p>Durata: 90+ min<\/p>\n<p><strong>Attenzione<\/strong>: Non adatto a bambini di et\u00e0 inferiore ai 36 mesi. Contiene piccole parti, che se ingerite potrebbero provocare soffocamento.<\/p>\n<p>Fabbricato in Cina<\/p>\n","protected":false},"featured_media":7013,"comment_status":"open","ping_status":"closed","template":"","meta":[],"product_brand":[],"product_cat":[38,43],"product_tag":[13879,13881,13880],"class_list":{"0":"post-7624","1":"product","2":"type-product","3":"status-publish","4":"has-post-thumbnail","6":"product_cat-giochi-da-tavolo","7":"product_cat-exclusives","8":"product_tag-calcio","9":"product_tag-eleven","10":"product_tag-portal","12":"first","13":"instock","14":"taxable","15":"shipping-taxable","16":"purchasable","17":"product-type-simple"},"_links":{"self":[{"href":"https:\/\/pendragongamestudio.com\/it\/wp-json\/wp\/v2\/product\/7624","targetHints":{"allow":["GET"]}}],"collection":[{"href":"https:\/\/pendragongamestudio.com\/it\/wp-json\/wp\/v2\/product"}],"about":[{"href":"https:\/\/pendragongamestudio.com\/it\/wp-json\/wp\/v2\/types\/product"}],"replies":[{"embeddable":true,"href":"https:\/\/pendragongamestudio.com\/it\/wp-json\/wp\/v2\/comments?post=7624"}],"wp:featuredmedia":[{"embeddable":true,"href":"https:\/\/pendragongamestudio.com\/it\/wp-json\/wp\/v2\/media\/7013"}],"wp:attachment":[{"href":"https:\/\/pendragongamestudio.com\/it\/wp-json\/wp\/v2\/media?parent=7624"}],"wp:term":[{"taxonomy":"product_brand","embeddable":true,"href":"https:\/\/pendragongamestudio.com\/it\/wp-json\/wp\/v2\/product_brand?post=7624"},{"taxonomy":"product_cat","embeddable":true,"href":"https:\/\/pendragongamestudio.com\/it\/wp-json\/wp\/v2\/product_cat?post=7624"},{"taxonomy":"product_tag","embeddable":true,"href":"https:\/\/pendragongamestudio.com\/it\/wp-json\/wp\/v2\/product_tag?post=7624"}],"curies":[{"name":"wp","href":"https:\/\/api.w.org\/{rel}","templated":true}]}}