{"id":6831,"date":"2022-02-03T16:52:27","date_gmt":"2022-02-03T15:52:27","guid":{"rendered":"https:\/\/www.pendragongamestudio.com\/it\/?post_type=product&#038;p=6831"},"modified":"2026-01-24T09:04:32","modified_gmt":"2026-01-24T08:04:32","slug":"the-thing-avamposto-norvegese","status":"publish","type":"product","link":"https:\/\/pendragongamestudio.com\/it\/product\/the-thing-avamposto-norvegese\/","title":{"rendered":"The Thing &#8211; Avamposto Norvegese"},"content":{"rendered":"<p>L&#8217;avamposto norvegese \u00e8 sotto attacco, siete pronti ad affrontare la minaccia aliena?<\/p>\n<p>The Thing &#8211; Avamposto Norvegese \u00e8 un&#8217;espansione per 4-8 giocatori che vi catapulta all&#8217;interno degli eventi del prequel cinematografico dell&#8217;acclamato The Thing.<\/p>\n<p>Avamposto Norvegese espande l&#8217;esperienza di The Thing &#8211; Il Gioco da Tavolo con una serie di nuove meccaniche, in grado di trasmettere ai giocatori ancora pi\u00f9 tensioni e opportunit\u00e0 strategiche. Grazie ad una nuova tipologia di Test e alla presenza della fuga in solitaria dall&#8217;avamposto, le strategie per affrontare la minaccia aliena sono ancora pi\u00f9 decisive. Inoltre, grazie alla presenza dell&#8217;iconico UFO, l&#8217;alieno avr\u00e0 a disposizione un nuovo e potente strumento per mettere gli umani in difficolt\u00e0!<\/p>\n<p><em><strong>Contenuto<\/strong>: 1 tabellone, 1 plancia UFO, 7 carte arma, 16 carte dentatura, 4 carte oggetto, 1 carta luogo, 8 carte sezione UFO, 5 carte sequenza di lancio, 9 segnalini PNG, 22 segnalini sequenza di lancio, 8 schede personaggio, 1 alieno sagomato, 8 personaggi sagomati, 4 PNG sagomati.<\/em><\/p>\n<p>&nbsp;<\/p>\n","protected":false},"excerpt":{"rendered":"<p>Giocatori: 4-8<\/p>\n<p>Et\u00e0 13+<\/p>\n<p>Durata: 60-120 min<\/p>\n<p><strong>Attenzione<\/strong>: Non adatto a bambini di et\u00e0 inferiore ai 36 mesi. Contiene piccole parti, che se ingerite potrebbero provocare soffocamento.<\/p>\n<p>Fabbricato in Cina<\/p>\n","protected":false},"featured_media":6827,"comment_status":"open","ping_status":"closed","template":"","meta":[],"product_brand":[],"product_cat":[38],"product_tag":[13862,13863,13525,13864,13860,13861,13859],"class_list":{"0":"post-6831","1":"product","2":"type-product","3":"status-publish","4":"has-post-thumbnail","6":"product_cat-giochi-da-tavolo","7":"product_tag-alieno","8":"product_tag-andrea-crespi","9":"product_tag-gioco-da-tavolo","10":"product_tag-giuseppe-cicero","11":"product_tag-john-carpenter","12":"product_tag-kurt-russel","13":"product_tag-the-thing","15":"first","16":"outofstock","17":"taxable","18":"shipping-taxable","19":"purchasable","20":"product-type-simple"},"_links":{"self":[{"href":"https:\/\/pendragongamestudio.com\/it\/wp-json\/wp\/v2\/product\/6831","targetHints":{"allow":["GET"]}}],"collection":[{"href":"https:\/\/pendragongamestudio.com\/it\/wp-json\/wp\/v2\/product"}],"about":[{"href":"https:\/\/pendragongamestudio.com\/it\/wp-json\/wp\/v2\/types\/product"}],"replies":[{"embeddable":true,"href":"https:\/\/pendragongamestudio.com\/it\/wp-json\/wp\/v2\/comments?post=6831"}],"wp:featuredmedia":[{"embeddable":true,"href":"https:\/\/pendragongamestudio.com\/it\/wp-json\/wp\/v2\/media\/6827"}],"wp:attachment":[{"href":"https:\/\/pendragongamestudio.com\/it\/wp-json\/wp\/v2\/media?parent=6831"}],"wp:term":[{"taxonomy":"product_brand","embeddable":true,"href":"https:\/\/pendragongamestudio.com\/it\/wp-json\/wp\/v2\/product_brand?post=6831"},{"taxonomy":"product_cat","embeddable":true,"href":"https:\/\/pendragongamestudio.com\/it\/wp-json\/wp\/v2\/product_cat?post=6831"},{"taxonomy":"product_tag","embeddable":true,"href":"https:\/\/pendragongamestudio.com\/it\/wp-json\/wp\/v2\/product_tag?post=6831"}],"curies":[{"name":"wp","href":"https:\/\/api.w.org\/{rel}","templated":true}]}}