{"id":6702,"date":"2021-11-29T16:53:28","date_gmt":"2021-11-29T15:53:28","guid":{"rendered":"https:\/\/www.pendragongamestudio.com\/it\/?post_type=product&#038;p=6702"},"modified":"2025-12-01T00:00:09","modified_gmt":"2025-11-30T23:00:09","slug":"frostpunk","status":"publish","type":"product","link":"https:\/\/pendragongamestudio.com\/it\/product\/frostpunk\/","title":{"rendered":"Frostpunk"},"content":{"rendered":"<p>Frostpunk: Il Gioco da Tavolo \u00e8 ambientato in un XIX secolo gelido e post apocalittico. La sopravvivenza \u00e8 possibile solo grazie alla tecnologia a vapore e al suo esempio pi\u00f9 avanzato, il Generatore, il cui calore \u00e8 fonte di vita per ci\u00f2 che resta dell\u2019umanit\u00e0. In qualit\u00e0 di Consiglieri di quella che \u00e8 forse l\u2019ultima citt\u00e0 al mondo, il vostro obiettivo principale sar\u00e0 quello di assicurare la sopravvivenza alla Citt\u00e0 e ai suoi Cittadini in scenari sempre diversi, dove l\u2019unica costante \u00e8 il gelo. Questo gioco \u00e8 l&#8217;adattamento dell&#8217;omonimo videogame creato da 11 Bit Studios SA.<\/p>\n<p>Per sopravvivere dovrete costantemente bilanciare le vostre decisioni tra gestire e sviluppare la citt\u00e0 e mantenere alto il morale e l\u2019umore dei suoi cittadini. Dopo l\u2019apocalisse da raffreddamento globale, la sola fonte di calore \u00e8 rappresentata dal Generatore al centro della citt\u00e0. Se lo trascurerete, provocherete uno sterminio di massa per congelamento. Dovrete considerare le conseguenze delle vostre decisioni, non solo nell\u2019immediato, ma anche per il futuro. Alcune delle decisioni che dovrete affrontare saranno contrarie alla vostra morale, e alcune delle leggi che dovrete introdurre potranno sembrare severe, o persino crudeli. Fino a dove arriverete per assicurare la sopravvivenza dell\u2019ultima citt\u00e0 al mondo?<\/p>\n","protected":false},"excerpt":{"rendered":"<p>Giocatori: 1-4<\/p>\n<p>Et\u00e0 16+<\/p>\n<p>Durata: 60+ min<\/p>\n<p><strong>Attenzione<\/strong>: Non adatto a bambini di et\u00e0 inferiore ai 36 mesi. Contiene piccole parti, che se ingerite potrebbero provocare soffocamento.<\/p>\n<p>Fabbricato in Polonia<\/p>\n","protected":false},"featured_media":6703,"comment_status":"open","ping_status":"closed","template":"","meta":[],"product_brand":[],"product_cat":[13793,38],"product_tag":[13799,13798,13839],"class_list":{"0":"post-6702","1":"product","2":"type-product","3":"status-publish","4":"has-post-thumbnail","6":"product_cat-offerte","7":"product_cat-giochi-da-tavolo","8":"product_tag-11-bit","9":"product_tag-frostpunk","10":"product_tag-sopravvivenza","12":"first","13":"instock","14":"taxable","15":"shipping-taxable","16":"purchasable","17":"product-type-simple"},"_links":{"self":[{"href":"https:\/\/pendragongamestudio.com\/it\/wp-json\/wp\/v2\/product\/6702","targetHints":{"allow":["GET"]}}],"collection":[{"href":"https:\/\/pendragongamestudio.com\/it\/wp-json\/wp\/v2\/product"}],"about":[{"href":"https:\/\/pendragongamestudio.com\/it\/wp-json\/wp\/v2\/types\/product"}],"replies":[{"embeddable":true,"href":"https:\/\/pendragongamestudio.com\/it\/wp-json\/wp\/v2\/comments?post=6702"}],"wp:featuredmedia":[{"embeddable":true,"href":"https:\/\/pendragongamestudio.com\/it\/wp-json\/wp\/v2\/media\/6703"}],"wp:attachment":[{"href":"https:\/\/pendragongamestudio.com\/it\/wp-json\/wp\/v2\/media?parent=6702"}],"wp:term":[{"taxonomy":"product_brand","embeddable":true,"href":"https:\/\/pendragongamestudio.com\/it\/wp-json\/wp\/v2\/product_brand?post=6702"},{"taxonomy":"product_cat","embeddable":true,"href":"https:\/\/pendragongamestudio.com\/it\/wp-json\/wp\/v2\/product_cat?post=6702"},{"taxonomy":"product_tag","embeddable":true,"href":"https:\/\/pendragongamestudio.com\/it\/wp-json\/wp\/v2\/product_tag?post=6702"}],"curies":[{"name":"wp","href":"https:\/\/api.w.org\/{rel}","templated":true}]}}