{"id":6617,"date":"2021-10-21T17:17:42","date_gmt":"2021-10-21T15:17:42","guid":{"rendered":"https:\/\/www.pendragongamestudio.com\/it\/?post_type=product&#038;p=6617"},"modified":"2025-12-07T23:02:08","modified_gmt":"2025-12-07T22:02:08","slug":"diabolik-storie-la-lama-della-vendetta","status":"publish","type":"product","link":"https:\/\/pendragongamestudio.com\/it\/product\/diabolik-storie-la-lama-della-vendetta\/","title":{"rendered":"Diabolik Storie &#8211; La Lama della Vendetta"},"content":{"rendered":"<div class=\"wm-text-block\">\n<p class=\"p1\">Diabolik Storie &#8211; La Lama della Vendetta \u00e8 un gioco collaborativo a tema crime, in cui \u00e8 possibile impersonare il noto personaggio dei fumetti e la sua compagna Eva Kant. I giocatori devono collaborare per portare a termine un colpo, rivivendo in modo interattivo la storia dell\u2019omonimo albo a fumetti uscito nell\u2019aprile del 2018, il cui straordinario successo ha dato origine a un sequel. Come? Usando i noti gadget del Re del Terrore come maschere, pugnali e la sua inconfondibile Jaguar, interagendo con i personaggi della storia e stando attenti a evitare la polizia guidata dal commissario Ginko.<\/p>\n<p class=\"p1\">Ma Diabolik Storie non \u00e8 solo un gioco di carte a s\u00e9 stante: pu\u00f2 essere infatti utilizzato per espandere e approfondire l\u2019esperienza del gioco da tavolo Diabolik Colpi e Crimini, diventando un\u2019espansione a tutti gli effetti.<\/p>\n<\/div>\n","protected":false},"excerpt":{"rendered":"<p>Giocatori: 1-2<\/p>\n<p>Et\u00e0 13+<\/p>\n<p>Durata: 60 min<\/p>\n<p><strong>Attenzione<\/strong>: Non adatto a bambini di et\u00e0 inferiore ai 36 mesi. Contiene piccole parti, che se ingerite potrebbero provocare soffocamento.<\/p>\n<p>Fabbricato in Cina<\/p>\n","protected":false},"featured_media":6609,"comment_status":"open","ping_status":"closed","template":"","meta":[],"product_brand":[],"product_cat":[39],"product_tag":[13834,13737,13832,13529,13833,13792],"class_list":{"0":"post-6617","1":"product","2":"type-product","3":"status-publish","4":"has-post-thumbnail","6":"product_cat-giochi-di-carte","7":"product_tag-astorina","8":"product_tag-diabolik","9":"product_tag-diabolik-storie","10":"product_tag-gioco-di-carte","11":"product_tag-luca-maragno","12":"product_tag-solitario","14":"first","15":"instock","16":"taxable","17":"shipping-taxable","18":"purchasable","19":"product-type-simple"},"_links":{"self":[{"href":"https:\/\/pendragongamestudio.com\/it\/wp-json\/wp\/v2\/product\/6617","targetHints":{"allow":["GET"]}}],"collection":[{"href":"https:\/\/pendragongamestudio.com\/it\/wp-json\/wp\/v2\/product"}],"about":[{"href":"https:\/\/pendragongamestudio.com\/it\/wp-json\/wp\/v2\/types\/product"}],"replies":[{"embeddable":true,"href":"https:\/\/pendragongamestudio.com\/it\/wp-json\/wp\/v2\/comments?post=6617"}],"wp:featuredmedia":[{"embeddable":true,"href":"https:\/\/pendragongamestudio.com\/it\/wp-json\/wp\/v2\/media\/6609"}],"wp:attachment":[{"href":"https:\/\/pendragongamestudio.com\/it\/wp-json\/wp\/v2\/media?parent=6617"}],"wp:term":[{"taxonomy":"product_brand","embeddable":true,"href":"https:\/\/pendragongamestudio.com\/it\/wp-json\/wp\/v2\/product_brand?post=6617"},{"taxonomy":"product_cat","embeddable":true,"href":"https:\/\/pendragongamestudio.com\/it\/wp-json\/wp\/v2\/product_cat?post=6617"},{"taxonomy":"product_tag","embeddable":true,"href":"https:\/\/pendragongamestudio.com\/it\/wp-json\/wp\/v2\/product_tag?post=6617"}],"curies":[{"name":"wp","href":"https:\/\/api.w.org\/{rel}","templated":true}]}}