{"id":6476,"date":"2021-08-26T10:43:14","date_gmt":"2021-08-26T08:43:14","guid":{"rendered":"https:\/\/www.pendragongamestudio.com\/it\/?post_type=product&#038;p=6476"},"modified":"2025-09-01T13:35:26","modified_gmt":"2025-09-01T11:35:26","slug":"kemet","status":"publish","type":"product","link":"https:\/\/pendragongamestudio.com\/it\/product\/kemet\/","title":{"rendered":"Kemet"},"content":{"rendered":"<div class=\"wm-text-block\">\n<p class=\"p1\">Nell\u2019epoca mitica dell\u2019Antico Egitto, potenti divinit\u00e0 schierano le loro forze in epiche battaglie per il dominio delle terre, con l\u2019obiettivo di annientare tutti le divinit\u00e0 avversarie e guadagnare cos\u00ec l\u2019eterna devozione del popolo Egizio!<\/p>\n<p class=\"p1\">In Kemet ciascun giocatore controller\u00e0 una divinit\u00e0 egizia \u2013 Anubis, Bastet, Horus, Uadjet, o Sobek \u2013 impegnata in una lotta per il potere utilizzando i propri eserciti. Il giocatore che alla fine della partita avr\u00e0 guadagnato pi\u00f9 punti fama sar\u00e0 il vincitore.<\/p>\n<p class=\"p1\">Seconda edizione di un \u201cclassico\u201d di scontro tra eserciti che gi\u00e0 aveva riscosso grande successo di pubblico e di critica, questa edizione \u00e8 arricchita da splendide miniature e nuove illustrazioni.<\/p>\n<p>&nbsp;<\/p>\n<\/div>\n","protected":false},"excerpt":{"rendered":"<p style=\"margin-top: 1.62em;\"><em>Contenuto: 1 tabellone di gioco, 64 tessere Potere, 10 miniature Creature, 6 miniature Mercenari, 60 miniature Unit\u00e0, 3 Piramidi, costituita da 3 parti, 20 cuspidi, 5 plance individuali, 1 tracciato punteggio e ordini di turno, 2 sagome Tempesta, 38 carte intervento Divino, 42 carte Battaglia, 5 aiuti di gioco, 45 segnalini Azione e Indicatori, 125 segnalini.<\/em><\/p>\n<p style=\"margin-top: 1.62em;\">Giocatori: 2-5<\/p>\n<p>Et\u00e0 14+<\/p>\n<p>Durata: 90 min<\/p>\n<p><strong>Attenzione<\/strong>: Non adatto a bambini di et\u00e0 inferiore ai 36 mesi. Contiene piccole parti, che se ingerite potrebbero provocare soffocamento.<\/p>\n<p>Fabbricato in Cina<\/p>\n","protected":false},"featured_media":5285,"comment_status":"open","ping_status":"closed","template":"","meta":[],"product_brand":[],"product_cat":[38],"product_tag":[13814,13525,13812,13813],"class_list":{"0":"post-6476","1":"product","2":"type-product","3":"status-publish","4":"has-post-thumbnail","6":"product_cat-giochi-da-tavolo","7":"product_tag-egitto","8":"product_tag-gioco-da-tavolo","9":"product_tag-kemet","10":"product_tag-matagot","12":"first","13":"outofstock","14":"taxable","15":"shipping-taxable","16":"purchasable","17":"product-type-simple"},"_links":{"self":[{"href":"https:\/\/pendragongamestudio.com\/it\/wp-json\/wp\/v2\/product\/6476","targetHints":{"allow":["GET"]}}],"collection":[{"href":"https:\/\/pendragongamestudio.com\/it\/wp-json\/wp\/v2\/product"}],"about":[{"href":"https:\/\/pendragongamestudio.com\/it\/wp-json\/wp\/v2\/types\/product"}],"replies":[{"embeddable":true,"href":"https:\/\/pendragongamestudio.com\/it\/wp-json\/wp\/v2\/comments?post=6476"}],"wp:featuredmedia":[{"embeddable":true,"href":"https:\/\/pendragongamestudio.com\/it\/wp-json\/wp\/v2\/media\/5285"}],"wp:attachment":[{"href":"https:\/\/pendragongamestudio.com\/it\/wp-json\/wp\/v2\/media?parent=6476"}],"wp:term":[{"taxonomy":"product_brand","embeddable":true,"href":"https:\/\/pendragongamestudio.com\/it\/wp-json\/wp\/v2\/product_brand?post=6476"},{"taxonomy":"product_cat","embeddable":true,"href":"https:\/\/pendragongamestudio.com\/it\/wp-json\/wp\/v2\/product_cat?post=6476"},{"taxonomy":"product_tag","embeddable":true,"href":"https:\/\/pendragongamestudio.com\/it\/wp-json\/wp\/v2\/product_tag?post=6476"}],"curies":[{"name":"wp","href":"https:\/\/api.w.org\/{rel}","templated":true}]}}