{"id":5044,"date":"2020-05-21T09:42:47","date_gmt":"2020-05-21T07:42:47","guid":{"rendered":"https:\/\/www.pendragongamestudio.com\/it\/?post_type=product&#038;p=5044"},"modified":"2026-01-16T10:15:47","modified_gmt":"2026-01-16T09:15:47","slug":"this-war-of-mine-sotto-assedio","status":"publish","type":"product","link":"https:\/\/pendragongamestudio.com\/it\/product\/this-war-of-mine-sotto-assedio\/","title":{"rendered":"This War of Mine: Sotto Assedio"},"content":{"rendered":"<p class=\"p1\">La tensione e la paura sono palpabili a Pogoren. I soldati delle forze di occupazione continuano a scomparire, le unit\u00e0 della milizia si nascondono negli edifici abbandonati e i cittadini angosciati si preparano al peggio. Sembra che stia per scoppiare un altro conflitto. Nessuno sa chi attaccher\u00e0 per primo e le forze internazionali di pace rimangono freddamente neutrali. Gli orfani sono sempre pi\u00f9 numerosi, perch\u00e9 gli stenti e la violenza continuano a uccidere gli adulti. I giocatori saranno disposti a rischiare la loro sopravvivenza per aiutare i bambini?<\/p>\n<p class=\"p1\">In questa seconda espasione per This War of Mine, i giocatori si troveranno coinvolti in uno scontro senza quartiere all\u2019interno della citt\u00e0. Nel corso di tre intensi Atti della Campagna di Guerra \u201cSenza Speranza\u201d, i giocatori non solo dovranno trovare il modo di sopravvivere al nuovo assedio, ma anche affrontare il caos e la brutalit\u00e0 di una guerra senza fine.<\/p>\n<p class=\"p1\">Inoltre il modulo Orfani di Guerra, che introduce i bambini senza famiglia, porter\u00e0 l\u2019esperienza di gioco a un nuovo livello, cos\u00ec come nuovi Luoghi arricchiranno ogni Scenario e ogni Campagna del gioco base e delle altre espansioni. I venti di guerra soffiano verso di voi. Riuscirete a resistere?<\/p>\n<p class=\"textbox\" dir=\"ltr\"><em><strong>Contenuto<\/strong>: Diaro di Guerra II, 1 Campagna di Guerra in 3 Atti con 5 schede, 1 Scheda riepilogo, 100 carte, 1 Plancia con mappa della citt\u00e0, 6 dischetti in plastica per miniature, 7 miniature in plastica, 57 segnalini assortiti.<\/em><\/p>\n","protected":false},"excerpt":{"rendered":"<p>Giocatori:\u00a01-6<\/p>\n<p>Et\u00e0 18+<\/p>\n<p>Durata: 45 &#8211; 120 Minuti<\/p>\n<p><strong>Attenzione<\/strong>: Non adatto a bambini di et\u00e0 inferiore ai 36 mesi. Contiene piccole parti, che se ingerite potrebbero provocare soffocamento.<\/p>\n","protected":false},"featured_media":5014,"comment_status":"open","ping_status":"closed","template":"","meta":[],"product_brand":[],"product_cat":[13793,38],"product_tag":[13525,186],"class_list":{"0":"post-5044","1":"product","2":"type-product","3":"status-publish","4":"has-post-thumbnail","6":"product_cat-offerte","7":"product_cat-giochi-da-tavolo","8":"product_tag-gioco-da-tavolo","9":"product_tag-this-war-of-mine-4","11":"first","12":"instock","13":"sale","14":"taxable","15":"shipping-taxable","16":"purchasable","17":"product-type-simple"},"_links":{"self":[{"href":"https:\/\/pendragongamestudio.com\/it\/wp-json\/wp\/v2\/product\/5044","targetHints":{"allow":["GET"]}}],"collection":[{"href":"https:\/\/pendragongamestudio.com\/it\/wp-json\/wp\/v2\/product"}],"about":[{"href":"https:\/\/pendragongamestudio.com\/it\/wp-json\/wp\/v2\/types\/product"}],"replies":[{"embeddable":true,"href":"https:\/\/pendragongamestudio.com\/it\/wp-json\/wp\/v2\/comments?post=5044"}],"wp:featuredmedia":[{"embeddable":true,"href":"https:\/\/pendragongamestudio.com\/it\/wp-json\/wp\/v2\/media\/5014"}],"wp:attachment":[{"href":"https:\/\/pendragongamestudio.com\/it\/wp-json\/wp\/v2\/media?parent=5044"}],"wp:term":[{"taxonomy":"product_brand","embeddable":true,"href":"https:\/\/pendragongamestudio.com\/it\/wp-json\/wp\/v2\/product_brand?post=5044"},{"taxonomy":"product_cat","embeddable":true,"href":"https:\/\/pendragongamestudio.com\/it\/wp-json\/wp\/v2\/product_cat?post=5044"},{"taxonomy":"product_tag","embeddable":true,"href":"https:\/\/pendragongamestudio.com\/it\/wp-json\/wp\/v2\/product_tag?post=5044"}],"curies":[{"name":"wp","href":"https:\/\/api.w.org\/{rel}","templated":true}]}}