{"id":4776,"date":"2020-02-28T10:41:42","date_gmt":"2020-02-28T09:41:42","guid":{"rendered":"https:\/\/www.pendragongamestudio.com\/it\/?post_type=product&#038;p=4776"},"modified":"2024-11-21T09:04:13","modified_gmt":"2024-11-21T08:04:13","slug":"astoria-la-ferrovia-degli-animali","status":"publish","type":"product","link":"https:\/\/pendragongamestudio.com\/it\/product\/astoria-la-ferrovia-degli-animali\/","title":{"rendered":"Astoria &#8211; La Ferrovia degli Animali"},"content":{"rendered":"<p class=\"p1\">Diventa un Magnate Ferroviario in questo divertente e veloce gioco di raccolta risorse, speculazioni e sviluppo edilizio! Monopolizza il mercato delle risorse pi\u00f9 pregiate e guadagna pi\u00f9 soldi possibili! Sfrutta il tuo patrimonio per costruire potenti edifici nella tua citt\u00e0 o per comprare importanti ferrovie all\u2019asta.<\/p>\n<p class=\"p1\">Possiedi le migliori citt\u00e0 e le pi\u00f9 importanti ferrovie e punta dritto alla vittoria. C\u2019\u00e8 spazio per un solo capobranco ad Astoria. Sarai tu? In Astoria i giocatori cercano di produrre le risorse pi\u00f9 richieste all\u2019interno di un mercato in costante cambiamento.<\/p>\n<p class=\"p1\">Queste risorse saranno utilizzate per costruire delle citt\u00e0 o saranno vendute al miglior prezzo possibile per assicurarsi un buon profitto. I profitti generati potranno essere utilizzati per vincere le aste delle societ\u00e0 ferroviarie o per comprare edifici che daranno ai giocatori dei bonus o dei potenziamenti per la produzione. Possedere le citt\u00e0 e le ferrovie migliori sar\u00e0 determinante per la vittoria finale.<\/p>\n<p class=\"p1\"><em><b>C<\/b><span class=\"s1\"><b>ontenuto<\/b><\/span>: 1 plancia di gioco, 24 carte Ferrovia, 16 carte Citt\u00e0, 54 carte Prezzo &amp; Produzione, 24 tessere edificio, soldi, 150 segnalini risorsa, 1 segnalino primo giocatore, 1 regolamento<\/em><\/p>\n","protected":false},"excerpt":{"rendered":"<p>Giocatori: 2-5<\/p>\n<p>Et\u00e0 8+<\/p>\n<p>Durata: 60-90 minuti<\/p>\n<p><strong>Attenzione<\/strong>: Non adatto a bambini di et\u00e0 inferiore ai 36 mesi. Contiene piccole parti, che se ingerite potrebbero provocare soffocamento.<\/p>\n","protected":false},"featured_media":4646,"comment_status":"open","ping_status":"closed","template":"","meta":[],"product_brand":[],"product_cat":[38],"product_tag":[13673,13525,13674],"class_list":{"0":"post-4776","1":"product","2":"type-product","3":"status-publish","4":"has-post-thumbnail","6":"product_cat-giochi-da-tavolo","7":"product_tag-astoria","8":"product_tag-gioco-da-tavolo","9":"product_tag-glenn-drover","11":"first","12":"instock","13":"taxable","14":"shipping-taxable","15":"purchasable","16":"product-type-simple"},"_links":{"self":[{"href":"https:\/\/pendragongamestudio.com\/it\/wp-json\/wp\/v2\/product\/4776","targetHints":{"allow":["GET"]}}],"collection":[{"href":"https:\/\/pendragongamestudio.com\/it\/wp-json\/wp\/v2\/product"}],"about":[{"href":"https:\/\/pendragongamestudio.com\/it\/wp-json\/wp\/v2\/types\/product"}],"replies":[{"embeddable":true,"href":"https:\/\/pendragongamestudio.com\/it\/wp-json\/wp\/v2\/comments?post=4776"}],"wp:featuredmedia":[{"embeddable":true,"href":"https:\/\/pendragongamestudio.com\/it\/wp-json\/wp\/v2\/media\/4646"}],"wp:attachment":[{"href":"https:\/\/pendragongamestudio.com\/it\/wp-json\/wp\/v2\/media?parent=4776"}],"wp:term":[{"taxonomy":"product_brand","embeddable":true,"href":"https:\/\/pendragongamestudio.com\/it\/wp-json\/wp\/v2\/product_brand?post=4776"},{"taxonomy":"product_cat","embeddable":true,"href":"https:\/\/pendragongamestudio.com\/it\/wp-json\/wp\/v2\/product_cat?post=4776"},{"taxonomy":"product_tag","embeddable":true,"href":"https:\/\/pendragongamestudio.com\/it\/wp-json\/wp\/v2\/product_tag?post=4776"}],"curies":[{"name":"wp","href":"https:\/\/api.w.org\/{rel}","templated":true}]}}