{"id":4703,"date":"2020-02-05T15:09:07","date_gmt":"2020-02-05T14:09:07","guid":{"rendered":"https:\/\/www.pendragongamestudio.com\/it\/?post_type=product&#038;p=4703"},"modified":"2025-12-01T00:00:09","modified_gmt":"2025-11-30T23:00:09","slug":"oceani-edizione-limitata","status":"publish","type":"product","link":"https:\/\/pendragongamestudio.com\/it\/product\/oceani-edizione-limitata\/","title":{"rendered":"Oceani Edizione limitata"},"content":{"rendered":"<p class=\"p1\">Entrate in un vasto cosmo subacqueo: un mondo misterioso e interconnesso fatto di tentacoli, denti affilati e nero d&#8217;inchiostro, dove la vostra sopravvivenza dipender\u00e0 dalla vostra capacit\u00e0 di adattamento. Oceani \u00e8 un gioco di strategia in cui creerete una rete di vita marina in un ambiente in continuo mutamento. Ma questa \u00e8 solo la superficie. Ben altro vi attende, non appena sarete pronti ad immergervi pi\u00f9 in profondit\u00e0.<\/p>\n<p class=\"p1\">Oceani descrive l\u2019interconnesso ecosistema della vita marina e lo combina con i potenti misteri dell\u2019ignoto. Il gioco include delle regole introduttive per coloro che preferiscono bagnarsi i piedi in acqua prima di immergersi nelle strategie pi\u00f9 profonde.<\/p>\n<p class=\"p1\">Oceani \u00e8 un gioco stand-alone dell\u2019acclamata serie Evolution. Non \u00e8 necessaria alcuna conoscenza degli altri giochi della serie per poter giocare.<\/p>\n<p class=\"p1\"><em><b>C<\/b><span class=\"s1\"><b>ontenuto<\/b><\/span>: 120 carte Superficie, 89 carte Abissi, 200 Segnalini popolazione, 25 carte scenario, 24 plance delle specie, 1 plancia scogliera, 1 plancia Oceano, 4 Schermi del giocatore, 4 gettoni bonus, 1 carta esplosione del Cambriano, 15 carte Scenario, 10 carte Abissi, 1 regolamento<\/em><\/p>\n","protected":false},"excerpt":{"rendered":"<p>Giocatori: 2-6<\/p>\n<p>Et\u00e0 12+<\/p>\n<p>Durata: 60-90 minuti<\/p>\n<p><strong>Attenzione<\/strong>: Non adatto a bambini di et\u00e0 inferiore ai 36 mesi. Contiene piccole parti, che se ingerite potrebbero provocare soffocamento.<\/p>\n","protected":false},"featured_media":4330,"comment_status":"open","ping_status":"closed","template":"","meta":[],"product_brand":[],"product_cat":[13793,38],"product_tag":[13574,13525,13671],"class_list":{"0":"post-4703","1":"product","2":"type-product","3":"status-publish","4":"has-post-thumbnail","6":"product_cat-offerte","7":"product_cat-giochi-da-tavolo","8":"product_tag-evolution","9":"product_tag-gioco-da-tavolo","10":"product_tag-oceani","12":"first","13":"instock","14":"taxable","15":"shipping-taxable","16":"purchasable","17":"product-type-simple"},"_links":{"self":[{"href":"https:\/\/pendragongamestudio.com\/it\/wp-json\/wp\/v2\/product\/4703","targetHints":{"allow":["GET"]}}],"collection":[{"href":"https:\/\/pendragongamestudio.com\/it\/wp-json\/wp\/v2\/product"}],"about":[{"href":"https:\/\/pendragongamestudio.com\/it\/wp-json\/wp\/v2\/types\/product"}],"replies":[{"embeddable":true,"href":"https:\/\/pendragongamestudio.com\/it\/wp-json\/wp\/v2\/comments?post=4703"}],"wp:featuredmedia":[{"embeddable":true,"href":"https:\/\/pendragongamestudio.com\/it\/wp-json\/wp\/v2\/media\/4330"}],"wp:attachment":[{"href":"https:\/\/pendragongamestudio.com\/it\/wp-json\/wp\/v2\/media?parent=4703"}],"wp:term":[{"taxonomy":"product_brand","embeddable":true,"href":"https:\/\/pendragongamestudio.com\/it\/wp-json\/wp\/v2\/product_brand?post=4703"},{"taxonomy":"product_cat","embeddable":true,"href":"https:\/\/pendragongamestudio.com\/it\/wp-json\/wp\/v2\/product_cat?post=4703"},{"taxonomy":"product_tag","embeddable":true,"href":"https:\/\/pendragongamestudio.com\/it\/wp-json\/wp\/v2\/product_tag?post=4703"}],"curies":[{"name":"wp","href":"https:\/\/api.w.org\/{rel}","templated":true}]}}