{"id":4465,"date":"2019-09-26T14:35:34","date_gmt":"2019-09-26T12:35:34","guid":{"rendered":"http:\/\/www.pendragongamestudio.com\/it\/?post_type=product&#038;p=4465"},"modified":"2023-03-14T14:55:30","modified_gmt":"2023-03-14T13:55:30","slug":"bonelli-kids","status":"publish","type":"product","link":"https:\/\/pendragongamestudio.com\/it\/product\/bonelli-kids\/","title":{"rendered":"Bonelli KIds"},"content":{"rendered":"<p class=\"p1\">I Bonelli Kids sono l\u2019incarnazione deformed dei pi\u00f9 famosi personaggi delle serie a fumetti di Sergio Bonelli Editore. In questo gioco di carte si scontreranno a forza di bucce di banane, giocattoli e macchine a pedali due dei personaggi pi\u00f9 famosi della scuderia Bonelli: Martin Mystere e Zagor.<\/p>\n<p class=\"p1\">Bonelli Kids \u00e8 un gioco da 2 che finalmente potr\u00e0 mettere in gioco la passione degli appassionati dei fumetti e condividerla con gli amici e anche le generazioni pi\u00f9 giovani. In questa prima confezione Martin Mystere e Zagor si scontreranno con i loro mazzi personalizzati per la conquista dei pi\u00f9 importanti albi delle loro collezioni, ridisegnati per l\u2019occasione dalla splendida mano di Luca Bertel\u00e8 e colorati da Manuela Nerolini.<\/p>\n<p class=\"_3vFF3xH4Yd\" dir=\"ltr\" data-test=\"textbox\"><em>Contiene: 104 carte, 1 fustella di segnalini, 1 regolamento<\/em><\/p>\n<p class=\"_3vFF3xH4Yd\" dir=\"ltr\" data-test=\"textbox\">\n","protected":false},"excerpt":{"rendered":"<p>Giocatori: 2<\/p>\n<p>Et\u00e0: 10+<\/p>\n<p>Durata: 30 minuti<\/p>\n<p><strong>Attenzione<\/strong>: Non adatto a bambini di et\u00e0 inferiore ai 36 mesi. Contiene piccole parti, che se ingerite potrebbero provocare soffocamento.<\/p>\n<p>Made in China<\/p>\n","protected":false},"featured_media":4318,"comment_status":"open","ping_status":"closed","template":"","meta":[],"product_brand":[],"product_cat":[39],"product_tag":[13647,13529],"class_list":{"0":"post-4465","1":"product","2":"type-product","3":"status-publish","4":"has-post-thumbnail","6":"product_cat-giochi-di-carte","7":"product_tag-bonelli-kids","8":"product_tag-gioco-di-carte","10":"first","11":"instock","12":"taxable","13":"shipping-taxable","14":"purchasable","15":"product-type-simple"},"_links":{"self":[{"href":"https:\/\/pendragongamestudio.com\/it\/wp-json\/wp\/v2\/product\/4465","targetHints":{"allow":["GET"]}}],"collection":[{"href":"https:\/\/pendragongamestudio.com\/it\/wp-json\/wp\/v2\/product"}],"about":[{"href":"https:\/\/pendragongamestudio.com\/it\/wp-json\/wp\/v2\/types\/product"}],"replies":[{"embeddable":true,"href":"https:\/\/pendragongamestudio.com\/it\/wp-json\/wp\/v2\/comments?post=4465"}],"wp:featuredmedia":[{"embeddable":true,"href":"https:\/\/pendragongamestudio.com\/it\/wp-json\/wp\/v2\/media\/4318"}],"wp:attachment":[{"href":"https:\/\/pendragongamestudio.com\/it\/wp-json\/wp\/v2\/media?parent=4465"}],"wp:term":[{"taxonomy":"product_brand","embeddable":true,"href":"https:\/\/pendragongamestudio.com\/it\/wp-json\/wp\/v2\/product_brand?post=4465"},{"taxonomy":"product_cat","embeddable":true,"href":"https:\/\/pendragongamestudio.com\/it\/wp-json\/wp\/v2\/product_cat?post=4465"},{"taxonomy":"product_tag","embeddable":true,"href":"https:\/\/pendragongamestudio.com\/it\/wp-json\/wp\/v2\/product_tag?post=4465"}],"curies":[{"name":"wp","href":"https:\/\/api.w.org\/{rel}","templated":true}]}}