{"id":4461,"date":"2019-09-26T10:01:23","date_gmt":"2019-09-26T08:01:23","guid":{"rendered":"http:\/\/www.pendragongamestudio.com\/it\/?post_type=product&#038;p=4461"},"modified":"2025-02-12T18:13:35","modified_gmt":"2025-02-12T17:13:35","slug":"15-uomini","status":"publish","type":"product","link":"https:\/\/pendragongamestudio.com\/it\/product\/15-uomini\/","title":{"rendered":"15 Uomini"},"content":{"rendered":"<div class=\"wm-text-block\">\n<p><em>C\u2019\u00e8 uno strano vociare questa notte sul ponte di prua. Da giorni alcuni uomini che compongono l\u2019equipaggio non sono contenti delle decisioni prese dal capitano. Del resto sono pirati e i pirati hanno bisogno di bottini da spartire. Ma, non tutti la pensano cos\u00ec. C\u2019\u00e8 chi rimane fedele al capitano e si fida delle sue promesse di tesori inestimabili ad attenderli sulla rotta tracciata. Il sospetto serpeggia tra i marinai. Sguardi indagatori sono rivolti ad ogni compagno, cercando di intuire con chi si schierer\u00e0. Perch\u00e9, anche se nessuno osa pronunciare ad alta voce, la parola che affolla i pensieri della ciurma \u00e8 una sola, una parola pericolosa&#8230; ammutinamento.<\/em><\/p>\n<p>15 Uomini \u00e8 un gioco di sotterfugi e inganni per 2-5 giocatori ambientato su un vascello pirata. Ogni giocatore sar\u00e0 chiamato ad interpretare il ruolo di un intrepido comandante, del suo fedelissimo o di una delle canaglie che stanno preparando l\u2019ammutinamento. Portate dalla vostra parte il maggior numero di membri dell\u2019equipaggio possibile, corrompendoli a suon di dobloni, per sfruttare le loro abilit\u00e0 uniche e in moda da avere la meglio sugli avversari quando inizieranno a volare i proiettili.<\/p>\n<\/div>\n","protected":false},"excerpt":{"rendered":"<p style=\"margin-top: 1.62em;\"><em>Contenuto:<\/em>\u00a0<em>1 plancia di gioco,\u00a054 carte, 18 dobloni in legno, 5\u00a0segnalini in legno, 1 regolamento.<\/em><\/p>\n<p>Giocatori: 3-5<\/p>\n<p>Et\u00e0 14+<\/p>\n<p>Durata:\u00a045 min<\/p>\n<p><strong>Attenzione<\/strong>: Non adatto a bambini di et\u00e0 inferiore ai 36 mesi. Contiene piccole parti, che se ingerite potrebbero provocare soffocamento.<\/p>\n<p>Fabbricato in\u00a0Cina<\/p>\n","protected":false},"featured_media":3866,"comment_status":"open","ping_status":"closed","template":"","meta":[],"product_brand":[],"product_cat":[38],"product_tag":[13644,13646,13645,13525,13643],"class_list":{"0":"post-4461","1":"product","2":"type-product","3":"status-publish","4":"has-post-thumbnail","6":"product_cat-giochi-da-tavolo","7":"product_tag-15-uomini","8":"product_tag-alessandro-ciceri","9":"product_tag-emanuele-briano","10":"product_tag-gioco-da-tavolo","11":"product_tag-pirati","13":"first","14":"instock","15":"taxable","16":"shipping-taxable","17":"purchasable","18":"product-type-simple"},"_links":{"self":[{"href":"https:\/\/pendragongamestudio.com\/it\/wp-json\/wp\/v2\/product\/4461","targetHints":{"allow":["GET"]}}],"collection":[{"href":"https:\/\/pendragongamestudio.com\/it\/wp-json\/wp\/v2\/product"}],"about":[{"href":"https:\/\/pendragongamestudio.com\/it\/wp-json\/wp\/v2\/types\/product"}],"replies":[{"embeddable":true,"href":"https:\/\/pendragongamestudio.com\/it\/wp-json\/wp\/v2\/comments?post=4461"}],"wp:featuredmedia":[{"embeddable":true,"href":"https:\/\/pendragongamestudio.com\/it\/wp-json\/wp\/v2\/media\/3866"}],"wp:attachment":[{"href":"https:\/\/pendragongamestudio.com\/it\/wp-json\/wp\/v2\/media?parent=4461"}],"wp:term":[{"taxonomy":"product_brand","embeddable":true,"href":"https:\/\/pendragongamestudio.com\/it\/wp-json\/wp\/v2\/product_brand?post=4461"},{"taxonomy":"product_cat","embeddable":true,"href":"https:\/\/pendragongamestudio.com\/it\/wp-json\/wp\/v2\/product_cat?post=4461"},{"taxonomy":"product_tag","embeddable":true,"href":"https:\/\/pendragongamestudio.com\/it\/wp-json\/wp\/v2\/product_tag?post=4461"}],"curies":[{"name":"wp","href":"https:\/\/api.w.org\/{rel}","templated":true}]}}