{"id":3843,"date":"2019-01-16T11:04:51","date_gmt":"2019-01-16T10:04:51","guid":{"rendered":"http:\/\/www.pendragongamestudio.com\/it\/product\/the-expanse-copy\/"},"modified":"2026-02-16T08:50:27","modified_gmt":"2026-02-16T07:50:27","slug":"kodama","status":"publish","type":"product","link":"https:\/\/pendragongamestudio.com\/it\/product\/kodama\/","title":{"rendered":"Kodama: gli spiriti degli alberi"},"content":{"rendered":"<p class=\"_3vFF3xH4Yd\" dir=\"ltr\" data-test=\"textbox\">La foresta sta crescendo rapidamente. In qualit\u00e0 di custodi dei Kodama, gli spiriti degli alberi, il vostro compito \u00e8 quello di preservare la foresta in modo che sia una casa sana e rigogliosa per i vostri piccoli amici. Nel corso di tre stagioni dovrete far crescere gli alberi con un giusto mix di fiori e insetti, trova la giusta disposizione dei rami per rendere i vostri Kodama il pi\u00f9 possibile felici. Chi si prender\u00e0 cura meglio dei propri Kodama sar\u00e0 ricordato per generazioni!<br \/>\nKodama: gli spiriti degli Alberi permette ai giocatori di far\u00a0crescere un albero posizionando al meglio le carte Ramo,\u00a0stando attenti a lasciare spazio sufficiente per una futura\u00a0crescita. Alla fine di ogni round uno spirito Kodama vi\u00a0premier\u00e0 con punti vittoria in base a quanto il vostro albero\u00a0soddisfer\u00e0 i suoi bisogni. Grazie alle bellissime illustrazioni\u00a0e alle tattiche innovative Kodama \u00e8 un gioco perfetto per\u00a0tutta la famiglia.<\/p>\n<p class=\"textbox\" dir=\"ltr\">Contenuto: 65 carte Ramo, 23 Carte Kodama, 9 carte Mini Kodama, 15 carte Decreto, 6 carte Tronco, 1 punchboard e 1 regolamento.<\/p>\n","protected":false},"excerpt":{"rendered":"<p>Giocatori: 2-5<\/p>\n<p>Et\u00e0 14+<\/p>\n<p>Durata: 30 Minuti<\/p>\n<p><strong>Attenzione<\/strong>: Non adatto a bambini di et\u00e0 inferiore ai 36 mesi. Contiene piccole parti, che se ingerite potrebbero provocare soffocamento.<\/p>\n","protected":false},"featured_media":3838,"comment_status":"open","ping_status":"closed","template":"","meta":[],"product_brand":[],"product_cat":[39],"product_tag":[13525],"class_list":{"0":"post-3843","1":"product","2":"type-product","3":"status-publish","4":"has-post-thumbnail","6":"product_cat-giochi-di-carte","7":"product_tag-gioco-da-tavolo","9":"first","10":"instock","11":"taxable","12":"shipping-taxable","13":"purchasable","14":"product-type-simple"},"_links":{"self":[{"href":"https:\/\/pendragongamestudio.com\/it\/wp-json\/wp\/v2\/product\/3843","targetHints":{"allow":["GET"]}}],"collection":[{"href":"https:\/\/pendragongamestudio.com\/it\/wp-json\/wp\/v2\/product"}],"about":[{"href":"https:\/\/pendragongamestudio.com\/it\/wp-json\/wp\/v2\/types\/product"}],"replies":[{"embeddable":true,"href":"https:\/\/pendragongamestudio.com\/it\/wp-json\/wp\/v2\/comments?post=3843"}],"wp:featuredmedia":[{"embeddable":true,"href":"https:\/\/pendragongamestudio.com\/it\/wp-json\/wp\/v2\/media\/3838"}],"wp:attachment":[{"href":"https:\/\/pendragongamestudio.com\/it\/wp-json\/wp\/v2\/media?parent=3843"}],"wp:term":[{"taxonomy":"product_brand","embeddable":true,"href":"https:\/\/pendragongamestudio.com\/it\/wp-json\/wp\/v2\/product_brand?post=3843"},{"taxonomy":"product_cat","embeddable":true,"href":"https:\/\/pendragongamestudio.com\/it\/wp-json\/wp\/v2\/product_cat?post=3843"},{"taxonomy":"product_tag","embeddable":true,"href":"https:\/\/pendragongamestudio.com\/it\/wp-json\/wp\/v2\/product_tag?post=3843"}],"curies":[{"name":"wp","href":"https:\/\/api.w.org\/{rel}","templated":true}]}}