{"id":3593,"date":"2018-10-04T11:16:10","date_gmt":"2018-10-04T09:16:10","guid":{"rendered":"http:\/\/www.pendragongamestudio.com\/it\/?post_type=product&#038;p=3593"},"modified":"2026-02-15T10:09:46","modified_gmt":"2026-02-15T09:09:46","slug":"detective","status":"publish","type":"product","link":"https:\/\/pendragongamestudio.com\/it\/product\/detective\/","title":{"rendered":"Detective &#8211; Edizione Gioco dell&#8217;anno"},"content":{"rendered":"<p class=\"textbox\" dir=\"ltr\">Vesti i panni di un detective del XXI secolo e unisciti alla Antares National Investigation Agency per risolvere i casi pi\u00f9 difficili. Questo gioco in scatola ti far\u00e0 diventare il protagonista assoluto di storie piene di mistero e tensione. La speranza di tutti \u00e8 che tu sia in grado di arrivare fino in fondo, prima che un altro crimine venga commesso&#8230; La sfida si gioca su cinque casi diversi che all\u2019inizio sembrano del tutto slegati tra loro, ma che invece nascondono una trama molto pi\u00f9 ampia e complessa, a met\u00e0 strada tra finzione e realt\u00e0. Sfrutta ogni elemento a tua disposizione per risolvere questi casi. Naviga in internet, verifica i fatti, dai la caccia a nuovi indizi e ricorda: qui, tu non stai giocando a fare il detective, qui tu SEI un detective!<\/p>\n<p class=\"textbox\" dir=\"ltr\">ATTENZIONE: per giocare a Detective \u00e8 necessario disporre di un accesso ad un browser internet.<\/p>\n<p class=\"textbox\" dir=\"ltr\">Contenuto: 175 carte indizio (120&#215;70), 1 plancia, 5 pedine Investigatore, 1 libro dei casi, 1 segna-tempo, 1 segna-giorno, 1 indicatore IT, 15 segnalini Autorit\u00e0, 10 segnalini Stress, 12 segnalini Abilit\u00e0, 5 segnalini Talento Naturale, 5 segnalini Abilit\u00e0 Utilizzata, 5 segnalini speciali, 1 manuale di gioco.<\/p>\n","protected":false},"excerpt":{"rendered":"<p>Giocatori: 1-5<\/p>\n<p>Et\u00e0 16+<\/p>\n<p>Durata: 120-180 minuti<\/p>\n<p><strong>Attenzione<\/strong>: Non adatto a bambini di et\u00e0 inferiore ai 36 mesi. Contiene piccole parti, che se ingerite potrebbero provocare soffocamento.<\/p>\n","protected":false},"featured_media":5135,"comment_status":"open","ping_status":"closed","template":"","meta":[],"product_brand":[],"product_cat":[38],"product_tag":[13603,13525],"class_list":{"0":"post-3593","1":"product","2":"type-product","3":"status-publish","4":"has-post-thumbnail","6":"product_cat-giochi-da-tavolo","7":"product_tag-detective","8":"product_tag-gioco-da-tavolo","10":"first","11":"instock","12":"taxable","13":"shipping-taxable","14":"purchasable","15":"product-type-simple"},"_links":{"self":[{"href":"https:\/\/pendragongamestudio.com\/it\/wp-json\/wp\/v2\/product\/3593","targetHints":{"allow":["GET"]}}],"collection":[{"href":"https:\/\/pendragongamestudio.com\/it\/wp-json\/wp\/v2\/product"}],"about":[{"href":"https:\/\/pendragongamestudio.com\/it\/wp-json\/wp\/v2\/types\/product"}],"replies":[{"embeddable":true,"href":"https:\/\/pendragongamestudio.com\/it\/wp-json\/wp\/v2\/comments?post=3593"}],"wp:featuredmedia":[{"embeddable":true,"href":"https:\/\/pendragongamestudio.com\/it\/wp-json\/wp\/v2\/media\/5135"}],"wp:attachment":[{"href":"https:\/\/pendragongamestudio.com\/it\/wp-json\/wp\/v2\/media?parent=3593"}],"wp:term":[{"taxonomy":"product_brand","embeddable":true,"href":"https:\/\/pendragongamestudio.com\/it\/wp-json\/wp\/v2\/product_brand?post=3593"},{"taxonomy":"product_cat","embeddable":true,"href":"https:\/\/pendragongamestudio.com\/it\/wp-json\/wp\/v2\/product_cat?post=3593"},{"taxonomy":"product_tag","embeddable":true,"href":"https:\/\/pendragongamestudio.com\/it\/wp-json\/wp\/v2\/product_tag?post=3593"}],"curies":[{"name":"wp","href":"https:\/\/api.w.org\/{rel}","templated":true}]}}