{"id":3592,"date":"2018-10-04T11:02:12","date_gmt":"2018-10-04T09:02:12","guid":{"rendered":"http:\/\/www.pendragongamestudio.com\/it\/?post_type=product&#038;p=3592"},"modified":"2024-11-04T12:26:39","modified_gmt":"2024-11-04T11:26:39","slug":"odissea","status":"publish","type":"product","link":"https:\/\/pendragongamestudio.com\/it\/product\/odissea\/","title":{"rendered":"Odissea"},"content":{"rendered":"<p class=\"textbox\" dir=\"ltr\">In Odissea ogni giocatore interpreta una divinit\u00e0 greca segretamente favorevole o contraria a Ulisse. Per raggiungere la\u00a0 madrepatria dopo la guerra di Troia, l\u2019eroe greco dovr\u00e0 superare 7 imprese. Come sfidare il Ciclope Polifemo, attraversare l\u2019Ade, resistere al richiamo delle sirene, vincere la maga Circe, superare Scilla e Cariddi ed infine sconfiggere i Proci, i pretendenti al trono di Itaca. In ognuna di queste imprese i giocatori interverranno per facilitare o impedire il successo di Ulisse aiutandolo e spronandolo attraverso le abilit\u00e0 di Forza, Oratoria, Astuzia, Carisma e Fortuna.<\/p>\n<p class=\"textbox\" dir=\"ltr\">Giocate le vostre carte abilit\u00e0 nel momento corretto, utilizzate i poteri e cercate di comprendere velocemente chi \u00e8 vostro amico e chi \u00e8 vostro nemico in modo di vincere la battaglia per il destino di Ulisse.<\/p>\n<p class=\"textbox\" dir=\"ltr\">Odissea \u00e8 illustrato dall\u2019italiano Idras ed \u00e8 il secondo gioco, dopo Mythomakya, dedicato alla mitologia greca creato da Luca Feliciani.<\/p>\n<p class=\"textbox\" dir=\"ltr\">Contenuto: 110 carte, 1 plancia di gioco, 1 regolamento, 1 segnalino di legno.<\/p>\n","protected":false},"excerpt":{"rendered":"<p>Giocatori: 3-6<\/p>\n<p>Et\u00e0 10+<\/p>\n<p>Durata: 45 minuti<\/p>\n<p><strong>Attenzione<\/strong>: Non adatto a bambini di et\u00e0 inferiore ai 36 mesi. Contiene piccole parti, che se ingerite potrebbero provocare soffocamento.<\/p>\n","protected":false},"featured_media":3110,"comment_status":"open","ping_status":"closed","template":"","meta":[],"product_brand":[],"product_cat":[38],"product_tag":[13525,13602],"class_list":{"0":"post-3592","1":"product","2":"type-product","3":"status-publish","4":"has-post-thumbnail","6":"product_cat-giochi-da-tavolo","7":"product_tag-gioco-da-tavolo","8":"product_tag-odissea","10":"first","11":"instock","12":"taxable","13":"shipping-taxable","14":"purchasable","15":"product-type-simple"},"_links":{"self":[{"href":"https:\/\/pendragongamestudio.com\/it\/wp-json\/wp\/v2\/product\/3592","targetHints":{"allow":["GET"]}}],"collection":[{"href":"https:\/\/pendragongamestudio.com\/it\/wp-json\/wp\/v2\/product"}],"about":[{"href":"https:\/\/pendragongamestudio.com\/it\/wp-json\/wp\/v2\/types\/product"}],"replies":[{"embeddable":true,"href":"https:\/\/pendragongamestudio.com\/it\/wp-json\/wp\/v2\/comments?post=3592"}],"wp:featuredmedia":[{"embeddable":true,"href":"https:\/\/pendragongamestudio.com\/it\/wp-json\/wp\/v2\/media\/3110"}],"wp:attachment":[{"href":"https:\/\/pendragongamestudio.com\/it\/wp-json\/wp\/v2\/media?parent=3592"}],"wp:term":[{"taxonomy":"product_brand","embeddable":true,"href":"https:\/\/pendragongamestudio.com\/it\/wp-json\/wp\/v2\/product_brand?post=3592"},{"taxonomy":"product_cat","embeddable":true,"href":"https:\/\/pendragongamestudio.com\/it\/wp-json\/wp\/v2\/product_cat?post=3592"},{"taxonomy":"product_tag","embeddable":true,"href":"https:\/\/pendragongamestudio.com\/it\/wp-json\/wp\/v2\/product_tag?post=3592"}],"curies":[{"name":"wp","href":"https:\/\/api.w.org\/{rel}","templated":true}]}}