{"id":2778,"date":"2017-12-13T16:31:24","date_gmt":"2017-12-13T15:31:24","guid":{"rendered":"http:\/\/www.pendragongamestudio.com\/it\/product\/mostri-vs-eroi\/"},"modified":"2024-11-04T12:27:03","modified_gmt":"2024-11-04T11:27:03","slug":"mostri-vs-eroi","status":"publish","type":"product","link":"https:\/\/pendragongamestudio.com\/it\/product\/mostri-vs-eroi\/","title":{"rendered":"Mostri vs Eroi"},"content":{"rendered":"<p>Ciascun giocatore pesca casualmente una carta fazione Mostro o Eroe che terr\u00e0 segreta: gli altri giocatori non sapranno a che fazione appartenete e ci\u00f2 vi permetter\u00e0 di bluffare durante il gioco. Durante la partita potete giocare una carta dalla vostra mano o pescare una nuova carta. Ogni carta potr\u00e0 darvi punti positivi o punti negativi. Inoltre ogni carta rappresenta un personaggio con un\u2019abilit\u00e0 speciale che potrete usare a vostro vantaggio.<\/p>\n<p>Dracula pu\u00f2 controllare le forze dell\u2019oscurit\u00e0; Van Helsing pu\u00f2 eliminare i non morti e il Mostro di Frankenstein pu\u00f2 far piazza pulita. Il gioco termina quando viene pescata l\u2019ultima carta. A quel punto ogni giocatore riveler\u00e0 la propria fazione e conter\u00e0 i punti che ha guadagnato. Eroi vs Mostri \u00e8 un gioco molto semplice da imparare e molto divertente da giocare.<\/p>\n<p>Ci sono 18 diversi personaggi in un mazzo di 30 carte. Alcuni personaggi sono comuni, ma altri sono potenti e unici. Inoltre ogni carta fazione ha una missione segreta che vi potr\u00e0 assegnare punti vittoria extra se controllerete un determinato personaggio a fine partita. Ci\u00f2 significa che alcune carte possono essere pi\u00f9 utili di altre per vincere la partita.<\/p>\n<p><em>Componenti: 2 mazzi da 36 carte, 1 regolamento<\/em><\/p>\n","protected":false},"excerpt":{"rendered":"<p>Giocatori: 2-8<\/p>\n<p>Et\u00e0 8+<\/p>\n<p>Durata: 10-30\u00a0min<\/p>\n<p><strong>Attenzione<\/strong>: Non adatto a bambini di et\u00e0 inferiore ai 36 mesi. Contiene piccole parti, che se ingerite potrebbero provocare soffocamento.<\/p>\n<p>Fabbricato in Polonia<\/p>\n[ddownload id=\"2746\" style=\"button\" button=\"blue\" text=\"Download Regolamento\"]\n","protected":false},"featured_media":2553,"comment_status":"open","ping_status":"closed","template":"","meta":[],"product_brand":[],"product_cat":[39],"product_tag":[13542],"class_list":{"0":"post-2778","1":"product","2":"type-product","3":"status-publish","4":"has-post-thumbnail","6":"product_cat-giochi-di-carte","7":"product_tag-giochi-di-carte","9":"first","10":"instock","11":"taxable","12":"shipping-taxable","13":"purchasable","14":"product-type-simple"},"_links":{"self":[{"href":"https:\/\/pendragongamestudio.com\/it\/wp-json\/wp\/v2\/product\/2778","targetHints":{"allow":["GET"]}}],"collection":[{"href":"https:\/\/pendragongamestudio.com\/it\/wp-json\/wp\/v2\/product"}],"about":[{"href":"https:\/\/pendragongamestudio.com\/it\/wp-json\/wp\/v2\/types\/product"}],"replies":[{"embeddable":true,"href":"https:\/\/pendragongamestudio.com\/it\/wp-json\/wp\/v2\/comments?post=2778"}],"wp:featuredmedia":[{"embeddable":true,"href":"https:\/\/pendragongamestudio.com\/it\/wp-json\/wp\/v2\/media\/2553"}],"wp:attachment":[{"href":"https:\/\/pendragongamestudio.com\/it\/wp-json\/wp\/v2\/media?parent=2778"}],"wp:term":[{"taxonomy":"product_brand","embeddable":true,"href":"https:\/\/pendragongamestudio.com\/it\/wp-json\/wp\/v2\/product_brand?post=2778"},{"taxonomy":"product_cat","embeddable":true,"href":"https:\/\/pendragongamestudio.com\/it\/wp-json\/wp\/v2\/product_cat?post=2778"},{"taxonomy":"product_tag","embeddable":true,"href":"https:\/\/pendragongamestudio.com\/it\/wp-json\/wp\/v2\/product_tag?post=2778"}],"curies":[{"name":"wp","href":"https:\/\/api.w.org\/{rel}","templated":true}]}}