{"id":2497,"date":"2017-04-27T18:19:38","date_gmt":"2017-04-27T16:19:38","guid":{"rendered":"http:\/\/www.pendragongamestudio.com\/it\/product\/coloni-imperiali-aztechi\/"},"modified":"2026-04-01T12:18:19","modified_gmt":"2026-04-01T10:18:19","slug":"coloni-imperiali-aztechi","status":"publish","type":"product","link":"https:\/\/pendragongamestudio.com\/it\/product\/coloni-imperiali-aztechi\/","title":{"rendered":"Coloni Imperiali Aztechi"},"content":{"rendered":"<div class=\"wm-text-block\">\n<p>Nei tempi del suo massimo splendore l\u2019impero Azteco si espandeva su quasi tutta l\u2019America Centrale: la sua cultura e la sua influenza religiosa raggiungevano le lande pi\u00f9 estreme. Ora in qualit\u00e0 di leader degli Aztechi potrai rivolgerti alle divinit\u00e0 per chiedere il loro aiuto. Utilizza le benedizioni e i favori divini per superare tutti i nemici! Con l\u2019espansione Aztechi potrete aggiungere al gioco base di Coloni Imperiali un nuova fazione e una nuova meccanica di gioco sulla religione.<\/p>\n<p>Pregando, tutti i giocatori potranno introdurre un elemento di casualit\u00e0 alla risoluzione delle loro azioni. Cosa altro oserai chiedere agli dei?<\/p>\n<p><span style=\"color: #ff0000;\">Richiede il gioco base Coloni Imperiali per essere utilizzata.<\/span><\/p>\n<p><em>Contenuto:\u00a0110 carte (63&#215;88 mm): 60\u00a0carte Aztechi, 10 carte\u00a0Romani, 10 carte Barbari, 10 carte Giapponesi, 10 carte\u00a0Egizi,\u00a01 Scheda Fazione, 1 segnalino Fazione, 9\u00a0gettoni statua, 37\u00a0gettoni benedizione, 1 regolamento<\/em><\/p>\n<\/div>\n","protected":false},"excerpt":{"rendered":"<p>Giocatori: 1-4<\/p>\n<p>Et\u00e0 10+<\/p>\n<p>Durata: 45-90\u00a0min<\/p>\n<p><strong>Attenzione<\/strong>: Non adatto a bambini di et\u00e0 inferiore ai 36 mesi. Contiene piccole parti, che se ingerite potrebbero provocare soffocamento.<\/p>\n<p>Fabbricato in\u00a0Polonia<\/p>\n","protected":false},"featured_media":2499,"comment_status":"open","ping_status":"closed","template":"","meta":[],"product_brand":[],"product_cat":[39],"product_tag":[13523,13529],"class_list":{"0":"post-2497","1":"product","2":"type-product","3":"status-publish","4":"has-post-thumbnail","6":"product_cat-giochi-di-carte","7":"product_tag-coloni-imperiali","8":"product_tag-gioco-di-carte","10":"first","11":"instock","12":"taxable","13":"shipping-taxable","14":"purchasable","15":"product-type-simple"},"_links":{"self":[{"href":"https:\/\/pendragongamestudio.com\/it\/wp-json\/wp\/v2\/product\/2497","targetHints":{"allow":["GET"]}}],"collection":[{"href":"https:\/\/pendragongamestudio.com\/it\/wp-json\/wp\/v2\/product"}],"about":[{"href":"https:\/\/pendragongamestudio.com\/it\/wp-json\/wp\/v2\/types\/product"}],"replies":[{"embeddable":true,"href":"https:\/\/pendragongamestudio.com\/it\/wp-json\/wp\/v2\/comments?post=2497"}],"wp:featuredmedia":[{"embeddable":true,"href":"https:\/\/pendragongamestudio.com\/it\/wp-json\/wp\/v2\/media\/2499"}],"wp:attachment":[{"href":"https:\/\/pendragongamestudio.com\/it\/wp-json\/wp\/v2\/media?parent=2497"}],"wp:term":[{"taxonomy":"product_brand","embeddable":true,"href":"https:\/\/pendragongamestudio.com\/it\/wp-json\/wp\/v2\/product_brand?post=2497"},{"taxonomy":"product_cat","embeddable":true,"href":"https:\/\/pendragongamestudio.com\/it\/wp-json\/wp\/v2\/product_cat?post=2497"},{"taxonomy":"product_tag","embeddable":true,"href":"https:\/\/pendragongamestudio.com\/it\/wp-json\/wp\/v2\/product_tag?post=2497"}],"curies":[{"name":"wp","href":"https:\/\/api.w.org\/{rel}","templated":true}]}}