{"id":13969,"date":"2026-04-27T15:19:27","date_gmt":"2026-04-27T13:19:27","guid":{"rendered":"https:\/\/pendragongamestudio.com\/it\/?post_type=product&#038;p=13969"},"modified":"2026-04-30T12:13:47","modified_gmt":"2026-04-30T10:13:47","slug":"shijin","status":"publish","type":"product","link":"https:\/\/pendragongamestudio.com\/it\/product\/shijin\/","title":{"rendered":"Shijin"},"content":{"rendered":"<div class=\"wm-text-block\">\n<p class=\"font-claude-response-body break-words whitespace-normal leading-[1.7]\"><strong>ATTENZIONE: QUESTO E\u2019 UN PREORDINE.<\/strong><\/p>\n<p>In Shijin, i giocatori si sfidano in un duello tra spiriti celesti per determinare chi diventer\u00e0 il protettore divino dell&#8217;erede appena nato dell&#8217;Imperatore. Le quattro Guardie Seiry\u016b, il Dragone Azzurro dell&#8217;Est; Byakko, la Tigre Bianca dell&#8217;Ovest; Genbu, la Testuggine Nera del Nord; e Suzaku, l&#8217;Uccello Vermiglio del Sud possono ciascuna aspirare al ruolo di guida tutelare del Principe Imperiale.<\/p>\n<p class=\"font-claude-response-body break-words whitespace-normal leading-[1.7]\">Questo gioco di strategia astratta si svolge su una plancia 5\u00d75. Ogni giocatore posiziona la propria miniatura Guardia e quattro segnalini Sigillo del proprio colore sulla plancia. Il turno di un giocatore \u00e8 rapido e intuitivo: muovi la tua Guardia o uno dei tuoi Sigilli in uno spazio vuoto adiacente, oppure esegui una mossa speciale con un Sigillo se \u00e8 adiacente alla tua Guardia. Il primo giocatore che riesce a posizionare tutti e quattro i propri Sigilli adiacenti alla Guardia avversaria la cattura e vince la partita.<\/p>\n<p class=\"font-claude-response-body break-words whitespace-normal leading-[1.7]\">Non lasciarti ingannare dall&#8217;elegante semplicit\u00e0 del gioco ogni mossa nasconde profonde possibilit\u00e0 strategiche. Ogni Guardia possiede inoltre un&#8217;abilit\u00e0 speciale unica, che consente stili di gioco e strategie distintive.<\/p>\n<p class=\"font-claude-response-body break-words whitespace-normal leading-[1.7]\">Shijin \u00e8 un gioco rapido, accessibile e al tempo stesso profondamente strategico, che metter\u00e0 davvero alla prova la mente dei giocatori.<\/p>\n<p data-start=\"331\" data-end=\"418\"><strong data-start=\"331\" data-end=\"343\">INCLUDE: <\/strong>1 regolamento, 1 plancia di gioco, 4 miniature Guardiano, 4 carte Guardiano, 8 segnalini Sigillo (4 bianchi e 4 neri), 4 anelli per basi (2 bianchi e 2 neri).<\/p>\n<\/div>\n","protected":false},"excerpt":{"rendered":"<p>Giocatori: 2-4<\/p>\n<p>Et\u00e0 12+<\/p>\n<p>Durata: <span class=\"ng-isolate-scope\"><span class=\"ng-binding ng-scope\">20<\/span><span class=\"ng-binding ng-scope\">\u201345<\/span>\u00a0<\/span>Min.<\/p>\n<p><strong>Attenzione<\/strong>: Non adatto a bambini di et\u00e0 inferiore ai 36 mesi. Contiene piccole parti, che se ingerite potrebbero provocare soffocamento.<\/p>\n<p>Fabbricato in Cina<\/p>\n","protected":false},"featured_media":13970,"comment_status":"open","ping_status":"closed","template":"","meta":[],"product_brand":[],"product_cat":[13640,38],"product_tag":[],"class_list":{"0":"post-13969","1":"product","2":"type-product","3":"status-publish","4":"has-post-thumbnail","6":"product_cat-preordini","7":"product_cat-giochi-da-tavolo","9":"first","10":"onbackorder","11":"taxable","12":"shipping-taxable","13":"purchasable","14":"product-type-simple"},"_links":{"self":[{"href":"https:\/\/pendragongamestudio.com\/it\/wp-json\/wp\/v2\/product\/13969","targetHints":{"allow":["GET"]}}],"collection":[{"href":"https:\/\/pendragongamestudio.com\/it\/wp-json\/wp\/v2\/product"}],"about":[{"href":"https:\/\/pendragongamestudio.com\/it\/wp-json\/wp\/v2\/types\/product"}],"replies":[{"embeddable":true,"href":"https:\/\/pendragongamestudio.com\/it\/wp-json\/wp\/v2\/comments?post=13969"}],"wp:featuredmedia":[{"embeddable":true,"href":"https:\/\/pendragongamestudio.com\/it\/wp-json\/wp\/v2\/media\/13970"}],"wp:attachment":[{"href":"https:\/\/pendragongamestudio.com\/it\/wp-json\/wp\/v2\/media?parent=13969"}],"wp:term":[{"taxonomy":"product_brand","embeddable":true,"href":"https:\/\/pendragongamestudio.com\/it\/wp-json\/wp\/v2\/product_brand?post=13969"},{"taxonomy":"product_cat","embeddable":true,"href":"https:\/\/pendragongamestudio.com\/it\/wp-json\/wp\/v2\/product_cat?post=13969"},{"taxonomy":"product_tag","embeddable":true,"href":"https:\/\/pendragongamestudio.com\/it\/wp-json\/wp\/v2\/product_tag?post=13969"}],"curies":[{"name":"wp","href":"https:\/\/api.w.org\/{rel}","templated":true}]}}