{"id":13949,"date":"2026-04-21T17:25:08","date_gmt":"2026-04-21T15:25:08","guid":{"rendered":"https:\/\/pendragongamestudio.com\/it\/?post_type=product&#038;p=13949"},"modified":"2026-04-22T17:03:44","modified_gmt":"2026-04-22T15:03:44","slug":"compile-playmat-2","status":"publish","type":"product","link":"https:\/\/pendragongamestudio.com\/it\/product\/compile-playmat-2\/","title":{"rendered":"Compile MN02-Playmat"},"content":{"rendered":"<div class=\"wm-text-block\">\n<p data-start=\"0\" data-end=\"329\"><strong data-start=\"0\" data-end=\"20\">COMPILE: PLAYMAT<\/strong> \u2013 Accessorio per gioco di carte.<br data-start=\"53\" data-end=\"56\" \/>Potenzia la tua esperienza di gioco con questo tappetino di alta qualit\u00e0. Realizzato in neoprene, \u00e8 progettato per resistere anche alle partite pi\u00f9 intense. Lo spazio perfetto per due giocatori che si affrontano testa a testa.<\/p>\n<p data-start=\"331\" data-end=\"418\"><strong data-start=\"331\" data-end=\"343\">INCLUDE:<\/strong><br data-start=\"343\" data-end=\"346\" \/>1 tappetino in neoprene di alta qualit\u00e0<\/p>\n<\/div>\n","protected":false},"excerpt":{"rendered":"<p>Giocatori: 2<\/p>\n<p>Et\u00e0 14+<\/p>\n<p>Durata: 20 min<\/p>\n<p><strong>Attenzione<\/strong>: Non adatto a bambini di et\u00e0 inferiore ai 36 mesi. Contiene piccole parti, che se ingerite potrebbero provocare soffocamento.<\/p>\n<p>Fabbricato in Cina<\/p>\n","protected":false},"featured_media":13289,"comment_status":"open","ping_status":"closed","template":"","meta":[],"product_brand":[],"product_cat":[39,43],"product_tag":[14075,14078,14123,14114,13529],"class_list":{"0":"post-13949","1":"product","2":"type-product","3":"status-publish","4":"has-post-thumbnail","6":"product_cat-giochi-di-carte","7":"product_cat-exclusives","8":"product_tag-carte","9":"product_tag-combo","10":"product_tag-compile","11":"product_tag-deck-building","12":"product_tag-gioco-di-carte","14":"first","15":"instock","16":"taxable","17":"shipping-taxable","18":"purchasable","19":"product-type-simple"},"_links":{"self":[{"href":"https:\/\/pendragongamestudio.com\/it\/wp-json\/wp\/v2\/product\/13949","targetHints":{"allow":["GET"]}}],"collection":[{"href":"https:\/\/pendragongamestudio.com\/it\/wp-json\/wp\/v2\/product"}],"about":[{"href":"https:\/\/pendragongamestudio.com\/it\/wp-json\/wp\/v2\/types\/product"}],"replies":[{"embeddable":true,"href":"https:\/\/pendragongamestudio.com\/it\/wp-json\/wp\/v2\/comments?post=13949"}],"wp:featuredmedia":[{"embeddable":true,"href":"https:\/\/pendragongamestudio.com\/it\/wp-json\/wp\/v2\/media\/13289"}],"wp:attachment":[{"href":"https:\/\/pendragongamestudio.com\/it\/wp-json\/wp\/v2\/media?parent=13949"}],"wp:term":[{"taxonomy":"product_brand","embeddable":true,"href":"https:\/\/pendragongamestudio.com\/it\/wp-json\/wp\/v2\/product_brand?post=13949"},{"taxonomy":"product_cat","embeddable":true,"href":"https:\/\/pendragongamestudio.com\/it\/wp-json\/wp\/v2\/product_cat?post=13949"},{"taxonomy":"product_tag","embeddable":true,"href":"https:\/\/pendragongamestudio.com\/it\/wp-json\/wp\/v2\/product_tag?post=13949"}],"curies":[{"name":"wp","href":"https:\/\/api.w.org\/{rel}","templated":true}]}}