{"id":13761,"date":"2026-02-18T13:42:30","date_gmt":"2026-02-18T12:42:30","guid":{"rendered":"https:\/\/pendragongamestudio.com\/it\/?post_type=product&#038;p=13761"},"modified":"2026-04-01T16:35:03","modified_gmt":"2026-04-01T14:35:03","slug":"the-witcher-vecchio-mondo-caccia-leggendaria","status":"publish","type":"product","link":"https:\/\/pendragongamestudio.com\/it\/product\/the-witcher-vecchio-mondo-caccia-leggendaria\/","title":{"rendered":"The Witcher: Vecchio Mondo &#8211; Caccia Leggendaria"},"content":{"rendered":"<div class=\"wm-text-block\">\n<p><strong>ATTENZIONE: QUESTO E&#8217; UN PREORDINE.<\/strong><\/p>\n<p>Per rimanere aggiornati sempre sul calendario di produzione dei nostri giochi, ti consigliamo di visitare questa <a href=\"https:\/\/pendragongamestudio.com\/it\/in-produzione\/\">pagina<\/a>.<\/p>\n<p><strong data-start=\"0\" data-end=\"33\">Questo non \u00e8 un gioco completo, ma un\u2019espansione. Per poter utilizzare The Witcher: Vecchio Mondo &#8211; Caccia Leggendaria dovete possedere una copia di The Witcher: Vecchio Mondo<\/strong><\/p>\n<\/div>\n<div class=\"wm-text-block\">\n<p data-start=\"126\" data-end=\"258\">Alcuni mostri sono tanto potenti che spargono intorno a loro paura e distruzione, citt\u00e0 dopo citt\u00e0. Qualunque Witcher diventerebbe una leggenda, se uccidesse una bestia cos\u00ec pericolosa; ma non tutti i witcher sono in grado di affrontare una sfida cos\u00ec audace! Partecipa alla Caccia Leggendaria e affronta le bestie pi\u00f9 potenti che infestano il Continente!<\/p>\n<div class=\"flex flex-col text-sm pb-25\">\n<article class=\"text-token-text-primary w-full focus:outline-none [--shadow-height:45px] has-data-writing-block:pointer-events-none has-data-writing-block:-mt-(--shadow-height) has-data-writing-block:pt-(--shadow-height) [&amp;:has([data-writing-block])&gt;*]:pointer-events-auto scroll-mt-[calc(var(--header-height)+min(200px,max(70px,20svh)))]\" dir=\"auto\" tabindex=\"-1\" data-turn-id=\"9c391b77-374f-44c0-b3cb-bef2745b7af1\" data-testid=\"conversation-turn-4\" data-scroll-anchor=\"true\" data-turn=\"assistant\">\n<div class=\"text-base my-auto mx-auto pb-10 [--thread-content-margin:--spacing(4)] @w-sm\/main:[--thread-content-margin:--spacing(6)] @w-lg\/main:[--thread-content-margin:--spacing(16)] px-(--thread-content-margin)\">\n<div class=\"[--thread-content-max-width:40rem] @w-lg\/main:[--thread-content-max-width:48rem] mx-auto max-w-(--thread-content-max-width) flex-1 group\/turn-messages focus-visible:outline-hidden relative flex w-full min-w-0 flex-col agent-turn\" tabindex=\"-1\">\n<div class=\"mt-3 w-full empty:hidden\">\n<div class=\"text-center\"><\/div>\n<\/div>\n<\/div>\n<\/div>\n<\/article>\n<\/div>\n<div class=\"pointer-events-none h-px w-px absolute bottom-0\" aria-hidden=\"true\" data-edge=\"true\"><\/div>\n<p><strong>CONTENUTO<\/strong>: Miniature Mostro Leggendario (7), Segnalini Distruzione (24), Carta grande Aiuto (1), Carte Scontro Speciali (20), Carte Movimento del Mostro Leggendario (12), Carte Mostro Leggendario grandi (7)<\/p>\n<p data-start=\"99\" data-end=\"839\">\n<\/div>\n","protected":false},"excerpt":{"rendered":"<p>Giocatori: <span class=\"ng-scope ng-isolate-scope\"><span class=\"ng-binding ng-scope\">1<\/span><span class=\"ng-binding ng-scope\">\u20135<\/span><\/span><\/p>\n<p>Et\u00e0 14+<\/p>\n<p>Durata: <span class=\"ng-binding ng-scope\">90<\/span><span class=\"ng-binding ng-scope\">\u2013150<\/span>\u00a0min<\/p>\n<p><strong>Attenzione<\/strong>: Non adatto a bambini di et\u00e0 inferiore ai 36 mesi. Contiene piccole parti, che se ingerite potrebbero provocare soffocamento.<\/p>\n<p>Fabbricato in Cina<\/p>\n","protected":false},"featured_media":13762,"comment_status":"open","ping_status":"closed","template":"","meta":[],"product_brand":[],"product_cat":[13640,38],"product_tag":[14136,14137,14139,14140,14138,14135],"class_list":{"0":"post-13761","1":"product","2":"type-product","3":"status-publish","4":"has-post-thumbnail","6":"product_cat-preordini","7":"product_cat-giochi-da-tavolo","8":"product_tag-control","9":"product_tag-controllo-territorio","10":"product_tag-esperti","11":"product_tag-gioco-asimmetrico","12":"product_tag-strategia","13":"product_tag-wroth","15":"first","16":"onbackorder","17":"taxable","18":"shipping-taxable","19":"purchasable","20":"product-type-simple"},"_links":{"self":[{"href":"https:\/\/pendragongamestudio.com\/it\/wp-json\/wp\/v2\/product\/13761","targetHints":{"allow":["GET"]}}],"collection":[{"href":"https:\/\/pendragongamestudio.com\/it\/wp-json\/wp\/v2\/product"}],"about":[{"href":"https:\/\/pendragongamestudio.com\/it\/wp-json\/wp\/v2\/types\/product"}],"replies":[{"embeddable":true,"href":"https:\/\/pendragongamestudio.com\/it\/wp-json\/wp\/v2\/comments?post=13761"}],"wp:featuredmedia":[{"embeddable":true,"href":"https:\/\/pendragongamestudio.com\/it\/wp-json\/wp\/v2\/media\/13762"}],"wp:attachment":[{"href":"https:\/\/pendragongamestudio.com\/it\/wp-json\/wp\/v2\/media?parent=13761"}],"wp:term":[{"taxonomy":"product_brand","embeddable":true,"href":"https:\/\/pendragongamestudio.com\/it\/wp-json\/wp\/v2\/product_brand?post=13761"},{"taxonomy":"product_cat","embeddable":true,"href":"https:\/\/pendragongamestudio.com\/it\/wp-json\/wp\/v2\/product_cat?post=13761"},{"taxonomy":"product_tag","embeddable":true,"href":"https:\/\/pendragongamestudio.com\/it\/wp-json\/wp\/v2\/product_tag?post=13761"}],"curies":[{"name":"wp","href":"https:\/\/api.w.org\/{rel}","templated":true}]}}