{"id":13370,"date":"2025-11-12T14:28:40","date_gmt":"2025-11-12T13:28:40","guid":{"rendered":"https:\/\/pendragongamestudio.com\/it\/?post_type=product&#038;p=13370"},"modified":"2026-02-23T15:26:21","modified_gmt":"2026-02-23T14:26:21","slug":"bohemien","status":"publish","type":"product","link":"https:\/\/pendragongamestudio.com\/it\/product\/bohemien\/","title":{"rendered":"Boh\u00e9mien"},"content":{"rendered":"<div class=\"wm-text-block\">\n<p><strong>ATTENZIONE: QUESTO E&#8217; UN PREORDINE.<\/strong><\/p>\n<p>Per rimanere aggiornati sempre sul calendario di produzione dei nostri giochi, ti consigliamo di visitare questa <a href=\"https:\/\/pendragongamestudio.com\/it\/in-produzione\/\">pagina<\/a>.<\/p>\n<p data-start=\"77\" data-end=\"347\">Addentrati tra le pittoresche vie di Parigi, che ti regaleranno fughe romantiche e ispirazione, mentre cerchi di avere successo con il tuo lavoro da artista. Abbraccia lo stile di vita boh\u00e9mien, con la testa piena di sogni e la pancia vuota, e lotta per far s\u00ec che il tuo nome resti nella storia. Desideri cambiare il mondo con la tua arte, idealizzando la povert\u00e0 e rifiutando la societ\u00e0 tradizionale per raggiungere la libert\u00e0 artistica. Riuscirai a raggiungere il successo o finirai nel dimenticatoio?<\/p>\n<p data-start=\"349\" data-end=\"942\">In ogni round, i giocatori devono pianificare la routine della giornata e decidere se andare a un appuntamento, partecipare a un evento sociale, incontrare la propria musa, creare una nuova opera d\u2019arte oppure\u2026 andare a lavorare. Ogni carta offre diversi bonus e fonti di ispirazione, quindi gestire con attenzione la propria mano e l\u2019ordine in cui si giocano le carte \u00e8 fondamentale per ottenere il massimo rendimento.<br data-start=\"421\" data-end=\"424\" \/>I giocatori spendono poi la loro ispirazione per acquistare nuove carte e costruire il proprio mazzo con <strong data-start=\"529\" data-end=\"548\">nuove abitudini<\/strong>, <strong data-start=\"550\" data-end=\"570\">muse ispiratrici<\/strong> o <strong data-start=\"573\" data-end=\"601\">traguardi nella carriera<\/strong>.<br data-start=\"602\" data-end=\"605\" \/>L\u2019artista che conquista pi\u00f9 <strong data-start=\"633\" data-end=\"646\">obiettivi<\/strong> dal mazzo dei traguardi sar\u00e0 il vincitore.<\/p>\n<\/div>\n<p>&nbsp;<\/p>\n<div class=\"wm-text-block\">\n<p><strong>Contenuto<\/strong>: 4 Schede Giornata, 1 Scheda Atelier, 4 Gettoni Atelier, 4 Tessere Promemoria, 1 Tessera primo giocatore, 4 Mazzi iniziali, 40 Carte Abitudine, 10 Carte Rivoluzione, 13 Carte Obiettivo, 21 Carte Musa, 29 Carte Avversit\u00e0, 4 Tessere Professione, 12 Carte Partite in Solitaria, 3 Scenari degli Spirit dei Tempo<\/p>\n<\/div>\n","protected":false},"excerpt":{"rendered":"<p>Giocatori: 1-4<\/p>\n<p>Et\u00e0 14+<\/p>\n<p>Durata: 45-60 min<\/p>\n<p><strong>Attenzione<\/strong>: Non adatto a bambini di et\u00e0 inferiore ai 36 mesi. Contiene piccole parti, che se ingerite potrebbero provocare soffocamento.<\/p>\n<p>Fabbricato in Cina<\/p>\n","protected":false},"featured_media":13373,"comment_status":"open","ping_status":"closed","template":"","meta":[],"product_brand":[],"product_cat":[13640,38],"product_tag":[14115,14116,14075,14078,14114,13525],"class_list":{"0":"post-13370","1":"product","2":"type-product","3":"status-publish","4":"has-post-thumbnail","6":"product_cat-preordini","7":"product_cat-giochi-da-tavolo","8":"product_tag-arte","9":"product_tag-atelier","10":"product_tag-carte","11":"product_tag-combo","12":"product_tag-deck-building","13":"product_tag-gioco-da-tavolo","15":"first","16":"onbackorder","17":"taxable","18":"shipping-taxable","19":"purchasable","20":"product-type-simple"},"_links":{"self":[{"href":"https:\/\/pendragongamestudio.com\/it\/wp-json\/wp\/v2\/product\/13370","targetHints":{"allow":["GET"]}}],"collection":[{"href":"https:\/\/pendragongamestudio.com\/it\/wp-json\/wp\/v2\/product"}],"about":[{"href":"https:\/\/pendragongamestudio.com\/it\/wp-json\/wp\/v2\/types\/product"}],"replies":[{"embeddable":true,"href":"https:\/\/pendragongamestudio.com\/it\/wp-json\/wp\/v2\/comments?post=13370"}],"wp:featuredmedia":[{"embeddable":true,"href":"https:\/\/pendragongamestudio.com\/it\/wp-json\/wp\/v2\/media\/13373"}],"wp:attachment":[{"href":"https:\/\/pendragongamestudio.com\/it\/wp-json\/wp\/v2\/media?parent=13370"}],"wp:term":[{"taxonomy":"product_brand","embeddable":true,"href":"https:\/\/pendragongamestudio.com\/it\/wp-json\/wp\/v2\/product_brand?post=13370"},{"taxonomy":"product_cat","embeddable":true,"href":"https:\/\/pendragongamestudio.com\/it\/wp-json\/wp\/v2\/product_cat?post=13370"},{"taxonomy":"product_tag","embeddable":true,"href":"https:\/\/pendragongamestudio.com\/it\/wp-json\/wp\/v2\/product_tag?post=13370"}],"curies":[{"name":"wp","href":"https:\/\/api.w.org\/{rel}","templated":true}]}}