{"id":13181,"date":"2025-09-24T15:57:35","date_gmt":"2025-09-24T13:57:35","guid":{"rendered":"https:\/\/pendragongamestudio.com\/it\/?post_type=product&#038;p=13181"},"modified":"2026-03-29T20:00:53","modified_gmt":"2026-03-29T18:00:53","slug":"age-of-wonders-planetfall-italiano","status":"publish","type":"product","link":"https:\/\/pendragongamestudio.com\/it\/product\/age-of-wonders-planetfall-italiano\/","title":{"rendered":"Age of Wonders: Planetfall &#8211; ITALIANO"},"content":{"rendered":"<div class=\"wm-text-block\">\n<p>Per rimanere aggiornati sempre sul calendario di produzione dei nostri giochi, ti consigliamo di visitare questa <a href=\"https:\/\/pendragongamestudio.com\/it\/in-produzione\/\">pagina<\/a>.<\/p>\n<p>Gli anni d\u2019oro dell\u2019Unione Stellare sono finiti. Le Bombe Gravitazionali hanno provocato il Collasso, isolando mondi e lasciando solo poche fazioni. Ora sei il leader di uno dei sei gruppi pronti a esplorare i pianeti perduti, recuperare tecnologie preziose e ricostruire un nuovo impero dalle rovine del passato.<\/p>\n<\/div>\n<p data-start=\"478\" data-end=\"764\">La partita dura 7 round, ognuno ambientato su un nuovo pianeta. Esplora, combatti, studia tecnologie e conquista siti storici per guadagnare Punti Impero. Alla fine, ulteriori punti si ottengono soddisfacendo gli Obiettivi: chi ne avr\u00e0 di pi\u00f9 sar\u00e0 il nuovo erede dell\u2019Unione Stellare.<\/p>\n<div class=\"wm-text-block\">\n<p data-start=\"99\" data-end=\"839\"><strong data-start=\"99\" data-end=\"113\">Contenuto: <\/strong>\u2022 1 Plancia Operazioni \u2022 6 Schede Comandante a doppia faccia \u2022 8 Schede Obbiettivo \u2022 1 Indicatore Blocco \u2022 6 Indicatori Punteggio \u2022 98 Carte Pianeta \u2022 30 Segnalini in legno \u2022 1 Regolamento<\/p>\n<\/div>\n","protected":false},"excerpt":{"rendered":"<p>Giocatori: 2-6<\/p>\n<p>Et\u00e0 12+<\/p>\n<p>Durata: 20-40 min<\/p>\n<p><strong>Attenzione<\/strong>: Non adatto a bambini di et\u00e0 inferiore ai 36 mesi. Contiene piccole parti, che se ingerite potrebbero provocare soffocamento.<\/p>\n<p>Fabbricato in Cina<\/p>\n","protected":false},"featured_media":13182,"comment_status":"open","ping_status":"closed","template":"","meta":[],"product_brand":[],"product_cat":[39],"product_tag":[14058,14059,14060,14071,14057,14031,14074,14061,14073,14072],"class_list":{"0":"post-13181","1":"product","2":"type-product","3":"status-publish","4":"has-post-thumbnail","6":"product_cat-giochi-di-carte","7":"product_tag-astronavi","8":"product_tag-crociera","9":"product_tag-crociera-ad-incastro","10":"product_tag-planetfall","11":"product_tag-sci-fi","12":"product_tag-spazio","13":"product_tag-tattico","14":"product_tag-vacanza","15":"product_tag-videogame","16":"product_tag-videogioco","18":"first","19":"instock","20":"taxable","21":"shipping-taxable","22":"purchasable","23":"product-type-simple"},"_links":{"self":[{"href":"https:\/\/pendragongamestudio.com\/it\/wp-json\/wp\/v2\/product\/13181","targetHints":{"allow":["GET"]}}],"collection":[{"href":"https:\/\/pendragongamestudio.com\/it\/wp-json\/wp\/v2\/product"}],"about":[{"href":"https:\/\/pendragongamestudio.com\/it\/wp-json\/wp\/v2\/types\/product"}],"replies":[{"embeddable":true,"href":"https:\/\/pendragongamestudio.com\/it\/wp-json\/wp\/v2\/comments?post=13181"}],"wp:featuredmedia":[{"embeddable":true,"href":"https:\/\/pendragongamestudio.com\/it\/wp-json\/wp\/v2\/media\/13182"}],"wp:attachment":[{"href":"https:\/\/pendragongamestudio.com\/it\/wp-json\/wp\/v2\/media?parent=13181"}],"wp:term":[{"taxonomy":"product_brand","embeddable":true,"href":"https:\/\/pendragongamestudio.com\/it\/wp-json\/wp\/v2\/product_brand?post=13181"},{"taxonomy":"product_cat","embeddable":true,"href":"https:\/\/pendragongamestudio.com\/it\/wp-json\/wp\/v2\/product_cat?post=13181"},{"taxonomy":"product_tag","embeddable":true,"href":"https:\/\/pendragongamestudio.com\/it\/wp-json\/wp\/v2\/product_tag?post=13181"}],"curies":[{"name":"wp","href":"https:\/\/api.w.org\/{rel}","templated":true}]}}