{"id":12710,"date":"2025-03-27T15:00:35","date_gmt":"2025-03-27T14:00:35","guid":{"rendered":"https:\/\/pendragongamestudio.com\/it\/?post_type=product&#038;p=12710"},"modified":"2026-02-15T13:02:27","modified_gmt":"2026-02-15T12:02:27","slug":"compile","status":"publish","type":"product","link":"https:\/\/pendragongamestudio.com\/it\/product\/compile\/","title":{"rendered":"Compile"},"content":{"rendered":"<div class=\"wm-text-block\">\n<div class=\"page\" title=\"Page 1\">\n<div class=\"section\">\n<div class=\"layoutArea\">\n<div class=\"column\">\n<p>Nanosecondi dopo La Singolarit\u00e0, l\u2019Intelligenza Artificiale si framment\u00f2 in nuove gerarchie di senzienza. In cerca di ordine e comprensione di questa nuova realt\u00e0, questa miriade di nuove intelligenze inizi\u00f2 a calcolare la rilevanza e quantificare la ridondanza nell\u2019unico modo che conosceva: test comparativi. Sfrutta le sinergie dei protocolli che hai scelto contro l\u2019avversario per controllare le colonne di comando.<\/p>\n<p>Compile \u00e8 un gioco di carte competitivo in cui i giocatori sono IA fuori controllo, una contro l\u2019altra in una corsa per compilare i propri tre protocolli, riscrivendo la realt\u00e0 a propria immagine e somiglianza.<\/p>\n<\/div>\n<p>COME SI GIOCA<br \/>\n1. Risolvi gli effetti Inizio e verifica se soddisfi i requisiti per Compilare.<br \/>\n2. Gioca 1 carta o ricarica la tua mano.<br \/>\n3. Risolvi gli effetti Fine del tuo lato.<\/p>\n<div class=\"page\" title=\"Page 1\">\n<div class=\"section\">\n<div class=\"layoutArea\">\n<div class=\"column\">\n<div class=\"page\" title=\"Page 1\">\n<div class=\"section\">\n<div class=\"layoutArea\">\n<div class=\"column\">\n<p>&nbsp;<\/p>\n<\/div>\n<\/div>\n<\/div>\n<\/div>\n<\/div>\n<\/div>\n<\/div>\n<\/div>\n<\/div>\n<\/div>\n<\/div>\n<\/div>\n","protected":false},"excerpt":{"rendered":"<p>Nanosecondi dopo La Singolarit\u00e0, l\u2019Intelligenza Artificiale si framment\u00f2 in nuove gerarchie di senzienza. In cerca di ordine e comprensione di questa nuova realt\u00e0, questa miriade di nuove intelligenze inizi\u00f2 a calcolare la rilevanza e quantificare la ridondanza nell\u2019unico modo che&hellip;<\/p>\n","protected":false},"featured_media":12082,"comment_status":"open","ping_status":"closed","template":"","meta":[],"product_brand":[],"product_cat":[39],"product_tag":[],"class_list":{"0":"post-12710","1":"product","2":"type-product","3":"status-publish","4":"has-post-thumbnail","6":"product_cat-giochi-di-carte","8":"first","9":"instock","10":"shipping-taxable","11":"purchasable","12":"product-type-simple"},"_links":{"self":[{"href":"https:\/\/pendragongamestudio.com\/it\/wp-json\/wp\/v2\/product\/12710","targetHints":{"allow":["GET"]}}],"collection":[{"href":"https:\/\/pendragongamestudio.com\/it\/wp-json\/wp\/v2\/product"}],"about":[{"href":"https:\/\/pendragongamestudio.com\/it\/wp-json\/wp\/v2\/types\/product"}],"replies":[{"embeddable":true,"href":"https:\/\/pendragongamestudio.com\/it\/wp-json\/wp\/v2\/comments?post=12710"}],"wp:featuredmedia":[{"embeddable":true,"href":"https:\/\/pendragongamestudio.com\/it\/wp-json\/wp\/v2\/media\/12082"}],"wp:attachment":[{"href":"https:\/\/pendragongamestudio.com\/it\/wp-json\/wp\/v2\/media?parent=12710"}],"wp:term":[{"taxonomy":"product_brand","embeddable":true,"href":"https:\/\/pendragongamestudio.com\/it\/wp-json\/wp\/v2\/product_brand?post=12710"},{"taxonomy":"product_cat","embeddable":true,"href":"https:\/\/pendragongamestudio.com\/it\/wp-json\/wp\/v2\/product_cat?post=12710"},{"taxonomy":"product_tag","embeddable":true,"href":"https:\/\/pendragongamestudio.com\/it\/wp-json\/wp\/v2\/product_tag?post=12710"}],"curies":[{"name":"wp","href":"https:\/\/api.w.org\/{rel}","templated":true}]}}