{"id":12537,"date":"2025-02-05T17:34:25","date_gmt":"2025-02-05T16:34:25","guid":{"rendered":"https:\/\/pendragongamestudio.com\/it\/?post_type=product&#038;p=12537"},"modified":"2025-04-08T12:15:37","modified_gmt":"2025-04-08T10:15:37","slug":"pyramido-tesori-dimenticati","status":"publish","type":"product","link":"https:\/\/pendragongamestudio.com\/it\/product\/pyramido-tesori-dimenticati\/","title":{"rendered":"Pyramido &#8211; Tesori Dimenticati"},"content":{"rendered":"<p class=\"p1\">In Pyramido Tesori Dimenticati, impersonerete intrepidi esploratori che si butteranno a capofitto in un&#8217;ardita missione per svelare le meraviglie delle piramidi nascoste nel cuore della giungla, Le leggende narrano di miriadi di gemme preziose sepolte all&#8217;interno dei corridoi labirintici. Forniti di nulla all&#8217;infuori di una mappa improvvisata e tanta determinazione, vi avventurerete nelle oscure profondit\u00e0 della piramide, mappandone i passaggi in continuo mutamento. collezionando una fortuna in gemme scintillanti. Ma affrettatevi, poich\u00e9 i vostri rivali punteranno a soffiarvi le gemme sotto il naso e rivendicare la gloria tutta per s\u00e9, Che vinca il miglior esploratore!<\/p>\n<p>Secondo capitolo del gi\u00e0 premiato Pyramido, Tesori Dimenticati vi permetter\u00e0 di affrontare nuove sfide ed una nuova modalit\u00e0 di gioco, aggiungendo inoltre la possibilit\u00e0 del gioco in solitario.<\/p>\n<p class=\"p1\"><strong>CONTENUTO<\/strong>: 90 tessere domino, 45 gemme colorate, 18 gemme mitiche, 1 sacchetto delle gemme, 1 blocco dei punteggi.<\/p>\n<p class=\"p1\"><strong>CON TUTTI I PREORDINI VERRA&#8217; REGALATO UNO SPECIALE ESCLUSIVO PLAYMAT DI GIOCO<\/strong><\/p>\n","protected":false},"excerpt":{"rendered":"<p>Giocatori: 1-4<\/p>\n<p>Et\u00e0 8+<\/p>\n<p>Durata: 45 min<\/p>\n<p><strong>Attenzione<\/strong>: Non adatto a bambini di et\u00e0 inferiore ai 36 mesi. Contiene piccole parti, che se ingerite potrebbero provocare soffocamento.<\/p>\n<p>Fabbricato in Cina<\/p>\n","protected":false},"featured_media":12243,"comment_status":"open","ping_status":"closed","template":"","meta":[],"product_brand":[],"product_cat":[38],"product_tag":[13954,13953,13955],"class_list":{"0":"post-12537","1":"product","2":"type-product","3":"status-publish","4":"has-post-thumbnail","6":"product_cat-giochi-da-tavolo","7":"product_tag-gioco-di-tessere","8":"product_tag-pyramido","9":"product_tag-synapses","11":"first","12":"instock","13":"taxable","14":"shipping-taxable","15":"purchasable","16":"product-type-simple"},"_links":{"self":[{"href":"https:\/\/pendragongamestudio.com\/it\/wp-json\/wp\/v2\/product\/12537","targetHints":{"allow":["GET"]}}],"collection":[{"href":"https:\/\/pendragongamestudio.com\/it\/wp-json\/wp\/v2\/product"}],"about":[{"href":"https:\/\/pendragongamestudio.com\/it\/wp-json\/wp\/v2\/types\/product"}],"replies":[{"embeddable":true,"href":"https:\/\/pendragongamestudio.com\/it\/wp-json\/wp\/v2\/comments?post=12537"}],"wp:featuredmedia":[{"embeddable":true,"href":"https:\/\/pendragongamestudio.com\/it\/wp-json\/wp\/v2\/media\/12243"}],"wp:attachment":[{"href":"https:\/\/pendragongamestudio.com\/it\/wp-json\/wp\/v2\/media?parent=12537"}],"wp:term":[{"taxonomy":"product_brand","embeddable":true,"href":"https:\/\/pendragongamestudio.com\/it\/wp-json\/wp\/v2\/product_brand?post=12537"},{"taxonomy":"product_cat","embeddable":true,"href":"https:\/\/pendragongamestudio.com\/it\/wp-json\/wp\/v2\/product_cat?post=12537"},{"taxonomy":"product_tag","embeddable":true,"href":"https:\/\/pendragongamestudio.com\/it\/wp-json\/wp\/v2\/product_tag?post=12537"}],"curies":[{"name":"wp","href":"https:\/\/api.w.org\/{rel}","templated":true}]}}