{"id":12319,"date":"2024-11-29T18:03:26","date_gmt":"2024-11-29T17:03:26","guid":{"rendered":"https:\/\/pendragongamestudio.com\/it\/?post_type=product&#038;p=12319"},"modified":"2025-12-01T09:01:47","modified_gmt":"2025-12-01T08:01:47","slug":"thorgal-il-gioco-da-tavolo-deluxe-version","status":"publish","type":"product","link":"https:\/\/pendragongamestudio.com\/it\/product\/thorgal-il-gioco-da-tavolo-deluxe-version\/","title":{"rendered":"Thorgal &#8211; Il gioco da tavolo Deluxe version"},"content":{"rendered":"<div class=\"wm-text-block\">\n<p><strong>Thorgal: Il gioco da tavolo<\/strong> \u00e8 un gioco cooperativo di avventura ambientato ambientato nel fantastico mondo dell&#8217;omonimo fumetto. Affronterete avventura fantastiche nei panni del coraggioso Thorgal, della sua indomita moglie Aaricia, del giovane Jolan e della letale guerriera Kriss. All&#8217;interno di questa confezione troverete 7 avventure indipendenti, ognuna della durata di 90-120 minuti. Ciascuna partita sar\u00e0 un&#8217;esperienza a s\u00e9 stante, senza elementi di campagna o legacy, che pu\u00f2 essere rigiocata pi\u00f9 volte anche con giocatori diversi. Ogni avventura vi porter\u00e0 su una mappa diversa, che dovrete esplorare per raggiungere i vostri obiettivi. All&#8217;interno della scatola troverete anche il Libro delle Storie, ricco di incontri che attendono i Personaggi nel corso delle loro avventure.<\/p>\n<p><strong>Thorgal: Il gioco da tavolo <\/strong>combina forti elementi narrativi con una meccanica di selezione delle azioni assolutamente innovativa e originale. Dovrete pianificare con cura ogni vostra. mossa, poich\u00e8 anche l&#8217;ordine di scelta delle azioni avr\u00e0 un impatto diretto sulla loro efficacia. Una sfida che apre un nuovo spazio decisionale, rendendo importante il turno di ogni singolo giocatore.<\/p>\n<\/div>\n<div class=\"wm-text-block\">\n<p><strong>Contenuto<\/strong>: 1 Atlante dell&#8217;Avventura (con 7 Avventure rigiocabili). 1 Libro delle Storie, 4 Schede dell&#8217;Avventura, 4 miniature, 4 plancie dei Personaggi, 4 gettoni Azione, 12 dadi speciali, 100+ pedine in legno, 150+ carte (formato 63&#215;88), 40+ carte \/formato 44&#215;68), 250+ segnalini e tessere, 1 Regolamento.<\/p>\n<p>La versione Deluxe contiene inoltre:<\/p>\n<div>&#8211; L&#8217;Atlante dell&#8217;Avventura ha 10 avventure invece di 7 (e di conseguenza ci sono 5 plance avventura fronte\/retro anzich\u00e9 4)<\/div>\n<div>&#8211; Il libro delle storie ha 172 pagine di scenari invece di 104<\/div>\n<div>&#8211; 8 miniature invece di 4<\/div>\n<div>&#8211; 7 plance dei personaggi invece di 4<\/div>\n<div>&#8211; 200+ carte 63&#215;88 invece di 150+<\/div>\n<div>&#8211; 70+ carte 44&#215;68 invece di 40+<\/div>\n<\/div>\n<p>QUANTITA&#8217; LIMITATE DISPONIBILI FINO AD ESAURIMENTO SCORTE &#8211; PRODOTTO NON DISPONIBILE IN DISTRIBUZIONE<\/p>\n","protected":false},"excerpt":{"rendered":"<p>Giocatori: 1-4<\/p>\n<p>Et\u00e0 14+<\/p>\n<p>Durata: 90-120 min<\/p>\n<p><strong>Attenzione<\/strong>: Non adatto a bambini di et\u00e0 inferiore ai 36 mesi. Contiene piccole parti, che se ingerite potrebbero provocare soffocamento.<\/p>\n<p>Fabbricato in Cina<\/p>\n","protected":false},"featured_media":12302,"comment_status":"open","ping_status":"closed","template":"","meta":[],"product_brand":[],"product_cat":[38,43],"product_tag":[13997,14022,13525,14021],"class_list":{"0":"post-12319","1":"product","2":"type-product","3":"status-publish","4":"has-post-thumbnail","6":"product_cat-giochi-da-tavolo","7":"product_cat-exclusives","8":"product_tag-board-game-that-tell-stories","9":"product_tag-fumetto","10":"product_tag-gioco-da-tavolo","11":"product_tag-thorgal","13":"first","14":"instock","15":"taxable","16":"shipping-taxable","17":"purchasable","18":"product-type-simple"},"_links":{"self":[{"href":"https:\/\/pendragongamestudio.com\/it\/wp-json\/wp\/v2\/product\/12319","targetHints":{"allow":["GET"]}}],"collection":[{"href":"https:\/\/pendragongamestudio.com\/it\/wp-json\/wp\/v2\/product"}],"about":[{"href":"https:\/\/pendragongamestudio.com\/it\/wp-json\/wp\/v2\/types\/product"}],"replies":[{"embeddable":true,"href":"https:\/\/pendragongamestudio.com\/it\/wp-json\/wp\/v2\/comments?post=12319"}],"wp:featuredmedia":[{"embeddable":true,"href":"https:\/\/pendragongamestudio.com\/it\/wp-json\/wp\/v2\/media\/12302"}],"wp:attachment":[{"href":"https:\/\/pendragongamestudio.com\/it\/wp-json\/wp\/v2\/media?parent=12319"}],"wp:term":[{"taxonomy":"product_brand","embeddable":true,"href":"https:\/\/pendragongamestudio.com\/it\/wp-json\/wp\/v2\/product_brand?post=12319"},{"taxonomy":"product_cat","embeddable":true,"href":"https:\/\/pendragongamestudio.com\/it\/wp-json\/wp\/v2\/product_cat?post=12319"},{"taxonomy":"product_tag","embeddable":true,"href":"https:\/\/pendragongamestudio.com\/it\/wp-json\/wp\/v2\/product_tag?post=12319"}],"curies":[{"name":"wp","href":"https:\/\/api.w.org\/{rel}","templated":true}]}}