{"id":11564,"date":"2024-06-29T10:59:41","date_gmt":"2024-06-29T08:59:41","guid":{"rendered":"https:\/\/pendragongamestudio.com\/it\/?post_type=product&#038;p=11564"},"modified":"2024-12-20T09:55:11","modified_gmt":"2024-12-20T08:55:11","slug":"yokohama","status":"publish","type":"product","link":"https:\/\/pendragongamestudio.com\/it\/product\/yokohama\/","title":{"rendered":"Yokohama"},"content":{"rendered":"<div class=\"wm-text-block\">\n<p>Affronta un viaggio appassionante per le frenetiche vie di Yokohama, dove tradizione e operosit\u00e0 incontrano e ogni angolo di strada offre nuove opportunit\u00e0. Yokohama \u00e8 un gioco da tavolo coinvolgente che ti tuffa nel vivace mondo del Giappone del XIX secolo, durante l&#8217;ascesa di questa citt\u00e0 a fiorente centro commerciale.<\/p>\n<\/div>\n<p>In Yokohama i giocatori vestono i panni di ambiziosi mercanti, in lizza per ottenere ricchezza e prestigio in un periodo di grande cambiamento. Dovrai usare ingegno e strategia per affrontare le strade affollate, gestire una squadra di fedeli assistenti e forgiare il tuo impero commerciale.<\/p>\n<p>Yokohama sfida la tua capacit\u00e0 di pianificare ogni mossa con un mix di piazzamento di lavoratori e gestione risorse. Usa l&#8217;astuzia e prendi le decisioni migliori per raggiungerei tuoi obiettivi prima degli altri giocatori.<\/p>\n<p>&nbsp;<\/p>\n<div class=\"wm-text-block\">\n<p><strong>Contenuto<\/strong>: 4 Presidenti, 92 Assistenti, 32 Negozi, 16 Uffici Commerciali, 10 Segnalini Agente Straniero, 144 segnalini prodotto, 23 segnalini merce d&#8217;importazione, 20 segnalini &#8220;5 potere&#8221;, 1 segnalino stazione, 52 segnalini 1 Y, 16 segnalini 3 Y, 4 plance magazzino, 6 plance gestione, 18 plance area, 24 tessere degli edifici, 12 tessere obiettivo, 36 carte ordine, 30 carte tecnologia, 4 promemoria per i giocatori, 1 indicatore del giocatore iniziale, 6 segnalini ricompensa per gli obiettivi, 5 segnalini &#8220;5 potere&#8221; Agente indipendente e 1 regolamento.<\/p>\n<\/div>\n","protected":false},"excerpt":{"rendered":"<p>Giocatori: 2-4<\/p>\n<p>Et\u00e0 14+<\/p>\n<p>Durata: 90 min<\/p>\n<p><strong>Attenzione<\/strong>: Non adatto a bambini di et\u00e0 inferiore ai 36 mesi. Contiene piccole parti, che se ingerite potrebbero provocare soffocamento.<\/p>\n<p>Fabbricato in Cina<\/p>\n","protected":false},"featured_media":10925,"comment_status":"open","ping_status":"closed","template":"","meta":[],"product_brand":[],"product_cat":[38],"product_tag":[13969,13525,13955,13994],"class_list":{"0":"post-11564","1":"product","2":"type-product","3":"status-publish","4":"has-post-thumbnail","6":"product_cat-giochi-da-tavolo","7":"product_tag-giappone","8":"product_tag-gioco-da-tavolo","9":"product_tag-synapses","10":"product_tag-yokohama","12":"first","13":"instock","14":"taxable","15":"shipping-taxable","16":"purchasable","17":"product-type-simple"},"_links":{"self":[{"href":"https:\/\/pendragongamestudio.com\/it\/wp-json\/wp\/v2\/product\/11564","targetHints":{"allow":["GET"]}}],"collection":[{"href":"https:\/\/pendragongamestudio.com\/it\/wp-json\/wp\/v2\/product"}],"about":[{"href":"https:\/\/pendragongamestudio.com\/it\/wp-json\/wp\/v2\/types\/product"}],"replies":[{"embeddable":true,"href":"https:\/\/pendragongamestudio.com\/it\/wp-json\/wp\/v2\/comments?post=11564"}],"wp:featuredmedia":[{"embeddable":true,"href":"https:\/\/pendragongamestudio.com\/it\/wp-json\/wp\/v2\/media\/10925"}],"wp:attachment":[{"href":"https:\/\/pendragongamestudio.com\/it\/wp-json\/wp\/v2\/media?parent=11564"}],"wp:term":[{"taxonomy":"product_brand","embeddable":true,"href":"https:\/\/pendragongamestudio.com\/it\/wp-json\/wp\/v2\/product_brand?post=11564"},{"taxonomy":"product_cat","embeddable":true,"href":"https:\/\/pendragongamestudio.com\/it\/wp-json\/wp\/v2\/product_cat?post=11564"},{"taxonomy":"product_tag","embeddable":true,"href":"https:\/\/pendragongamestudio.com\/it\/wp-json\/wp\/v2\/product_tag?post=11564"}],"curies":[{"name":"wp","href":"https:\/\/api.w.org\/{rel}","templated":true}]}}