{"id":11558,"date":"2024-06-27T10:53:47","date_gmt":"2024-06-27T08:53:47","guid":{"rendered":"https:\/\/pendragongamestudio.com\/it\/?post_type=product&#038;p=11558"},"modified":"2025-08-03T16:07:18","modified_gmt":"2025-08-03T14:07:18","slug":"revolver-noir","status":"publish","type":"product","link":"https:\/\/pendragongamestudio.com\/it\/product\/revolver-noir\/","title":{"rendered":"Revolver Noir"},"content":{"rendered":"<div class=\"wm-text-block\">\n<p class=\"p1\">Doveva essere un lavoretto facile, l&#8217;indagine in questa villa abbandonata. All&#8217;improvviso uno sparo irrompe dall&#8217;oscurit\u00e0, e il proiettile manda in mille pezzi l&#8217;intonaco alle tue spalle. A quanto pare c&#8217;\u00e8 qualcun altro qui, e solo uno dei due se ne andr\u00e0 vivo.<\/p>\n<\/div>\n<div class=\"wm-text-block\">\n<p><strong>Contenuto<\/strong>: 16 carte stanza, 2 carte riassuntive<\/p>\n<\/div>\n","protected":false},"excerpt":{"rendered":"<p>Giocatori: 2<\/p>\n<p>Et\u00e0 10+<\/p>\n<p>Durata: 15 min<\/p>\n<p><strong>Attenzione<\/strong>: Non adatto a bambini di et\u00e0 inferiore ai 36 mesi. Contiene piccole parti, che se ingerite potrebbero provocare soffocamento.<\/p>\n<p>Fabbricato in Cina<\/p>\n","protected":false},"featured_media":11462,"comment_status":"open","ping_status":"closed","template":"","meta":[],"product_brand":[],"product_cat":[39],"product_tag":[13901,13529,13900,13792],"class_list":{"0":"post-11558","1":"product","2":"type-product","3":"status-publish","4":"has-post-thumbnail","6":"product_cat-giochi-di-carte","7":"product_tag-1v1","8":"product_tag-gioco-di-carte","9":"product_tag-skytear","10":"product_tag-solitario","12":"first","13":"instock","14":"taxable","15":"shipping-taxable","16":"purchasable","17":"product-type-simple"},"_links":{"self":[{"href":"https:\/\/pendragongamestudio.com\/it\/wp-json\/wp\/v2\/product\/11558","targetHints":{"allow":["GET"]}}],"collection":[{"href":"https:\/\/pendragongamestudio.com\/it\/wp-json\/wp\/v2\/product"}],"about":[{"href":"https:\/\/pendragongamestudio.com\/it\/wp-json\/wp\/v2\/types\/product"}],"replies":[{"embeddable":true,"href":"https:\/\/pendragongamestudio.com\/it\/wp-json\/wp\/v2\/comments?post=11558"}],"wp:featuredmedia":[{"embeddable":true,"href":"https:\/\/pendragongamestudio.com\/it\/wp-json\/wp\/v2\/media\/11462"}],"wp:attachment":[{"href":"https:\/\/pendragongamestudio.com\/it\/wp-json\/wp\/v2\/media?parent=11558"}],"wp:term":[{"taxonomy":"product_brand","embeddable":true,"href":"https:\/\/pendragongamestudio.com\/it\/wp-json\/wp\/v2\/product_brand?post=11558"},{"taxonomy":"product_cat","embeddable":true,"href":"https:\/\/pendragongamestudio.com\/it\/wp-json\/wp\/v2\/product_cat?post=11558"},{"taxonomy":"product_tag","embeddable":true,"href":"https:\/\/pendragongamestudio.com\/it\/wp-json\/wp\/v2\/product_tag?post=11558"}],"curies":[{"name":"wp","href":"https:\/\/api.w.org\/{rel}","templated":true}]}}