{"id":11434,"date":"2024-05-24T12:03:26","date_gmt":"2024-05-24T10:03:26","guid":{"rendered":"https:\/\/pendragongamestudio.com\/it\/?post_type=product&#038;p=11434"},"modified":"2025-08-19T00:04:28","modified_gmt":"2025-08-18T22:04:28","slug":"viking-raiders","status":"publish","type":"product","link":"https:\/\/pendragongamestudio.com\/it\/product\/viking-raiders\/","title":{"rendered":"Viking Raiders"},"content":{"rendered":"<div class=\"wm-text-block\">\n<p class=\"p1\">Sei uno spietato comandante vichingo in missione per ottenere la flotta pi\u00f9 grande, il clan pi\u00f9 numeroso e il bottino pi\u00f9 abbondante. Con frequenti incursioni, saccheggi e interferenze degli dei norreni, ti sembrer\u00e0 di essere un vero vichingo dalla prima carta pescata fino alle pugnalate e alle mosse sanguinari finali. E diciamocelo, chi non vorrebbe essere un vichingo per tre quarti d&#8217;ora?<\/p>\n<\/div>\n<p>Ogni turno visiterai il quartiermastro e otterrai 2 carte Vichingo. Qui scoprirai cosa ha rimediato il tuo clan mentre eri impegnato a comandare. Si saranno dedicati a recuperare risorse come Cibo, Legno, Pietra, Oro o altri Vichingi? Queste ti permetteranno di comprare miglioramenti dal Mercato: imbarcazioni per la tua flotta di Navi, edifici per il tuo Clan e oggetti per il tuo Bottino. O forse si sono preparati ad agire! Avranno elaborato un piano per uno scontro veloce, o forse avranno pianificato un&#8217;incursione mattutina? Magari avranno ottenuto il favore di qualche divinit\u00e0 nordica o addirittura catturato un berserker errante? Qualunque cosa il tuo Clan recuperi, spendi le risorse con saggezza e pianifica le azioni con attenzione, mentre combatti per la supremazia e la vittoria finale!<\/p>\n<p>Non mescolate le carte dei mazzi alla prima partita, perch\u00e8 i mazzi sono preparati per insegnarti a giocare passo per passo.<\/p>\n<p>Vincitore del premio come miglior gioco di carte a UKGE 2023.<\/p>\n<div class=\"wm-text-block\">\n<p>&nbsp;<\/p>\n<p><strong>Contenuto<\/strong>: 197 carte, 2 regolamenti<\/p>\n<p>&nbsp;<\/p>\n<\/div>\n","protected":false},"excerpt":{"rendered":"<p>Giocatori: 2-5<\/p>\n<p>Et\u00e0 9+<\/p>\n<p>Durata: 45-60 min<\/p>\n<p><strong>Attenzione<\/strong>: Non adatto a bambini di et\u00e0 inferiore ai 36 mesi. Contiene piccole parti, che se ingerite potrebbero provocare soffocamento.<\/p>\n<p>Fabbricato in Cina<\/p>\n","protected":false},"featured_media":10667,"comment_status":"open","ping_status":"closed","template":"","meta":[],"product_brand":[],"product_cat":[39],"product_tag":[13901,13529,13900,13792],"class_list":{"0":"post-11434","1":"product","2":"type-product","3":"status-publish","4":"has-post-thumbnail","6":"product_cat-giochi-di-carte","7":"product_tag-1v1","8":"product_tag-gioco-di-carte","9":"product_tag-skytear","10":"product_tag-solitario","12":"first","13":"instock","14":"taxable","15":"shipping-taxable","16":"purchasable","17":"product-type-simple"},"_links":{"self":[{"href":"https:\/\/pendragongamestudio.com\/it\/wp-json\/wp\/v2\/product\/11434","targetHints":{"allow":["GET"]}}],"collection":[{"href":"https:\/\/pendragongamestudio.com\/it\/wp-json\/wp\/v2\/product"}],"about":[{"href":"https:\/\/pendragongamestudio.com\/it\/wp-json\/wp\/v2\/types\/product"}],"replies":[{"embeddable":true,"href":"https:\/\/pendragongamestudio.com\/it\/wp-json\/wp\/v2\/comments?post=11434"}],"wp:featuredmedia":[{"embeddable":true,"href":"https:\/\/pendragongamestudio.com\/it\/wp-json\/wp\/v2\/media\/10667"}],"wp:attachment":[{"href":"https:\/\/pendragongamestudio.com\/it\/wp-json\/wp\/v2\/media?parent=11434"}],"wp:term":[{"taxonomy":"product_brand","embeddable":true,"href":"https:\/\/pendragongamestudio.com\/it\/wp-json\/wp\/v2\/product_brand?post=11434"},{"taxonomy":"product_cat","embeddable":true,"href":"https:\/\/pendragongamestudio.com\/it\/wp-json\/wp\/v2\/product_cat?post=11434"},{"taxonomy":"product_tag","embeddable":true,"href":"https:\/\/pendragongamestudio.com\/it\/wp-json\/wp\/v2\/product_tag?post=11434"}],"curies":[{"name":"wp","href":"https:\/\/api.w.org\/{rel}","templated":true}]}}