{"id":11178,"date":"2024-03-20T15:09:47","date_gmt":"2024-03-20T14:09:47","guid":{"rendered":"https:\/\/pendragongamestudio.com\/it\/?post_type=product&#038;p=11178"},"modified":"2026-01-04T21:32:53","modified_gmt":"2026-01-04T20:32:53","slug":"skytear-horde-basic-bundle-2","status":"publish","type":"product","link":"https:\/\/pendragongamestudio.com\/it\/product\/skytear-horde-basic-bundle-2\/","title":{"rendered":"Skytear Horde Basic Bundle"},"content":{"rendered":"<div class=\"wm-text-block\">\n<p class=\"p1\"><span class=\"s1\"><b>IL GIOCO DI CARTE SOLO E COOPERATIVO<\/b><\/span><\/p>\n<p>Acquista con questo speciale bundle entrambe le scatole di Skytear Horde a Skytear Horde Monolith ad un prezzo speciale!<\/p>\n<p class=\"p1\">Abominevoli orde di mostri hanno invaso il mondo di Skytear e gli eroi dai quattro reami hanno forgiato un\u2019alleanza per sconfiggere la minaccia comune. <b>Skytear Horde <\/b>ti fa provare le sensazioni di un gioco di carte collezionabile con la convenienza di mazzi gi\u00e0 pronti. Pu\u00f2 essere giocato da solo oppure in combinazione con qualsiasi altro prodotto della linea di giochi Skytear Horde.<\/p>\n<p class=\"p1\">Modalit\u00e0 solo e &amp; Co-op. La modalit\u00e0 di gioco principale, in cui uno o due giocatori combattono contro l\u2019orda controllata dal gioco.<\/p>\n<p class=\"p1\">Skytear ti far\u00e0 provare le sensazioni di un gioco di carte collezionabile con la convenienza di mazzi gi\u00e0 pronti e due modalit\u00e0 di gioco facili da intavolare:<\/p>\n<p class=\"p1\"><b>Schiera l&#8217;Alleanza: <\/b>Scegli fra 6 castelli, 6 eroi e 3 mazzi precostruiti di alleati, magie e torri (o personalizza il tuo!).<\/p>\n<p class=\"p1\"><span class=\"s1\"><b>Comba i l\u2019Orda: <\/b><\/span>Schiera i tuoi alleati nelle sei corsie del campo di battagia. Supera in astuzia i mostri e distruggi il portale che d\u00e0 origine all\u2019orda.<\/p>\n<\/div>\n","protected":false},"excerpt":{"rendered":"<p>Giocatori: 1-3<\/p>\n<p>Et\u00e0 14+<\/p>\n<p>Durata: 30 min<\/p>\n<p><strong>Attenzione<\/strong>: Non adatto a bambini di et\u00e0 inferiore ai 36 mesi. Contiene piccole parti, che se ingerite potrebbero provocare soffocamento.<\/p>\n<p>Fabbricato in Cina<\/p>\n","protected":false},"featured_media":11179,"comment_status":"open","ping_status":"closed","template":"","meta":[],"product_brand":[],"product_cat":[13793,39,43],"product_tag":[13901,13529,13900,13792],"class_list":{"0":"post-11178","1":"product","2":"type-product","3":"status-publish","4":"has-post-thumbnail","6":"product_cat-offerte","7":"product_cat-giochi-di-carte","8":"product_cat-exclusives","9":"product_tag-1v1","10":"product_tag-gioco-di-carte","11":"product_tag-skytear","12":"product_tag-solitario","14":"first","15":"instock","16":"sale","17":"taxable","18":"shipping-taxable","19":"purchasable","20":"product-type-simple"},"_links":{"self":[{"href":"https:\/\/pendragongamestudio.com\/it\/wp-json\/wp\/v2\/product\/11178","targetHints":{"allow":["GET"]}}],"collection":[{"href":"https:\/\/pendragongamestudio.com\/it\/wp-json\/wp\/v2\/product"}],"about":[{"href":"https:\/\/pendragongamestudio.com\/it\/wp-json\/wp\/v2\/types\/product"}],"replies":[{"embeddable":true,"href":"https:\/\/pendragongamestudio.com\/it\/wp-json\/wp\/v2\/comments?post=11178"}],"wp:featuredmedia":[{"embeddable":true,"href":"https:\/\/pendragongamestudio.com\/it\/wp-json\/wp\/v2\/media\/11179"}],"wp:attachment":[{"href":"https:\/\/pendragongamestudio.com\/it\/wp-json\/wp\/v2\/media?parent=11178"}],"wp:term":[{"taxonomy":"product_brand","embeddable":true,"href":"https:\/\/pendragongamestudio.com\/it\/wp-json\/wp\/v2\/product_brand?post=11178"},{"taxonomy":"product_cat","embeddable":true,"href":"https:\/\/pendragongamestudio.com\/it\/wp-json\/wp\/v2\/product_cat?post=11178"},{"taxonomy":"product_tag","embeddable":true,"href":"https:\/\/pendragongamestudio.com\/it\/wp-json\/wp\/v2\/product_tag?post=11178"}],"curies":[{"name":"wp","href":"https:\/\/api.w.org\/{rel}","templated":true}]}}