{"id":11103,"date":"2024-03-05T10:17:24","date_gmt":"2024-03-05T09:17:24","guid":{"rendered":"https:\/\/pendragongamestudio.com\/it\/?post_type=product&#038;p=11103"},"modified":"2025-12-10T00:21:41","modified_gmt":"2025-12-09T23:21:41","slug":"terrorscape-in-italiano","status":"publish","type":"product","link":"https:\/\/pendragongamestudio.com\/it\/product\/terrorscape-in-italiano\/","title":{"rendered":"Terrorscape in ITALIANO"},"content":{"rendered":"<p>Costruita all&#8217;inizio del Novecento, la villa si \u00e8 fatta via via fatiscente dopo essere stata abbandonata dal proprietario. Tuttavia, la villa non \u00e8 priva di vita&#8230; Ogni tanto, se le passate vicino, potete udire il suono dei coltelli che vengono affilati, o un debole crepitio proveniente dal camino. Potreste intravedere le fiamme tremolanti che gettano lunghe ombre sulle enormi pareti, animando i ritratti dei proprietari, fuggiti oramai da lungo tempo da questa casa maledetta.<\/p>\n<p>Tempo dopo, quanto di preciso nessuno lo sa, un intenso temporale riunisce un gruppo di innocenti viaggiatori sulla soglia di questa vuota villa Vittoriana. Ancora non lo sanno, ma i terrori celati al suo interno sono molto, molto pi\u00f9 sinistri della tempesta che imperversa l\u00e0 fuori&#8230;<\/p>\n<p>Nasconditi. Cerca. Caccia. Fuggi!<\/p>\n<p>Terrorscape \u00e8 un gioco horror asimmetrico a squadre per 2-4 giocatori. Giocate come Sopravvissuti o come Killer. I Sopravvissuti dovranno nascondersi dalla vista del Killer: collaboreranno per fuggire dalla villa, cercando le 5 chiavi o riparando la radio con cui poter chiamare i soccorsi. Il Killer agir\u00e0 da solo contro i Sopravvissuti: il suo obiettivo sar\u00e0 quello di localizzarli sfruttando le proprie abilit\u00e0 e i piccoli indizi lasciati in giro incautamente dai Sopravvissuti.<\/p>\n<p>I Sopravvissuti: Nascondetevi, fuggite e combattete per la vostra vita. Cooperate come una squadra, giocate d&#8217;astuzia contro il Killer sfruttando le vostre abilit\u00e0. Utilizzate gli oggetti\u00a0 e il territorio. O, magari, rischiate tutto e contrattaccate!<\/p>\n<p>Il Killer: Scatena l&#8217;orrore! Trasformati nel peggior incubo dei Sopravvissuti! Non nascondere la tua ostilit\u00e0, presta attenzione ai pi\u00f9 piccoli indizi, non fermarti di fronte a nulla per combattere. Nessuna piet\u00e0 per le tue prede!<\/p>\n<p class=\"p1\"><strong>CONTENUTO<\/strong>: 1 Schermo con torri lanciadadi, 6 miniature del killer, 5 miniature dei sopravvissuti, 2 plance di gioco, 3 plance del killer, 5 plance dei sopravvissuti, 39 carte abilit\u00e0 del killer, 45 carte oggetto, 2 carte aiuto giocatore, 65 segnalini vari e tessere, 56 carte per le varianti, 4 dadi speciali personalizzati, 5 anelli colorati, 1 regolamento, 1 libretto el killer, 1 libretto dei sopravvissuti, 1 guida di sopravvivenza, 4 vassoi di plastica.<\/p>\n","protected":false},"excerpt":{"rendered":"<p>Giocatori: 2-4<\/p>\n<p>Et\u00e0 14+<\/p>\n<p>Durata: 30-45 min<\/p>\n<p><strong>Attenzione<\/strong>: Non adatto a bambini di et\u00e0 inferiore ai 36 mesi. Contiene piccole parti, che se ingerite potrebbero provocare soffocamento.<\/p>\n<p>Fabbricato in Cina<\/p>\n","protected":false},"featured_media":9567,"comment_status":"open","ping_status":"closed","template":"","meta":[],"product_brand":[],"product_cat":[38],"product_tag":[13525,13976,13978,13977],"class_list":{"0":"post-11103","1":"product","2":"type-product","3":"status-publish","4":"has-post-thumbnail","6":"product_cat-giochi-da-tavolo","7":"product_tag-gioco-da-tavolo","8":"product_tag-kickstarter","9":"product_tag-mansion","10":"product_tag-terrorscape","12":"first","13":"instock","14":"taxable","15":"shipping-taxable","16":"purchasable","17":"product-type-simple"},"_links":{"self":[{"href":"https:\/\/pendragongamestudio.com\/it\/wp-json\/wp\/v2\/product\/11103","targetHints":{"allow":["GET"]}}],"collection":[{"href":"https:\/\/pendragongamestudio.com\/it\/wp-json\/wp\/v2\/product"}],"about":[{"href":"https:\/\/pendragongamestudio.com\/it\/wp-json\/wp\/v2\/types\/product"}],"replies":[{"embeddable":true,"href":"https:\/\/pendragongamestudio.com\/it\/wp-json\/wp\/v2\/comments?post=11103"}],"wp:featuredmedia":[{"embeddable":true,"href":"https:\/\/pendragongamestudio.com\/it\/wp-json\/wp\/v2\/media\/9567"}],"wp:attachment":[{"href":"https:\/\/pendragongamestudio.com\/it\/wp-json\/wp\/v2\/media?parent=11103"}],"wp:term":[{"taxonomy":"product_brand","embeddable":true,"href":"https:\/\/pendragongamestudio.com\/it\/wp-json\/wp\/v2\/product_brand?post=11103"},{"taxonomy":"product_cat","embeddable":true,"href":"https:\/\/pendragongamestudio.com\/it\/wp-json\/wp\/v2\/product_cat?post=11103"},{"taxonomy":"product_tag","embeddable":true,"href":"https:\/\/pendragongamestudio.com\/it\/wp-json\/wp\/v2\/product_tag?post=11103"}],"curies":[{"name":"wp","href":"https:\/\/api.w.org\/{rel}","templated":true}]}}