{"id":11086,"date":"2024-03-04T17:24:36","date_gmt":"2024-03-04T16:24:36","guid":{"rendered":"https:\/\/pendragongamestudio.com\/it\/?post_type=product&#038;p=11086"},"modified":"2026-02-24T09:58:58","modified_gmt":"2026-02-24T08:58:58","slug":"starship-interstellar-antimatter","status":"publish","type":"product","link":"https:\/\/pendragongamestudio.com\/it\/product\/starship-interstellar-antimatter\/","title":{"rendered":"Starship Interstellar: Antimatter"},"content":{"rendered":"<p class=\"p1\">Nell&#8217;espansione Antimatter di Starship Interstellar, i migliori scienziati del mondo hanno scoperto come sfruttare il Moscovio per generare anti-materia. Come spesso capita con le grandi scoperte scientifiche, per\u00f2, se da un lato si prospettano grandi avanzamenti, dall&#8217;altro l&#8217;abuso pu\u00f2 portare a conseguenze dannose&#8230; la stabilit\u00e0 del nostro sistema solare \u00e8 ora in pericolo.<\/p>\n<p class=\"p1\"><strong>CONTENUTO<\/strong>: 1 Regolamento multilingua, 40 cubi rosa Moscovio, 4 nuovi Segnalini Azione Produzione Terrestre, 1 dado a 4 facce, 1 plancia laboratorio<\/p>\n<p>&nbsp;<\/p>\n","protected":false},"excerpt":{"rendered":"<p>Giocatori: 1-4<\/p>\n<p>Et\u00e0 13+<\/p>\n<p>Durata: 150 min<\/p>\n<p><strong>Attenzione<\/strong>: Non adatto a bambini di et\u00e0 inferiore ai 36 mesi. Contiene piccole parti, che se ingerite potrebbero provocare soffocamento.<\/p>\n<p>Fabbricato in Cina<\/p>\n","protected":false},"featured_media":11077,"comment_status":"open","ping_status":"closed","template":"","meta":[],"product_brand":[],"product_cat":[38,43],"product_tag":[13863,13975,13525,13973,13976,13974],"class_list":{"0":"post-11086","1":"product","2":"type-product","3":"status-publish","4":"has-post-thumbnail","6":"product_cat-giochi-da-tavolo","7":"product_cat-exclusives","8":"product_tag-andrea-crespi","9":"product_tag-davide-calza","10":"product_tag-gioco-da-tavolo","11":"product_tag-interstellar","12":"product_tag-kickstarter","13":"product_tag-starship","15":"first","16":"instock","17":"taxable","18":"shipping-taxable","19":"purchasable","20":"product-type-simple"},"_links":{"self":[{"href":"https:\/\/pendragongamestudio.com\/it\/wp-json\/wp\/v2\/product\/11086","targetHints":{"allow":["GET"]}}],"collection":[{"href":"https:\/\/pendragongamestudio.com\/it\/wp-json\/wp\/v2\/product"}],"about":[{"href":"https:\/\/pendragongamestudio.com\/it\/wp-json\/wp\/v2\/types\/product"}],"replies":[{"embeddable":true,"href":"https:\/\/pendragongamestudio.com\/it\/wp-json\/wp\/v2\/comments?post=11086"}],"wp:featuredmedia":[{"embeddable":true,"href":"https:\/\/pendragongamestudio.com\/it\/wp-json\/wp\/v2\/media\/11077"}],"wp:attachment":[{"href":"https:\/\/pendragongamestudio.com\/it\/wp-json\/wp\/v2\/media?parent=11086"}],"wp:term":[{"taxonomy":"product_brand","embeddable":true,"href":"https:\/\/pendragongamestudio.com\/it\/wp-json\/wp\/v2\/product_brand?post=11086"},{"taxonomy":"product_cat","embeddable":true,"href":"https:\/\/pendragongamestudio.com\/it\/wp-json\/wp\/v2\/product_cat?post=11086"},{"taxonomy":"product_tag","embeddable":true,"href":"https:\/\/pendragongamestudio.com\/it\/wp-json\/wp\/v2\/product_tag?post=11086"}],"curies":[{"name":"wp","href":"https:\/\/api.w.org\/{rel}","templated":true}]}}