{"id":11078,"date":"2024-03-04T15:07:04","date_gmt":"2024-03-04T14:07:04","guid":{"rendered":"https:\/\/pendragongamestudio.com\/it\/?post_type=product&#038;p=11078"},"modified":"2025-12-01T09:01:56","modified_gmt":"2025-12-01T08:01:56","slug":"starship-interstellar-in-italiano","status":"publish","type":"product","link":"https:\/\/pendragongamestudio.com\/it\/product\/starship-interstellar-in-italiano\/","title":{"rendered":"Starship Interstellar in ITALIANO"},"content":{"rendered":"<p class=\"p1\">Anno 2357: contrariamente alle previsioni dell&#8217;umanit\u00e0, alcuni violenti eventi stellari e la nuova tecnologia di estrazione solare implementata negli ultimi decenni, hanno enormemente accelerato la vita della nostra stella. Ora \u00e8 quasi alla fine del suo ciclo vitale e il suo futuro, come quello di tutte le stelle della sua categoria, \u00e8 la trasformazione in gigante rossa.<\/p>\n<p>Ci\u00f2 condurr\u00e0 all&#8217;aumento delle sue dimensioni in modo eccezionale, portandola a divorare Mercurio, Venere, e con tutta probabilit\u00e0 la Terra!<\/p>\n<p>Come razza umana, il nostro compito sar\u00e0 quello di costruire una gigantesca nave interstellare che permetterebbe a un&#8217;ampia fetta dell&#8217;umanit\u00e0 rimasta di salvarsi su una nuova Terra trovata nel sistema di Trappist durante le apposite ricerche di pianeti extrasolari.<\/p>\n<p>In Starship Interstellar, ogni giocatore sar\u00e0 alla guida di una delle pi\u00f9 influenti Corporazioni del mondo che hanno deciso di fare la loro parte per contribuire al completamento di questo progetto. Il vostro compito sar\u00e0 quello di portare a termine nel miglior modo possibile la nave interstellare e salvare pi\u00f9 umanit\u00e0 possibile.<\/p>\n<p>Chi riuscir\u00e0 in questa impresa, avr\u00e0 l&#8217;onore e l&#8217;onere di guidare l&#8217;umanit\u00e0 sulla muova Terra.<\/p>\n<p class=\"p1\"><strong>CONTENUTO<\/strong>: 1 Regolamento, 1 Tabellone in 2 parti, 4 Scatole giocatore, 4 Segnalini pass, 4 Segnalini Wormhole, 4 Plance Explorer, 4 Plance giocatori, 20 Segnalini Azioni Base, 4 Miniature Explorer, 16 Miniature Base, 48 Miniature Tecnologie, 4 Miniature Satellite, 56 Miniature Scienziato, 24 Indicatori, 5 Settori Nave Interstellar, 8 Segnalini Pianeta, 50 Meccanismi Interstellari, 46 Segnalini Rotta Satellite, 20 Segnalini Evento Solare, 1 Sacchetto Solare, 70 Segnalini Produzione Planetaria, 1 Tessera Terra, 24 Segnalini Azione Extra, 3 Indicatori neutrali, 70 Cubi risorsa grandi, 290 Cubi risorsa piccoli, 60 Segnalini Componenti Umanit\u00e0.<\/p>\n","protected":false},"excerpt":{"rendered":"<p>Giocatori: 1-4<\/p>\n<p>Et\u00e0 13+<\/p>\n<p>Durata: 150 min<\/p>\n<p><strong>Attenzione<\/strong>: Non adatto a bambini di et\u00e0 inferiore ai 36 mesi. Contiene piccole parti, che se ingerite potrebbero provocare soffocamento.<\/p>\n<p>Fabbricato in Cina<\/p>\n","protected":false},"featured_media":6458,"comment_status":"open","ping_status":"closed","template":"","meta":[],"product_brand":[],"product_cat":[38],"product_tag":[13863,13975,13525,13973,13976,13974],"class_list":{"0":"post-11078","1":"product","2":"type-product","3":"status-publish","4":"has-post-thumbnail","6":"product_cat-giochi-da-tavolo","7":"product_tag-andrea-crespi","8":"product_tag-davide-calza","9":"product_tag-gioco-da-tavolo","10":"product_tag-interstellar","11":"product_tag-kickstarter","12":"product_tag-starship","14":"first","15":"instock","16":"taxable","17":"shipping-taxable","18":"purchasable","19":"product-type-simple"},"_links":{"self":[{"href":"https:\/\/pendragongamestudio.com\/it\/wp-json\/wp\/v2\/product\/11078","targetHints":{"allow":["GET"]}}],"collection":[{"href":"https:\/\/pendragongamestudio.com\/it\/wp-json\/wp\/v2\/product"}],"about":[{"href":"https:\/\/pendragongamestudio.com\/it\/wp-json\/wp\/v2\/types\/product"}],"replies":[{"embeddable":true,"href":"https:\/\/pendragongamestudio.com\/it\/wp-json\/wp\/v2\/comments?post=11078"}],"wp:featuredmedia":[{"embeddable":true,"href":"https:\/\/pendragongamestudio.com\/it\/wp-json\/wp\/v2\/media\/6458"}],"wp:attachment":[{"href":"https:\/\/pendragongamestudio.com\/it\/wp-json\/wp\/v2\/media?parent=11078"}],"wp:term":[{"taxonomy":"product_brand","embeddable":true,"href":"https:\/\/pendragongamestudio.com\/it\/wp-json\/wp\/v2\/product_brand?post=11078"},{"taxonomy":"product_cat","embeddable":true,"href":"https:\/\/pendragongamestudio.com\/it\/wp-json\/wp\/v2\/product_cat?post=11078"},{"taxonomy":"product_tag","embeddable":true,"href":"https:\/\/pendragongamestudio.com\/it\/wp-json\/wp\/v2\/product_tag?post=11078"}],"curies":[{"name":"wp","href":"https:\/\/api.w.org\/{rel}","templated":true}]}}