{"id":10624,"date":"2023-10-14T11:11:36","date_gmt":"2023-10-14T09:11:36","guid":{"rendered":"https:\/\/pendragongamestudio.com\/it\/?post_type=product&#038;p=10624"},"modified":"2025-12-31T06:10:55","modified_gmt":"2025-12-31T05:10:55","slug":"mythwind-venti-di-magia","status":"publish","type":"product","link":"https:\/\/pendragongamestudio.com\/it\/product\/mythwind-venti-di-magia\/","title":{"rendered":"Mythwind &#8211; Venti di Magia"},"content":{"rendered":"<p><em>&#8220;Che ne dici del clima?&#8221;. Nella vostra vita prima di arrivare nella valle di Mythwind, questa frase serviva solo per iniziare una conversazione. Ora invece, mentre costruite la vostra nuova vita, l&#8217;impatto del clima pu\u00f2 semplificare il vostro sforzo collettivo, oppure essere altrettanto punitivo. Il meteo qui \u00e8 instabile, ma i folletti conoscono vari trucchetti che aiutano a gestire gli imprevisti, nonch\u00e8 modi di anticipare ci\u00f2 che accadr\u00e0 e sfruttare le condizioni meteorologiche in arrivo, quali che siano. Forse, con il loro aiuto, potrete persino padroneggiare gli elementi.<\/em><\/p>\n<p>L&#8217;espansione Venti di Magia aggiunge ulteriori modalit\u00e0 di interazione con il mazzo meteo in Mythwind. Lo farete tramite i nuovi edifici, carte evento e carte avventura. Le storie autoconclusive descritte nelle carte evento e avventura si integrano perfettamente con i rispettivi mazzi. In aggiunta, potrete costruire cinque nuovi edifici, alcuni dei quali consentono un nuovo tipo di azione assente nel gioco base. E&#8217; necessario la scatola base di Mythwind per poter giocare.<\/p>\n<p class=\"p1\"><strong>CONTENUTO<\/strong>: 7 carte obiettivo, 10 carte evento, 10 carte avventura, 5 carte edificio, 1 tessera stagione.<\/p>\n","protected":false},"excerpt":{"rendered":"<p>Giocatori: 1-4<\/p>\n<p>Et\u00e0 14+<\/p>\n<p>Durata: variabile<\/p>\n<p><strong>Attenzione<\/strong>: Non adatto a bambini di et\u00e0 inferiore ai 36 mesi. Contiene piccole parti, che se ingerite potrebbero provocare soffocamento.<\/p>\n<p>Fabbricato in Cina<\/p>\n","protected":false},"featured_media":10553,"comment_status":"open","ping_status":"closed","template":"","meta":[],"product_brand":[],"product_cat":[38],"product_tag":[13963,13962,13961,13960],"class_list":{"0":"post-10624","1":"product","2":"type-product","3":"status-publish","4":"has-post-thumbnail","6":"product_cat-giochi-da-tavolo","7":"product_tag-building","8":"product_tag-gioco-in-scatola","9":"product_tag-mythwind","10":"product_tag-open-world","12":"first","13":"instock","14":"taxable","15":"shipping-taxable","16":"purchasable","17":"product-type-simple"},"_links":{"self":[{"href":"https:\/\/pendragongamestudio.com\/it\/wp-json\/wp\/v2\/product\/10624","targetHints":{"allow":["GET"]}}],"collection":[{"href":"https:\/\/pendragongamestudio.com\/it\/wp-json\/wp\/v2\/product"}],"about":[{"href":"https:\/\/pendragongamestudio.com\/it\/wp-json\/wp\/v2\/types\/product"}],"replies":[{"embeddable":true,"href":"https:\/\/pendragongamestudio.com\/it\/wp-json\/wp\/v2\/comments?post=10624"}],"wp:featuredmedia":[{"embeddable":true,"href":"https:\/\/pendragongamestudio.com\/it\/wp-json\/wp\/v2\/media\/10553"}],"wp:attachment":[{"href":"https:\/\/pendragongamestudio.com\/it\/wp-json\/wp\/v2\/media?parent=10624"}],"wp:term":[{"taxonomy":"product_brand","embeddable":true,"href":"https:\/\/pendragongamestudio.com\/it\/wp-json\/wp\/v2\/product_brand?post=10624"},{"taxonomy":"product_cat","embeddable":true,"href":"https:\/\/pendragongamestudio.com\/it\/wp-json\/wp\/v2\/product_cat?post=10624"},{"taxonomy":"product_tag","embeddable":true,"href":"https:\/\/pendragongamestudio.com\/it\/wp-json\/wp\/v2\/product_tag?post=10624"}],"curies":[{"name":"wp","href":"https:\/\/api.w.org\/{rel}","templated":true}]}}