{"id":10622,"date":"2023-10-14T10:37:56","date_gmt":"2023-10-14T08:37:56","guid":{"rendered":"https:\/\/pendragongamestudio.com\/it\/?post_type=product&#038;p=10622"},"modified":"2024-09-14T12:46:53","modified_gmt":"2024-09-14T10:46:53","slug":"mythwind","status":"publish","type":"product","link":"https:\/\/pendragongamestudio.com\/it\/product\/mythwind\/","title":{"rendered":"Mythwind"},"content":{"rendered":"<p class=\"p1\"><em>Un incontro fortuito con piccoli folletti magici ha portato a un invito. Le leggende di una mitica valle nella regione erano solo voci, fino a oggi. Ora siete stati chiamati per trasformarla nella vostra casa. Per costruire e prosperare.<\/em><\/p>\n<p>Mythwind \u00e8 un gioco cooperativo a finale aperto, da 1 a 4 giocatori, in cui ogni giocatore controlla uno specifico personaggio. Collaborerete per fondare una nuova citt\u00e0 nella magica valle di Mythwind. Raggiungerete obiettivi costruendo edifici, avventurandovi in tutta la regione, esplorando la storia che si dipaner\u00f2 davanti a voi e sviluppando le professioni specifiche dei vostri personaggi.<\/p>\n<p class=\"p1\"><strong>CONTENUTO<\/strong>: 154 carte evento, 80 carte avventura, 10 carte meteo, 5 segnalini obiettivo, vassoio per i componenti di gioco, 28 carte obiettivo, 42 carte edificio, 2 tessere stagione, 12 carte foresta, 3 sezioni della citt\u00e0, 4 tessere azione citt\u00e0, 8 segnalini risorsa citt\u00e0, 8 dadi folletto, 8 dadi cittadino, 4 buste segrete, 120 monete, 8 plance dei personaggi, 4 vassoi dei personaggi, 4 segnaposti dei personaggi, 4 miniature dei personaggi, 1 tessera pianificazione della spedizione, 10 abilit\u00e0 dell&#8217;Esploratore, 24 carte spedizione, 30 carte strumenti, 1 sacchetto del Contadino, 1 plancia meteo, 66 segnalini del Contadino, 1 sacchetto del Artigiano, 30 materiali dell&#8217;Artigiano, 25 carte richiesta del cliente, 5 segnapunti della reputazione, 10 abilit\u00e0 dell&#8217;Artigiano, 14 carte tendenza, 12 carte cliente, 12 carte rivale, 6 miglioramenti del mercato, 52 beni.<\/p>\n","protected":false},"excerpt":{"rendered":"<p>Giocatori: 1-4<\/p>\n<p>Et\u00e0 14+<\/p>\n<p>Durata: variabile<\/p>\n<p><strong>Attenzione<\/strong>: Non adatto a bambini di et\u00e0 inferiore ai 36 mesi. Contiene piccole parti, che se ingerite potrebbero provocare soffocamento.<\/p>\n<p>Fabbricato in Cina<\/p>\n","protected":false},"featured_media":6624,"comment_status":"open","ping_status":"closed","template":"","meta":[],"product_brand":[],"product_cat":[38],"product_tag":[13963,13962,13961,13960],"class_list":{"0":"post-10622","1":"product","2":"type-product","3":"status-publish","4":"has-post-thumbnail","6":"product_cat-giochi-da-tavolo","7":"product_tag-building","8":"product_tag-gioco-in-scatola","9":"product_tag-mythwind","10":"product_tag-open-world","12":"first","13":"instock","14":"taxable","15":"shipping-taxable","16":"purchasable","17":"product-type-simple"},"_links":{"self":[{"href":"https:\/\/pendragongamestudio.com\/it\/wp-json\/wp\/v2\/product\/10622","targetHints":{"allow":["GET"]}}],"collection":[{"href":"https:\/\/pendragongamestudio.com\/it\/wp-json\/wp\/v2\/product"}],"about":[{"href":"https:\/\/pendragongamestudio.com\/it\/wp-json\/wp\/v2\/types\/product"}],"replies":[{"embeddable":true,"href":"https:\/\/pendragongamestudio.com\/it\/wp-json\/wp\/v2\/comments?post=10622"}],"wp:featuredmedia":[{"embeddable":true,"href":"https:\/\/pendragongamestudio.com\/it\/wp-json\/wp\/v2\/media\/6624"}],"wp:attachment":[{"href":"https:\/\/pendragongamestudio.com\/it\/wp-json\/wp\/v2\/media?parent=10622"}],"wp:term":[{"taxonomy":"product_brand","embeddable":true,"href":"https:\/\/pendragongamestudio.com\/it\/wp-json\/wp\/v2\/product_brand?post=10622"},{"taxonomy":"product_cat","embeddable":true,"href":"https:\/\/pendragongamestudio.com\/it\/wp-json\/wp\/v2\/product_cat?post=10622"},{"taxonomy":"product_tag","embeddable":true,"href":"https:\/\/pendragongamestudio.com\/it\/wp-json\/wp\/v2\/product_tag?post=10622"}],"curies":[{"name":"wp","href":"https:\/\/api.w.org\/{rel}","templated":true}]}}