{"id":10500,"date":"2023-09-05T16:33:50","date_gmt":"2023-09-05T14:33:50","guid":{"rendered":"https:\/\/pendragongamestudio.com\/it\/?post_type=product&#038;p=10500"},"modified":"2025-12-01T09:02:12","modified_gmt":"2025-12-01T08:02:12","slug":"minatori-imperiali","status":"publish","type":"product","link":"https:\/\/pendragongamestudio.com\/it\/product\/minatori-imperiali\/","title":{"rendered":"Minatori Imperiali"},"content":{"rendered":"<p class=\"p1\"><em>Molto tempo fa, gli imperi competevano per il territorio, le risorse e il potere. Ormai, questi imperi non hanno pi\u00f9 scopo. Ma una nuova frontiera \u00e8 stata scoperta! Gli esploratori riportano che c&#8217;\u00e8 un nuovo mondo proprio sotto i nostri piedi, ricolmo di un&#8217;abbondanza indescrivibile &#8211; tesori, resti di antiche civilt\u00e0, e mostri terrificanti. Dovrete scavare pi\u00f9 a fondo possibile ed esplorare queste meraviglie per la gloria del vostro impero!<\/em><\/p>\n<p>Minatori Imperiali \u00e8 un gioco di &#8220;sviluppo della plancia&#8221; (tableau building game) veloce in cui si compete per creare la miniera pi\u00f9 grande di tutte! A ogni round, si giocano e attivano le carte contemporaneamente, innescando reazioni a catena. Scegliendo le carte pi\u00f9 adatte di ciascuna fazione, creerete combo incredibili per ottenere pi\u00f9 punti e ricchezza. Dopo 10 round, il giocatore con pi\u00f9 punti \u00e8 dichiarato vincitore!<\/p>\n<p class=\"p1\"><strong>CONTENUTO<\/strong>: 136 carte miniera, 18 carte evento, 5 plance superficie, 3 plance progresso, 5 segnalini progresso, 60 gettoni moneta, 60 gettoni punti vittoria, 44 gettoni macchinario, 24 gettoni collasso, 40 segnalini carrello in legno, 1 regolamento<\/p>\n","protected":false},"excerpt":{"rendered":"<p>Giocatori: 1-5<\/p>\n<p>Et\u00e0 10+<\/p>\n<p>Durata: 30-60 min<\/p>\n<p><strong>Attenzione<\/strong>: Non adatto a bambini di et\u00e0 inferiore ai 36 mesi. Contiene piccole parti, che se ingerite potrebbero provocare soffocamento.<\/p>\n<p>Fabbricato in Cina<\/p>\n","protected":false},"featured_media":10354,"comment_status":"open","ping_status":"closed","template":"","meta":[],"product_brand":[],"product_cat":[39],"product_tag":[13523,13529,13952,13880],"class_list":{"0":"post-10500","1":"product","2":"type-product","3":"status-publish","4":"has-post-thumbnail","6":"product_cat-giochi-di-carte","7":"product_tag-coloni-imperiali","8":"product_tag-gioco-di-carte","9":"product_tag-minatori-imperiali","10":"product_tag-portal","12":"first","13":"instock","14":"taxable","15":"shipping-taxable","16":"purchasable","17":"product-type-simple"},"_links":{"self":[{"href":"https:\/\/pendragongamestudio.com\/it\/wp-json\/wp\/v2\/product\/10500","targetHints":{"allow":["GET"]}}],"collection":[{"href":"https:\/\/pendragongamestudio.com\/it\/wp-json\/wp\/v2\/product"}],"about":[{"href":"https:\/\/pendragongamestudio.com\/it\/wp-json\/wp\/v2\/types\/product"}],"replies":[{"embeddable":true,"href":"https:\/\/pendragongamestudio.com\/it\/wp-json\/wp\/v2\/comments?post=10500"}],"wp:featuredmedia":[{"embeddable":true,"href":"https:\/\/pendragongamestudio.com\/it\/wp-json\/wp\/v2\/media\/10354"}],"wp:attachment":[{"href":"https:\/\/pendragongamestudio.com\/it\/wp-json\/wp\/v2\/media?parent=10500"}],"wp:term":[{"taxonomy":"product_brand","embeddable":true,"href":"https:\/\/pendragongamestudio.com\/it\/wp-json\/wp\/v2\/product_brand?post=10500"},{"taxonomy":"product_cat","embeddable":true,"href":"https:\/\/pendragongamestudio.com\/it\/wp-json\/wp\/v2\/product_cat?post=10500"},{"taxonomy":"product_tag","embeddable":true,"href":"https:\/\/pendragongamestudio.com\/it\/wp-json\/wp\/v2\/product_tag?post=10500"}],"curies":[{"name":"wp","href":"https:\/\/api.w.org\/{rel}","templated":true}]}}