{"id":10476,"date":"2023-09-01T16:45:56","date_gmt":"2023-09-01T14:45:56","guid":{"rendered":"https:\/\/pendragongamestudio.com\/it\/?post_type=product&#038;p=10476"},"modified":"2025-02-05T18:33:54","modified_gmt":"2025-02-05T17:33:54","slug":"pyramido","status":"publish","type":"product","link":"https:\/\/pendragongamestudio.com\/it\/product\/pyramido\/","title":{"rendered":"Pyramido"},"content":{"rendered":"<p class=\"p1\">Il Faraone Mido desidera che il suo luogo di riposo eterno rifletta la propria maestosit\u00e0 e ha decretato che ogni architetto dovr\u00e0 erigere una piramide tempestata di gioielli. L\u2019architetto che costruir\u00e0 la piramide pi\u00f9 imponente sar\u00e0 nominato Visir e godr\u00e0 di ricchezze e potere oltre ogni immaginazione. Ciascun giocatore dovr\u00e0 costruire la propria piramide composta da 4 livelli. Costruite ciascun livello, segnando con gli indicatori i gruppi dello stesso tipo. Al termine di ogni livello otterrete Punti Prestigio per ogni icona gioiello presente nelle aree contrassegnate.<\/p>\n<p class=\"p1\">Un gioco di piazzamento tessere per 2-4 giocatori. Usate le tessere domino per costruire la vostra piramide. Raggruppando icone gioiello dello stesso tipo potrete ottenere pi\u00f9 Punti Prestigio e vincere la partita.<\/p>\n<p class=\"p1\"><strong>CONTENUTO<\/strong>: 90 tessere domino, 12 carte rivestimento, 24 indicatori gioiello, 1 blocco dei punteggi, 1 regolamento.<\/p>\n","protected":false},"excerpt":{"rendered":"<p>Giocatori: 2-4<\/p>\n<p>Et\u00e0 8+<\/p>\n<p>Durata: 45 min<\/p>\n<p><strong>Attenzione<\/strong>: Non adatto a bambini di et\u00e0 inferiore ai 36 mesi. Contiene piccole parti, che se ingerite potrebbero provocare soffocamento.<\/p>\n<p>Fabbricato in Cina<\/p>\n","protected":false},"featured_media":7962,"comment_status":"open","ping_status":"closed","template":"","meta":[],"product_brand":[],"product_cat":[38],"product_tag":[13954,13953,13955],"class_list":{"0":"post-10476","1":"product","2":"type-product","3":"status-publish","4":"has-post-thumbnail","6":"product_cat-giochi-da-tavolo","7":"product_tag-gioco-di-tessere","8":"product_tag-pyramido","9":"product_tag-synapses","11":"first","12":"instock","13":"taxable","14":"shipping-taxable","15":"purchasable","16":"product-type-simple"},"_links":{"self":[{"href":"https:\/\/pendragongamestudio.com\/it\/wp-json\/wp\/v2\/product\/10476","targetHints":{"allow":["GET"]}}],"collection":[{"href":"https:\/\/pendragongamestudio.com\/it\/wp-json\/wp\/v2\/product"}],"about":[{"href":"https:\/\/pendragongamestudio.com\/it\/wp-json\/wp\/v2\/types\/product"}],"replies":[{"embeddable":true,"href":"https:\/\/pendragongamestudio.com\/it\/wp-json\/wp\/v2\/comments?post=10476"}],"wp:featuredmedia":[{"embeddable":true,"href":"https:\/\/pendragongamestudio.com\/it\/wp-json\/wp\/v2\/media\/7962"}],"wp:attachment":[{"href":"https:\/\/pendragongamestudio.com\/it\/wp-json\/wp\/v2\/media?parent=10476"}],"wp:term":[{"taxonomy":"product_brand","embeddable":true,"href":"https:\/\/pendragongamestudio.com\/it\/wp-json\/wp\/v2\/product_brand?post=10476"},{"taxonomy":"product_cat","embeddable":true,"href":"https:\/\/pendragongamestudio.com\/it\/wp-json\/wp\/v2\/product_cat?post=10476"},{"taxonomy":"product_tag","embeddable":true,"href":"https:\/\/pendragongamestudio.com\/it\/wp-json\/wp\/v2\/product_tag?post=10476"}],"curies":[{"name":"wp","href":"https:\/\/api.w.org\/{rel}","templated":true}]}}