{"id":12405,"date":"2024-12-19T09:50:47","date_gmt":"2024-12-19T08:50:47","guid":{"rendered":"https:\/\/pendragongamestudio.com\/it\/?page_id=12405"},"modified":"2024-12-19T09:51:02","modified_gmt":"2024-12-19T08:51:02","slug":"informativa-privacy","status":"publish","type":"page","link":"https:\/\/pendragongamestudio.com\/it\/informativa-privacy\/","title":{"rendered":"Informativa Privacy"},"content":{"rendered":"<div class=\"wpb-content-wrapper\">[vc_row][vc_column width=&#8221;1\/1&#8243;]<div class=\"wm-text-block\"><h3><strong>Informativa sulla Privacy e sul trattamento dei Dati Personali<\/strong><\/h3>\n<p>1. <strong>Introduzione<\/strong><\/p>\n<p>Pendragon Game Studio srl prende in seria considerazione la privacy dell\u2019utente e si impegna al rispetto della stessa. E\u2019 una societ\u00e0 Italiana operante nel settore dei giochi da tavolo. La presente privacy policy (\u201cPrivacy Policy\u201d) descrive le attivit\u00e0 di trattamento di dati personali realizzate da Pendragon Game Studio tramite il sito pendragongamestudio.com (Sito) e i relativi impegni assunti in tal senso dalla Societ\u00e0. Pendragon Game Studio pu\u00f2 trattare i dati personali dell\u2019utente quando questi visita il Sito e utilizza i servizi e le funzionalit\u00e0 presenti sul Sito. Nelle sezioni del Sito in cui sono raccolti i dati personali dell\u2019utente \u00e8 normalmente pubblicata una specifica informativa ai sensi dell\u2019art. 13 \/15 del Reg. UE 2016\/679.<br \/>\nOve previsto dal Reg. UE 2016\/679 sar\u00e0 richiesto il consenso dell\u2019utente prima di procedere al trattamento dei suoi dati personali. Se l\u2019utente fornisce dati personali di terzi, deve provvedere affinch\u00e9 la comunicazione dei dati a Pendragon e il successivo trattamento per le finalit\u00e0 specificate nell\u2019informativa privacy applicabile sia conforme al Reg. UE 2016\/679 e alla normativa applicabile.<\/p>\n<p>2. <strong>Estremi identificativi del titolare, responsabile e del Privacy Officer<\/strong><\/p>\n<p>Il Titolare del trattamento dei dati \u00e8 Pendragon Game Studio SRL con sede in VIA. Pattari nr 6, 20122 Milano (MI) Italia<\/p>\n<p>3. <strong>Tipologia di dati trattati<\/strong><\/p>\n<p>La visita e la consultazione del Sito non comportano in genere raccolta e trattamento dei dati personali dell\u2019utente salvo che per i dati di navigazione e i cookie come di seguito specificato. In aggiunta ai cosiddetti \u201cdati di navigazione\u201d (vedasi oltre), potranno essere oggetto di trattamento dati personali volontariamente forniti dall\u2019utente quando questi interagisce con le funzionalit\u00e0 del Sito o chiede di fruire dei servizi offerti sul Sito. Nel rispetto del Codice Privacy, Pendragon Game Studio potrebbe altres\u00ec raccogliere i dati personali dell\u2019utente presso terzi nello svolgimento della propria attivit\u00e0.<\/p>\n<p>4. <strong>Cookies e dati di navigazione<\/strong><\/p>\n<p>Il Sito utilizza \u201ccookie\u201d. Utilizzando il Sito, l&#8217;utente acconsente all\u2019utilizzo dei cookie in conformit\u00e0 con questa Privacy Policy. I cookie sono piccoli file memorizzati sull\u2019hard disk del computer dell\u2019utente. Esistono due macro-categorie di cookie: cookie tecnici e cookie di profilazione.<\/p>\n<p>I cookie tecnici sono necessari per il corretto funzionamento di un sito web e per permettere la navigazione dell\u2019utente; senza di essi l\u2019utente potrebbe non essere in grado di visualizzare correttamente le pagine oppure di utilizzare alcuni servizi.<\/p>\n<p>I cookie di profilazione hanno il compito di creare profili dell\u2019utente al fine di inviare messaggi pubblicitari in linea con le preferenze manifestate dallo stesso durante la navigazione.<\/p>\n<p>I cookie possono inoltre essere classificati come:<\/p>\n<p>_ cookie \u201cdi sessione\u201d, i quali vengono cancellati immediatamente alla chiusura del browser di navigazione; _ cookie \u201cpersistenti\u201d, i quali rimangono all\u2019interno del browser per un determinato periodo di tempo. Sono utilizzati, ad esempio, per riconoscere il dispositivo che si collega ad un sito agevolando le operazioni di autenticazione per l\u2019utente;<\/p>\n<p>_ cookie \u201cpropri\u201d, generati e gestiti direttamente dal soggetto gestore del sito web sul quale l\u2019utente sta navigando;<br \/>\n_ cookie \u201cterze parti\u201d, generati e gestiti da soggetti diversi dal gestore del sito web sul quale l\u2019utente sta navigando.<\/p>\n<p>5. <strong>Cookies utilizzati sul sito<\/strong><br \/>\nIl Sito utilizza le seguenti tipologie di cookie:<br \/>\na. cookie propri, di sessione e persistenti, necessari per consentire la navigazione sul Sito, per finalit\u00e0 di sicurezza interna e di amministrazione del sistema;<br \/>\nb. cookie terze parti, di sessione e persistenti, necessari per consentire all\u2019utente di utilizzare elementi multimediali presenti sul Sito, come ad esempio immagini e video;<br \/>\nc. cookie terze parti, persistenti, utilizzati dal Sito per inviare informazioni statistiche al sistema Google Analytics, attraverso il quale Pendragon Game Studio pu\u00f2 effettuare analisi statistiche degli accessi \/ visite al Sito. I cookie utilizzati perseguono esclusivamente scopi statistici e raccolgono informazioni in forma aggregata. Attraverso una coppia di cookie, di cui uno persistente e l\u2019altro di sessione (con scadenza alla chiusura del browser), Google Analytics salva anche un registro con gli orari di inizio della visita al Sito e di uscita dallo stesso. Si pu\u00f2 impedire a Google il rilevamento dei dati tramite cookie e la successiva elaborazione dei dati scaricando e installando il plug-in per browser dal seguente indirizzo: http:\/\/tools.google.com\/dlpage\/gaoptout?hl=it<\/p>\n<p>d. cookie terze parti, persistenti, utilizzati dal Sito per includere nelle sue pagine i pulsanti di alcuni social-network (Facebook, Twitter e Google+). Selezionando uno di questi pulsanti, l\u2019utente pu\u00f2 pubblicare sulla propria pagina personale del relativo social-network i contenuti della pagina web del Sito che sta visitando<\/p>\n<p>Il Sito potrebbe contenere link ad altri siti (c.d. siti terzi). Pendragon Game Studio non effettua alcun accesso o controllo su cookie, web beacon e altre tecnologie di tracciamento degli utenti che potrebbero essere utilizzate dai siti terzi cui l\u2019utente pu\u00f2 accedere dal Sito; Pendragon Game Studio non effettua alcun controllo su contenuti e materiali pubblicati da o ottenuti attraverso siti terzi, n\u00e9 sulle relative modalit\u00e0 di trattamento dei dati personali dell\u2019utente, ed espressamente declina ogni relativa responsabilit\u00e0 per tali eventualit\u00e0. L\u2019utente \u00e8 tenuto a verificare la privacy policy dei siti terzi cui accede tramite il Sito e ad informarsi circa le condizioni applicabili al trattamento dei propri dati personali. La presente Privacy Policy si applica solo al Sito come sopra definito.<\/p>\n<p>6. <strong>Come disabilitare i cookies nei browser<\/strong><\/p>\n<p>Se lo desidera pu\u00f2 gestire direttamente i cookie anche attraverso le impostazioni del suo browser. Tuttavia, cancellando i cookies dal browser potrebbe rimuovere le preferenze che ha impostato per il sito di Pendragon Game Studio, per questo sarebbe opportuno che visitasse periodicamente questa pagina per ricontrollare le sue preferenze.<\/p>\n<p>Per ulteriori informazioni e supporto \u00e8 possibile anche visitare la pagina di aiuto specifica del web browser che si sta utilizzando:<\/p>\n<p>Internet Explorer;<br \/>\nFirefox;<br \/>\nSafari;<br \/>\nChrome;<br \/>\nOpera<br \/>\n7.<strong> Conservazione dei dati personali<\/strong><\/p>\n<p>I dati personali sono conservati e trattati attraverso sistemi informatici di propriet\u00e0 di Pendragon Game Studio e gestiti o da terzi fornitori di servizi tecnici; per maggiori dettagli si prega di fare riferimento alla sezione \u201cAmbito di accessibilit\u00e0 dei dati personali\u201d che segue. I dati sono trattati esclusivamente da personale specificamente autorizzato, incluso il personale incaricato di svolgere operazioni di manutenzione straordinaria. I dati personali saranno conservati per la durata del contratto e dopo la fine del contratto al fine di adempiere all&#8217;obbligo legale di Pandragon Game Studio, comprese le rivendicazioni per eventuali reclami, in conformit\u00e0 con la legge applicabile, e quindi saranno cancellati o resi anonimi.<\/p>\n<p>Se acconsentiremo al trattamento dei nostri prodotti e servizi ai fini del marketing diretto dopo la scadenza del contratto, elaboreremo i dati fino alla revoca del consenso.<\/p>\n<p>8. <strong>Finalit\u00e0 e metodi trattamenti dati<\/strong><\/p>\n<p>Pendragon Game Studio pu\u00f2 trattare i dati personali comuni e sensibili dell\u2019utente per le seguenti finalit\u00e0: utilizzo da parte degli utenti di servizi e funzionalit\u00e0 presenti sul Sito, gestione di richieste e segnalazioni da parte dei propri utenti, invio di newsletter, gestione delle candidature pervenute attraverso il Sito, etc.<br \/>\nInoltre, con l\u2019ulteriore e specifico consenso facoltativo dell\u2019utente, Pendragon Game Studio potr\u00e0 trattare i dati personali per finalit\u00e0 di marketing, cio\u00e8 per inviare all\u2019utente materiale promozionale e\/o comunicazioni commerciali attinenti ai servizi della Societ\u00e0, presso i recapiti indicati, sia attraverso modalit\u00e0 e\/o mezzi di contatto tradizionali (quali, posta cartacea, telefonate con operatore, etc.) che automatizzati (quali, comunicazioni via internet, fax, e-mail, sms, applicazioni per dispositivi mobili quali smartphone e tablet -cd. APPS-, account di social network -ad es. via Facebook o Twitter-, telefonate con operatore automatico, etc.).<br \/>\nI dati personali sono trattati sia in forma cartacea che elettronica ed immessi nel sistema informativo aziendale nel pieno rispetto del Reg UE 2016\/679, compresi i profili di sicurezza e confidenzialit\u00e0 ed ispirandosi ai principi di correttezza e liceit\u00e0 di trattamento. In conformit\u00e0 al Reg UE 2016\/679i dati sono custoditi e conservati per il tempo necessario al raggiungimento delle finalit\u00e0 per i quali sono trattati e comunque per tutto il tempo in cui Lei decider\u00e0 di essere iscritto al nostro sito web.<\/p>\n<p>9. <strong>Sicurezza e qualit\u00e0 dei dati personali<\/strong><\/p>\n<p>Pendragon Game Studio si impegna a proteggere la sicurezza dei dati personali dell\u2019utente e rispetta le disposizioni in materia di sicurezza previste dalla normativa applicabile al fine di evitare perdite di dati, usi illegittimi o illeciti dei dati e accessi non autorizzati agli stessi, con particolare riferimento al Disciplinare Tecnico in materia di misure minime di sicurezza. Inoltre, i sistemi informativi e i programmi informatici utilizzati da Pendragon Game Studio sono configurati in modo da ridurre al minimo l\u2019uso di dati personali e identificativi; tali dati sono trattati solo per il conseguimento delle specifiche finalit\u00e0 di volta in volta perseguite. Pendragon Game Studio utilizza molteplici tecnologie avanzate di sicurezza e procedure atte a favorire la protezione dei dati personali degli utenti; ad esempio, i dati personali sono conservati su server sicuri ubicati in luoghi ad accesso protetto e controllato. L\u2019utente pu\u00f2 aiutare Pendragon Game Studio ad aggiornare e mantenere corretti i propri dati personali comunicando qualsiasi modifica relativa al proprio indirizzo, alla propria qualifica, alle informazioni di contatto, etc.<\/p>\n<p>10.<strong> Ambito di comunicazione e di accesso dei dati<\/strong><br \/>\nI dati personali dell\u2019utente potranno essere comunicati a:<\/p>\n<p>&#8211; tutti i soggetti cui la facolt\u00e0 di accesso a tali dati \u00e8 riconosciuta in forza di provvedimenti normativi;<br \/>\n&#8211; ai nostri collaboratori, dipendenti, nell&#8217;ambito delle relative mansioni;<br \/>\n&#8211; a tutte quelle persone fisiche e\/o giuridiche, pubbliche e\/o private quando la comunicazione risulti necessaria o funzionale allo svolgimento della nostra attivit\u00e0 e nei modi e per le finalit\u00e0 sopra illustrate;<\/p>\n<p>11. <strong>Natura di conferimento dei dati personali<\/strong><\/p>\n<p>Il conferimento di alcuni dati personali da parte dell\u2019utente \u00e8 obbligatorio per consentire alla Societ\u00e0 di gestire le comunicazioni, le richieste pervenute dall\u2019utente o per ricontattare l\u2019utente stesso per dar seguito alla sua richiesta. Questo tipo di dati sono contrassegnati dal simbolo asterisco [*] ed in tal caso il conferimento \u00e8 obbligatorio per consentire alla Societ\u00e0 di dar seguito alla richiesta che, in difetto, non potr\u00e0 essere evasa. Al contrario, la raccolta degli altri dati non contrassegnati dall\u2019asterisco \u00e8 facoltativa: il mancato conferimento non comporter\u00e0 alcuna conseguenza per l\u2019utente.<\/p>\n<p>Il conferimento dei dati personali da parte dell\u2019utente per finalit\u00e0 di marketing, come specificato nella sezione \u201cFinalit\u00e0 e modalit\u00e0 del trattamento\u201d \u00e8 facoltativo e il rifiuto di conferirli non avr\u00e0 alcuna conseguenza. Il consenso conferito per finalit\u00e0 di marketing si intende esteso all\u2019invio di comunicazioni effettuato attraverso modalit\u00e0 e\/o mezzi di contatto sia automatizzati che tradizionali, come sopra esemplificati.<\/p>\n<p>12. <strong>Diritti dell\u2019interessato<\/strong><\/p>\n<p>12.1 Art. 15 (diritto di accesso) , 16 (diritto di rettifica) del Reg. UE 2016\/679<\/p>\n<p>L&#8217;interessato ha il diritto di ottenere dal titolare del trattamento la conferma che sia o meno in corso un trattamento di dati personali che lo riguardano e in tal caso, di ottenere l&#8217;accesso ai dati personali e alle seguenti informazioni:<\/p>\n<p>a. le finalit\u00e0 del trattamento;<\/p>\n<p>b. le categorie di dati personali in questione;<\/p>\n<p>c. i destinatari o le categorie di destinatari a cui i dati personali sono stati o saranno comunicati, in particolare se destinatari di paesi terzi o organizzazioni internazionali;<\/p>\n<p>d. il periodo di conservazione dei dati personali previsto oppure, se non \u00e8 possibile, i criteri utilizzati per determinare tale periodo;<\/p>\n<p>e. l&#8217;esistenza del diritto dell&#8217;interessato di chiedere al titolare del trattamento la rettifica o la cancellazione dei dati personali o la limitazione del trattamento dei dati personali che lo riguardano o di opporsi al loro trattamento;<\/p>\n<p>f. il diritto di proporre reclamo a un&#8217;autorit\u00e0 di controllo;<\/p>\n<p>h. l&#8217;esistenza di un processo decisionale automatizzato, compresa la profilazione e, almeno in tali casi, informazioni significative sulla logica utilizzata, nonch\u00e9 l&#8217;importanza e le conseguenze previste di tale trattamento per l&#8217;interessato.<\/p>\n<p>12.2 Diritto di cui all\u2019art. 17 del Reg. UE 2016\/679 &#8211; diritto alla cancellazione (\u00abdiritto all&#8217;oblio\u00bb)<\/p>\n<p>L&#8217;interessato ha il diritto di ottenere dal titolare del trattamento la cancellazione dei dati personali che lo riguardano senza ingiustificato ritardo e il titolare del trattamento ha l&#8217;obbligo di cancellare senza ingiustificato ritardo i dati personali, se sussiste uno dei motivi seguenti:<br \/>\na. i dati personali non sono pi\u00f9 necessari rispetto alle finalit\u00e0 per le quali sono stati raccolti o altrimenti trattati;<\/p>\n<p>b) l&#8217;interessato revoca il consenso su cui si basa il trattamento conformemente all&#8217;articolo 6, paragrafo 1, lettera a), o all&#8217;articolo 9, paragrafo 2, lettera a), e se non sussiste altro fondamento giuridico per il trattamento;<\/p>\n<p>c. l&#8217;interessato si oppone al trattamento ai sensi dell&#8217;articolo 21, paragrafo 1, e non sussiste alcun motivo legittimo prevalente per procedere al trattamento, oppure si oppone al trattamento ai sensi dell&#8217;articolo 21, paragrafo 2;<\/p>\n<p>d. i dati personali sono stati trattati illecitamente;<\/p>\n<p>e. i dati personali devono essere cancellati per adempiere un obbligo legale previsto dal diritto dell&#8217;Unione o dello Stato membro cui \u00e8 soggetto il titolare del trattamento;<\/p>\n<p>f. i dati personali sono stati raccolti relativamente all&#8217;offerta di servizi della societ\u00e0 dell&#8217;informazione di cui all&#8217;articolo 8, paragrafo 1 del Reg. UE 2016\/679<\/p>\n<p>12.3 <strong>Diritto di cui all\u2019 art. 18 Diritto di limitazione di trattamento<\/strong><\/p>\n<p>L&#8217;interessato ha il diritto di ottenere dal titolare del trattamento la limitazione del trattamento quando ricorre una delle seguenti ipotesi:<\/p>\n<p>a. l&#8217;interessato contesta l&#8217;esattezza dei dati personali, per il periodo necessario al titolare del trattamento per verificare l&#8217;esattezza di tali dati personali;<\/p>\n<p>b. il trattamento \u00e8 illecito e l&#8217;interessato si oppone alla cancellazione dei dati personali e chiede invece che ne sia limitato l&#8217;utilizzo;<\/p>\n<p>c. bench\u00e9 il titolare del trattamento non ne abbia pi\u00f9 bisogno ai fini del trattamento, i dati personali sono necessari all&#8217;interessato per l&#8217;accertamento, l&#8217;esercizio o la difesa di un diritto in sede giudiziaria;<\/p>\n<p>d. l&#8217;interessato si \u00e8 opposto al trattamento ai sensi dell&#8217;articolo 21, paragrafo 1, Reg UE 2016\/679 in attesa della verifica in merito all&#8217;eventuale prevalenza dei motivi legittimi del titolare del trattamento rispetto a quelli dell&#8217;interessato.<\/p>\n<p>12.4 Diritto di cui all\u2019art.20 Diritto alla portabilit\u00e0 dei dati<\/p>\n<p>L&#8217;interessato ha il diritto di ricevere in un formato strutturato, di uso comune e leggibile da dispositivo automatico i dati personali che lo riguardano forniti a un titolare del trattamento e ha il diritto di trasmettere tali dati a un altro titolare del trattamento senza impedimenti da parte del titolare del trattamento<\/p>\n<p>13. <strong>Revoca del consenso al trattamento<\/strong><\/p>\n<p>L\u2019interessato facolt\u00e0 di revocare il consenso al trattamento dei Suoi dati personali, inviando una raccomandata A\/R al seguente indirizzo: Pendragon Game Studio srl VIA. Pattari nr 6, 20122 Milano (MI) corredato da fotocopia del suo documento di identit\u00e0, con il seguente testo: &lt;&lt;revoca del consenso al trattamento di tutti i miei dati personali&gt;&gt; ovvero tramite pec all\u2019indirizzo pendragongamestudio@gmail.com .Al termine di questa operazione i Suoi dati personali saranno rimossi dagli archivi nel pi\u00f9 breve tempo possibile.<\/p>\n<p>Se desidera avere maggiori informazioni sul trattamento dei Suoi dati personali, ovvero esercitare i diritti di cui al precedente punto 7, pu\u00f2 inviare una raccomandata A\/R al seguente indirizzo: Pendragon Game Studio VIA. Pattari nr 6, 20122 Milano (MI) corredato da fotocopia del suo documento di identit\u00e0, con il seguente testo: &lt;&lt;revoca del consenso al trattamento di tutti i miei dati personali&gt;&gt; ovvero tramite pec all\u2019indirizzo pendragongamestudio@gmail.com .Prima di poterLe fornire, o modificare qualsiasi informazione, potrebbe essere necessario verificare la Sua identit\u00e0 e rispondere ad alcune domande. Una risposta sar\u00e0 fornita al pi\u00f9 presto.<\/p>\n<\/div>[\/vc_column][\/vc_row]\n<\/div>","protected":false},"excerpt":{"rendered":"<p>[vc_row][vc_column width=&#8221;1\/1&#8243;][\/vc_column][\/vc_row]<\/p>\n","protected":false},"author":1,"featured_media":0,"parent":0,"menu_order":0,"comment_status":"closed","ping_status":"closed","template":"","meta":{"footnotes":""},"class_list":["post-12405","page","type-page","status-publish","hentry"],"_links":{"self":[{"href":"https:\/\/pendragongamestudio.com\/it\/wp-json\/wp\/v2\/pages\/12405","targetHints":{"allow":["GET"]}}],"collection":[{"href":"https:\/\/pendragongamestudio.com\/it\/wp-json\/wp\/v2\/pages"}],"about":[{"href":"https:\/\/pendragongamestudio.com\/it\/wp-json\/wp\/v2\/types\/page"}],"author":[{"embeddable":true,"href":"https:\/\/pendragongamestudio.com\/it\/wp-json\/wp\/v2\/users\/1"}],"replies":[{"embeddable":true,"href":"https:\/\/pendragongamestudio.com\/it\/wp-json\/wp\/v2\/comments?post=12405"}],"version-history":[{"count":3,"href":"https:\/\/pendragongamestudio.com\/it\/wp-json\/wp\/v2\/pages\/12405\/revisions"}],"predecessor-version":[{"id":12406,"href":"https:\/\/pendragongamestudio.com\/it\/wp-json\/wp\/v2\/pages\/12405\/revisions\/12406"}],"wp:attachment":[{"href":"https:\/\/pendragongamestudio.com\/it\/wp-json\/wp\/v2\/media?parent=12405"}],"curies":[{"name":"wp","href":"https:\/\/api.w.org\/{rel}","templated":true}]}}