{"id":124,"date":"2014-09-29T20:47:21","date_gmt":"2014-09-29T18:47:21","guid":{"rendered":"http:\/\/www.pendragongamestudio.com\/it\/?page_id=124"},"modified":"2017-04-05T12:51:30","modified_gmt":"2017-04-05T10:51:30","slug":"eventi","status":"publish","type":"page","link":"https:\/\/pendragongamestudio.com\/it\/eventi\/","title":{"rendered":"Eventi"},"content":{"rendered":"<div class=\"wpb-content-wrapper\">[vc_row][vc_column width=&#8221;1\/4&#8243;]<div class=\"wm-message color-gray size-small\"><h3 class=\"wm-message-title wm-message-element\">CAMPIONATO ITALIANO 2017<\/h3><div class=\"wm-message-content wm-message-element\"><a href=\"https:\/\/pendragongamestudio.com\/it\/wp-content\/uploads\/sites\/2\/2015\/01\/logo-coloni-imperiali.jpg\"><img loading=\"lazy\" decoding=\"async\" class=\"aligncenter wp-image-449 size-medium\" src=\"https:\/\/pendragongamestudio.com\/it\/wp-content\/uploads\/sites\/2\/2015\/01\/logo-coloni-imperiali-300x109.jpg\" alt=\"\" width=\"300\" height=\"109\" srcset=\"https:\/\/pendragongamestudio.com\/it\/wp-content\/uploads\/sites\/2\/2015\/01\/logo-coloni-imperiali-300x109.jpg 300w, https:\/\/pendragongamestudio.com\/it\/wp-content\/uploads\/sites\/2\/2015\/01\/logo-coloni-imperiali-520x190.jpg 520w, https:\/\/pendragongamestudio.com\/it\/wp-content\/uploads\/sites\/2\/2015\/01\/logo-coloni-imperiali.jpg 800w\" sizes=\"auto, (max-width: 300px) 100vw, 300px\" \/><\/a><\/p>\n<p>In collaborazione\u00a0con Portal Games, editore di Coloni Imperiali, Pendragon Game Studio organizza il Primo Campionato Nazionale di Coloni Imperiali.<\/p>\n<p>Il Campionato si svolger\u00e0 a tappe nei seguenti punti vendita autorizzati. Il vincitore di ogni tappa avr\u00e0 il diritto di partecipare alla finale che si svolger\u00e0 a Play Modena. Il primo Campione Italiano sar\u00e0 inviato a partecipare alla PortalCON, la convention dedicata ai giochi\u00a0della Portal Games in Polonia.<\/p>\n<p>Grosseto &#8211; Comix Caf\u00e9 &#8211; 5 Marzo &#8211; Tel.\u00a00564 077358<\/p>\n<p>Milano &#8211; Fantamagus Certosa &#8211;\u00a012\u00a0marzo &#8211; Tel.\u00a002 3349 0521<\/p>\n<p>Legnano &#8211; Quintadimensione &#8211; 15\u00a0Marzo &#8211; Tel.\u00a00331 455078<\/p>\n<p>Brescia &#8211; La grotta di Merlino &#8211; 18 marzo &#8211; Tel. 030 6186960<\/p>\n<p>Torino &#8211; Jolly Joker Game Cafe &#8211; 18 marzo &#8211; Tel. 011 6631707<\/p>\n<p>Genova &#8211; Zughemmo &#8211; 19 marzo \u00a0&#8211; Tel. 010 7492864<\/p>\n<p>Biella\u00a0&#8211; Il Folletto\u00a0&#8211; 24\u00a0marzo &#8211; Tel.\u00a0015 0990051<\/p>\n<p>Milano &#8211; Excalibur Games &#8211; 25 Marzo &#8211; Tel.\u00a002 83413592<\/p>\n<p>Trieste &#8211; Fantasylandia &#8211; 25 Marzo &#8211;\u00a0Tel.\u00a0040 766957<\/div><\/div><hr class=\"wm-divider type-line\" \/><div class=\"wm-message color-gray size-small\"><h3 class=\"wm-message-title wm-message-element\">ESSEN<\/h3><div class=\"wm-message-content wm-message-element\"><a href=\"https:\/\/pendragongamestudio.com\/it\/wp-content\/uploads\/sites\/2\/2014\/09\/spiel_essen.gif\"><img loading=\"lazy\" decoding=\"async\" class=\"aligncenter wp-image-192 size-full\" src=\"https:\/\/pendragongamestudio.com\/it\/wp-content\/uploads\/sites\/2\/2014\/09\/spiel_essen.gif\" alt=\"spiel_essen\" width=\"238\" height=\"118\" \/><\/a><\/p>\n<p><strong>13-16 OTTOBRE<\/strong><\/div><\/div><hr class=\"wm-divider type-line\" \/><div class=\"wm-message color-gray size-small\"><h3 class=\"wm-message-title wm-message-element\">VERONA<\/h3><div class=\"wm-message-content wm-message-element\"><a href=\"https:\/\/pendragongamestudio.com\/it\/wp-content\/uploads\/sites\/2\/2016\/05\/logo_modelexpoitaly.png\"><img loading=\"lazy\" decoding=\"async\" class=\"aligncenter wp-image-1772 size-full\" src=\"https:\/\/pendragongamestudio.com\/it\/wp-content\/uploads\/sites\/2\/2016\/05\/logo_modelexpoitaly.png\" alt=\"logo_modelexpoitaly\" width=\"165\" height=\"141\" \/><\/a><\/p>\n<p><strong>21-22 MAGGIO 2016<\/strong><\/div><\/div><hr class=\"wm-divider type-line\" \/><div class=\"wm-message color-gray size-small\"><h3 class=\"wm-message-title wm-message-element\">PENDRAGON GAME DAY<\/h3><div class=\"wm-message-content wm-message-element\"><strong><a href=\"https:\/\/pendragongamestudio.com\/it\/wp-content\/uploads\/sites\/2\/2014\/09\/logo_ex.jpg\"><img loading=\"lazy\" decoding=\"async\" class=\"aligncenter wp-image-1202 size-full\" src=\"https:\/\/pendragongamestudio.com\/it\/wp-content\/uploads\/sites\/2\/2014\/09\/logo_ex.jpg\" alt=\"logo_ex\" width=\"200\" height=\"200\" srcset=\"https:\/\/pendragongamestudio.com\/it\/wp-content\/uploads\/sites\/2\/2014\/09\/logo_ex.jpg 200w, https:\/\/pendragongamestudio.com\/it\/wp-content\/uploads\/sites\/2\/2014\/09\/logo_ex-150x150.jpg 150w, https:\/\/pendragongamestudio.com\/it\/wp-content\/uploads\/sites\/2\/2014\/09\/logo_ex-100x100.jpg 100w, https:\/\/pendragongamestudio.com\/it\/wp-content\/uploads\/sites\/2\/2014\/09\/logo_ex-180x180.jpg 180w\" sizes=\"auto, (max-width: 200px) 100vw, 200px\" \/><\/a><\/strong><\/p>\n<p><strong>18\u00a0OTTOBRE 2015<\/strong><\/div><\/div><hr class=\"wm-divider type-line\" \/><div class=\"wm-message color-gray size-small\"><h3 class=\"wm-message-title wm-message-element\">GIOCATORINO 2014<\/h3><div class=\"wm-message-content wm-message-element\">\n<h3><a href=\"https:\/\/pendragongamestudio.com\/it\/wp-content\/uploads\/sites\/2\/2014\/09\/300099_257489510940694_414135915_n.jpg\"><img loading=\"lazy\" decoding=\"async\" class=\" wp-image-326 aligncenter\" src=\"https:\/\/pendragongamestudio.com\/it\/wp-content\/uploads\/sites\/2\/2014\/09\/300099_257489510940694_414135915_n-300x223.jpg\" alt=\"300099_257489510940694_414135915_n\" width=\"243\" height=\"180\" srcset=\"https:\/\/pendragongamestudio.com\/it\/wp-content\/uploads\/sites\/2\/2014\/09\/300099_257489510940694_414135915_n-300x223.jpg 300w, https:\/\/pendragongamestudio.com\/it\/wp-content\/uploads\/sites\/2\/2014\/09\/300099_257489510940694_414135915_n-520x387.jpg 520w, https:\/\/pendragongamestudio.com\/it\/wp-content\/uploads\/sites\/2\/2014\/09\/300099_257489510940694_414135915_n.jpg 720w\" sizes=\"auto, (max-width: 243px) 100vw, 243px\" \/><\/a><\/h3>\n<p><strong>22-23\u00a0NOVEMBRE\u00a02014<\/strong><\/div><\/div><hr class=\"wm-divider type-line\" \/>[\/vc_column][vc_column width=&#8221;1\/4&#8243;]<div class=\"wm-message color-gray size-small\"><h3 class=\"wm-message-title wm-message-element\">TORINO<\/h3><div class=\"wm-message-content wm-message-element\"><a href=\"https:\/\/pendragongamestudio.com\/it\/wp-content\/uploads\/sites\/2\/2014\/09\/customLogo.gif-2.png\"><img loading=\"lazy\" decoding=\"async\" class=\"wp-image-487 size-full aligncenter\" src=\"https:\/\/pendragongamestudio.com\/it\/wp-content\/uploads\/sites\/2\/2014\/09\/customLogo.gif-2.png\" alt=\"\" width=\"150\" height=\"224\" \/><\/a><\/p>\n<p><strong>14-15 GENNAIO<\/strong><\/div><\/div><hr class=\"wm-divider type-line\" \/><div class=\"wm-message color-gray size-small\"><h3 class=\"wm-message-title wm-message-element\">BOLZANO<\/h3><div class=\"wm-message-content wm-message-element\"><a href=\"https:\/\/pendragongamestudio.com\/it\/wp-content\/uploads\/sites\/2\/2014\/09\/LOGO_dolasilla_.png\"><img loading=\"lazy\" decoding=\"async\" class=\"aligncenter wp-image-1831 size-medium\" src=\"https:\/\/pendragongamestudio.com\/it\/wp-content\/uploads\/sites\/2\/2014\/09\/LOGO_dolasilla_-300x120.png\" alt=\"LOGO_dolasilla_\" width=\"300\" height=\"120\" srcset=\"https:\/\/pendragongamestudio.com\/it\/wp-content\/uploads\/sites\/2\/2014\/09\/LOGO_dolasilla_-300x120.png 300w, https:\/\/pendragongamestudio.com\/it\/wp-content\/uploads\/sites\/2\/2014\/09\/LOGO_dolasilla_.png 322w\" sizes=\"auto, (max-width: 300px) 100vw, 300px\" \/><\/a><\/p>\n<p><strong>24-25 SETTEMBRE 2016<\/strong><\/div><\/div><hr class=\"wm-divider type-line\" \/><div class=\"wm-message color-gray size-small\"><h3 class=\"wm-message-title wm-message-element\">PLAY 2016<\/h3><div class=\"wm-message-content wm-message-element\"><a href=\"https:\/\/pendragongamestudio.com\/it\/wp-content\/uploads\/sites\/2\/2016\/02\/11162072_1044667542229210_3600993434174337692_n.jpg\"><img loading=\"lazy\" decoding=\"async\" class=\"aligncenter wp-image-1608 size-mobile\" src=\"https:\/\/pendragongamestudio.com\/it\/wp-content\/uploads\/sites\/2\/2016\/02\/11162072_1044667542229210_3600993434174337692_n-520x203.jpg\" alt=\"\" width=\"520\" height=\"203\" srcset=\"https:\/\/pendragongamestudio.com\/it\/wp-content\/uploads\/sites\/2\/2016\/02\/11162072_1044667542229210_3600993434174337692_n-520x203.jpg 520w, https:\/\/pendragongamestudio.com\/it\/wp-content\/uploads\/sites\/2\/2016\/02\/11162072_1044667542229210_3600993434174337692_n-300x117.jpg 300w, https:\/\/pendragongamestudio.com\/it\/wp-content\/uploads\/sites\/2\/2016\/02\/11162072_1044667542229210_3600993434174337692_n.jpg 960w\" sizes=\"auto, (max-width: 520px) 100vw, 520px\" \/><\/a><\/p>\n<p>&nbsp;<\/p>\n<p><strong>2-3 APRILE 2016<\/strong><\/p>\n<\/div><\/div><hr class=\"wm-divider type-line\" \/><div class=\"wm-message color-gray size-small\"><h3 class=\"wm-message-title wm-message-element\">PLAY 2015<\/h3><div class=\"wm-message-content wm-message-element\"><a href=\"https:\/\/pendragongamestudio.com\/it\/wp-content\/uploads\/sites\/2\/2014\/09\/marchio-play-modena-185x185.jpg\"><img loading=\"lazy\" decoding=\"async\" class=\"size-full wp-image-643 aligncenter\" src=\"https:\/\/pendragongamestudio.com\/it\/wp-content\/uploads\/sites\/2\/2014\/09\/marchio-play-modena-185x185.jpg\" alt=\"marchio-play-modena-185x185\" width=\"185\" height=\"185\" srcset=\"https:\/\/pendragongamestudio.com\/it\/wp-content\/uploads\/sites\/2\/2014\/09\/marchio-play-modena-185x185.jpg 185w, https:\/\/pendragongamestudio.com\/it\/wp-content\/uploads\/sites\/2\/2014\/09\/marchio-play-modena-185x185-150x150.jpg 150w, https:\/\/pendragongamestudio.com\/it\/wp-content\/uploads\/sites\/2\/2014\/09\/marchio-play-modena-185x185-100x100.jpg 100w\" sizes=\"auto, (max-width: 185px) 100vw, 185px\" \/><\/a><\/p>\n<p><strong>11-12\u00a0APRILE\u00a02015<\/strong><\/div><\/div><hr class=\"wm-divider type-line\" \/><div class=\"wm-message color-gray size-small\"><h3 class=\"wm-message-title wm-message-element\">PESARO IN GIOCO<\/h3><div class=\"wm-message-content wm-message-element\">\n<h3><\/h3>\n<p style=\"text-align: center;\"><strong><a href=\"https:\/\/pendragongamestudio.com\/it\/wp-content\/uploads\/sites\/2\/2014\/09\/10410380_10205311788419550_8092891970482627361_n.jpg\"><img loading=\"lazy\" decoding=\"async\" class=\"alignnone  wp-image-330\" src=\"https:\/\/pendragongamestudio.com\/it\/wp-content\/uploads\/sites\/2\/2014\/09\/10410380_10205311788419550_8092891970482627361_n-300x111.jpg\" alt=\"10410380_10205311788419550_8092891970482627361_n\" width=\"486\" height=\"180\" srcset=\"https:\/\/pendragongamestudio.com\/it\/wp-content\/uploads\/sites\/2\/2014\/09\/10410380_10205311788419550_8092891970482627361_n-300x111.jpg 300w, https:\/\/pendragongamestudio.com\/it\/wp-content\/uploads\/sites\/2\/2014\/09\/10410380_10205311788419550_8092891970482627361_n-520x192.jpg 520w, https:\/\/pendragongamestudio.com\/it\/wp-content\/uploads\/sites\/2\/2014\/09\/10410380_10205311788419550_8092891970482627361_n.jpg 851w\" sizes=\"auto, (max-width: 486px) 100vw, 486px\" \/><\/a><\/strong><\/p>\n<p style=\"text-align: left;\"><strong>16 NOVEMBRE 2014<\/strong><\/p>\n<\/div><\/div>[\/vc_column][vc_column width=&#8221;1\/4&#8243;]<div class=\"wm-message color-gray size-small\"><h3 class=\"wm-message-title wm-message-element\">PIACENZA<\/h3><div class=\"wm-message-content wm-message-element\"><a href=\"https:\/\/pendragongamestudio.com\/it\/wp-content\/uploads\/sites\/2\/2014\/09\/customLogo.gif-2.png\"><img loading=\"lazy\" decoding=\"async\" class=\"wp-image-487 size-full aligncenter\" src=\"https:\/\/pendragongamestudio.com\/it\/wp-content\/uploads\/sites\/2\/2014\/09\/customLogo.gif-2.png\" alt=\"\" width=\"150\" height=\"224\" \/><\/a><\/p>\n<p><strong>13 NOVEMBRE<\/strong><\/div><\/div><hr class=\"wm-divider type-line\" \/><div class=\"wm-message color-gray size-small\"><h3 class=\"wm-message-title wm-message-element\">ROMA<\/h3><div class=\"wm-message-content wm-message-element\"><strong><a href=\"https:\/\/pendragongamestudio.com\/it\/wp-content\/uploads\/sites\/2\/2016\/07\/asmodays2016.jpg\"><img loading=\"lazy\" decoding=\"async\" class=\"aligncenter wp-image-1981 size-medium\" src=\"https:\/\/pendragongamestudio.com\/it\/wp-content\/uploads\/sites\/2\/2016\/07\/asmodays2016-300x118.jpg\" alt=\"asmodays2016\" width=\"300\" height=\"118\" srcset=\"https:\/\/pendragongamestudio.com\/it\/wp-content\/uploads\/sites\/2\/2016\/07\/asmodays2016-300x118.jpg 300w, https:\/\/pendragongamestudio.com\/it\/wp-content\/uploads\/sites\/2\/2016\/07\/asmodays2016-520x206.jpg 520w, https:\/\/pendragongamestudio.com\/it\/wp-content\/uploads\/sites\/2\/2016\/07\/asmodays2016.jpg 580w\" sizes=\"auto, (max-width: 300px) 100vw, 300px\" \/><\/a><\/strong><\/p>\n<p><strong>10-11\u00a0SETTEMBRE 2016<\/strong><\/div><\/div><hr class=\"wm-divider type-line\" \/><div class=\"wm-message color-gray size-small\"><h3 class=\"wm-message-title wm-message-element\">LUCCA COMICS &amp; GAMES 2015<\/h3><div class=\"wm-message-content wm-message-element\"><a href=\"https:\/\/pendragongamestudio.com\/it\/wp-content\/uploads\/sites\/2\/2015\/10\/logo-lcg-2015.png\"><img loading=\"lazy\" decoding=\"async\" class=\"aligncenter wp-image-1192 size-full\" src=\"https:\/\/pendragongamestudio.com\/it\/wp-content\/uploads\/sites\/2\/2015\/10\/logo-lcg-2015.png\" alt=\"logo-lcg-2015\" width=\"190\" height=\"118\" \/><\/a><\/p>\n<p><strong>29 OTTOBRE\u00a0&#8211; 1\u00a0NOVEMBRE 2015<\/strong><\/div><\/div><hr class=\"wm-divider type-line\" \/><div class=\"wm-message color-gray size-small\"><h3 class=\"wm-message-title wm-message-element\">NOVA LUDICA 2015<\/h3><div class=\"wm-message-content wm-message-element\"><a href=\"https:\/\/pendragongamestudio.com\/it\/wp-content\/uploads\/sites\/2\/2015\/01\/Boardgameleague-logo.png\"><img loading=\"lazy\" decoding=\"async\" class=\"size-full wp-image-494 aligncenter\" src=\"https:\/\/pendragongamestudio.com\/it\/wp-content\/uploads\/sites\/2\/2015\/01\/Boardgameleague-logo.png\" alt=\"Boardgameleague logo\" width=\"160\" height=\"160\" srcset=\"https:\/\/pendragongamestudio.com\/it\/wp-content\/uploads\/sites\/2\/2015\/01\/Boardgameleague-logo.png 160w, https:\/\/pendragongamestudio.com\/it\/wp-content\/uploads\/sites\/2\/2015\/01\/Boardgameleague-logo-150x150.png 150w, https:\/\/pendragongamestudio.com\/it\/wp-content\/uploads\/sites\/2\/2015\/01\/Boardgameleague-logo-100x100.png 100w\" sizes=\"auto, (max-width: 160px) 100vw, 160px\" \/><\/a><\/p>\n<p><strong>29 MARZO\u00a02015<\/strong><\/div><\/div><hr class=\"wm-divider type-line\" \/><div class=\"wm-message color-gray size-small\"><h3 class=\"wm-message-title wm-message-element\">ESSEN SPIELE 2014<\/h3><div class=\"wm-message-content wm-message-element\">\n<h3><a href=\"https:\/\/pendragongamestudio.com\/it\/wp-content\/uploads\/sites\/2\/2014\/09\/spiel_essen.gif\"><img loading=\"lazy\" decoding=\"async\" class=\" wp-image-192 aligncenter\" src=\"https:\/\/pendragongamestudio.com\/it\/wp-content\/uploads\/sites\/2\/2014\/09\/spiel_essen.gif\" alt=\"spiel_essen\" width=\"363\" height=\"180\" \/><\/a><\/h3>\n<h3><\/h3>\n<p><strong>16-19 OTTOBRE 2014<\/strong><\/div><\/div>[\/vc_column][vc_column width=&#8221;1\/4&#8243;]<div class=\"wm-message color-gray size-small\"><h3 class=\"wm-message-title wm-message-element\">LUCCA<\/h3><div class=\"wm-message-content wm-message-element\"><a href=\"https:\/\/pendragongamestudio.com\/it\/wp-content\/uploads\/sites\/2\/2014\/09\/logo-lcg-2016.png\"><img loading=\"lazy\" decoding=\"async\" class=\"aligncenter wp-image-2058 size-full\" src=\"https:\/\/pendragongamestudio.com\/it\/wp-content\/uploads\/sites\/2\/2014\/09\/logo-lcg-2016.png\" alt=\"logo-lcg-2016\" width=\"271\" height=\"159\" \/><\/a><\/p>\n<p><strong>29 OTTOBRE 1 NOVEMBRE<\/strong><\/div><\/div><hr class=\"wm-divider type-line\" \/><div class=\"wm-message color-gray size-small\"><h3 class=\"wm-message-title wm-message-element\">FERRARA<\/h3><div class=\"wm-message-content wm-message-element\"><strong><a href=\"https:\/\/pendragongamestudio.com\/it\/wp-content\/uploads\/sites\/2\/2014\/09\/logo-2.jpg\"><img loading=\"lazy\" decoding=\"async\" class=\"aligncenter wp-image-1868 size-full\" src=\"https:\/\/pendragongamestudio.com\/it\/wp-content\/uploads\/sites\/2\/2014\/09\/logo-2.jpg\" alt=\"logo-2\" width=\"269\" height=\"107\" \/><\/a><\/strong><\/p>\n<p><strong>18-19\u00a0GIUGNO 2016<\/strong><\/div><\/div><hr class=\"wm-divider type-line\" \/><div class=\"wm-message color-gray size-small\"><h3 class=\"wm-message-title wm-message-element\">PENDRAGON GAME NIGHT<\/h3><div class=\"wm-message-content wm-message-element\"><strong><a href=\"https:\/\/pendragongamestudio.com\/it\/wp-content\/uploads\/sites\/2\/2014\/09\/11705797_10153092702902124_1098753737503664288_o.jpg\"><img loading=\"lazy\" decoding=\"async\" class=\"aligncenter wp-image-1208 size-medium\" src=\"https:\/\/pendragongamestudio.com\/it\/wp-content\/uploads\/sites\/2\/2014\/09\/11705797_10153092702902124_1098753737503664288_o-300x100.jpg\" alt=\"11705797_10153092702902124_1098753737503664288_o\" width=\"300\" height=\"100\" srcset=\"https:\/\/pendragongamestudio.com\/it\/wp-content\/uploads\/sites\/2\/2014\/09\/11705797_10153092702902124_1098753737503664288_o-300x100.jpg 300w, https:\/\/pendragongamestudio.com\/it\/wp-content\/uploads\/sites\/2\/2014\/09\/11705797_10153092702902124_1098753737503664288_o-1024x341.jpg 1024w, https:\/\/pendragongamestudio.com\/it\/wp-content\/uploads\/sites\/2\/2014\/09\/11705797_10153092702902124_1098753737503664288_o-1200x400.jpg 1200w, https:\/\/pendragongamestudio.com\/it\/wp-content\/uploads\/sites\/2\/2014\/09\/11705797_10153092702902124_1098753737503664288_o-520x173.jpg 520w, https:\/\/pendragongamestudio.com\/it\/wp-content\/uploads\/sites\/2\/2014\/09\/11705797_10153092702902124_1098753737503664288_o.jpg 1920w\" sizes=\"auto, (max-width: 300px) 100vw, 300px\" \/><\/a><\/strong><\/p>\n<p><strong>23\u00a0OTTOBRE 2015<\/strong><\/div><\/div><hr class=\"wm-divider type-line\" \/><div class=\"wm-message color-gray size-small\"><h3 class=\"wm-message-title wm-message-element\">IDEAG 2015<\/h3><div class=\"wm-message-content wm-message-element\"><strong><a href=\"https:\/\/pendragongamestudio.com\/it\/wp-content\/uploads\/sites\/2\/2014\/09\/customLogo.gif-2.png\"><img loading=\"lazy\" decoding=\"async\" class=\"size-full wp-image-487 aligncenter\" src=\"https:\/\/pendragongamestudio.com\/it\/wp-content\/uploads\/sites\/2\/2014\/09\/customLogo.gif-2.png\" alt=\"customLogo.gif-2\" width=\"150\" height=\"224\" \/><\/a><\/strong><\/p>\n<p><strong>17-18 GENNAIO 2015<\/strong><\/div><\/div><hr class=\"wm-divider type-line\" \/><div class=\"wm-message color-gray size-small\"><h3 class=\"wm-message-title wm-message-element\">INCONTRO AL DADO GIALLO CLUB<\/h3><div class=\"wm-message-content wm-message-element\"><strong><a href=\"https:\/\/pendragongamestudio.com\/it\/wp-content\/uploads\/sites\/2\/2014\/09\/295935_10150336083027767_1823107489_n.jpg\"><img loading=\"lazy\" decoding=\"async\" class=\"size-full wp-image-397 aligncenter\" src=\"https:\/\/pendragongamestudio.com\/it\/wp-content\/uploads\/sites\/2\/2014\/09\/295935_10150336083027767_1823107489_n.jpg\" alt=\"295935_10150336083027767_1823107489_n\" width=\"160\" height=\"160\" srcset=\"https:\/\/pendragongamestudio.com\/it\/wp-content\/uploads\/sites\/2\/2014\/09\/295935_10150336083027767_1823107489_n.jpg 160w, https:\/\/pendragongamestudio.com\/it\/wp-content\/uploads\/sites\/2\/2014\/09\/295935_10150336083027767_1823107489_n-150x150.jpg 150w, https:\/\/pendragongamestudio.com\/it\/wp-content\/uploads\/sites\/2\/2014\/09\/295935_10150336083027767_1823107489_n-100x100.jpg 100w\" sizes=\"auto, (max-width: 160px) 100vw, 160px\" \/><\/a>7 DICEMBRE 2014<\/strong><\/div><\/div>[\/vc_column][\/vc_row]\n<\/div>","protected":false},"excerpt":{"rendered":"<p>[vc_row][vc_column width=&#8221;1\/4&#8243;][\/vc_column][vc_column width=&#8221;1\/4&#8243;][\/vc_column][vc_column width=&#8221;1\/4&#8243;][\/vc_column][vc_column width=&#8221;1\/4&#8243;][\/vc_column][\/vc_row]<\/p>\n","protected":false},"author":1,"featured_media":0,"parent":0,"menu_order":0,"comment_status":"open","ping_status":"open","template":"","meta":{"footnotes":""},"class_list":["post-124","page","type-page","status-publish","hentry"],"_links":{"self":[{"href":"https:\/\/pendragongamestudio.com\/it\/wp-json\/wp\/v2\/pages\/124","targetHints":{"allow":["GET"]}}],"collection":[{"href":"https:\/\/pendragongamestudio.com\/it\/wp-json\/wp\/v2\/pages"}],"about":[{"href":"https:\/\/pendragongamestudio.com\/it\/wp-json\/wp\/v2\/types\/page"}],"author":[{"embeddable":true,"href":"https:\/\/pendragongamestudio.com\/it\/wp-json\/wp\/v2\/users\/1"}],"replies":[{"embeddable":true,"href":"https:\/\/pendragongamestudio.com\/it\/wp-json\/wp\/v2\/comments?post=124"}],"version-history":[{"count":45,"href":"https:\/\/pendragongamestudio.com\/it\/wp-json\/wp\/v2\/pages\/124\/revisions"}],"predecessor-version":[{"id":2436,"href":"https:\/\/pendragongamestudio.com\/it\/wp-json\/wp\/v2\/pages\/124\/revisions\/2436"}],"wp:attachment":[{"href":"https:\/\/pendragongamestudio.com\/it\/wp-json\/wp\/v2\/media?parent=124"}],"curies":[{"name":"wp","href":"https:\/\/api.w.org\/{rel}","templated":true}]}}